{"id":1441,"date":"2017-12-26T11:34:51","date_gmt":"2017-12-26T11:34:51","guid":{"rendered":"https:\/\/bylebron.com\/?page_id=1441"},"modified":"2018-04-20T13:08:27","modified_gmt":"2018-04-20T13:08:27","slug":"productos","status":"publish","type":"page","link":"https:\/\/bylebron.com\/de\/productos\/","title":{"rendered":"Productos"},"content":{"rendered":"<div class=\"wpb-content-wrapper\"><p>[vc_row bg_type=&#8220;image&#8220; parallax_style=&#8220;vcpb-default&#8220; bg_image_new=&#8220;id^1998|url^https:\/\/bylebron.com\/wp-content\/uploads\/2017\/12\/MG_1119retocada.jpg|caption^null|alt^null|title^_MG_1119retocada|description^null&#8220; bg_image_repeat=&#8220;no-repeat&#8220; bg_image_posiiton=&#8220;center 0px&#8220; dt_id=&#8220;about&#8220; dt_padding_top=&#8220;100&#8243; dt_padding_bottom=&#8220;100&#8243;][vc_column][vc_row_inner el_id=&#8220;productos&#8220; css=&#8220;.vc_custom_1524229700750{padding-bottom: 395px !important;background-position: center !important;background-repeat: no-repeat !important;background-size: cover !important;}&#8220;][vc_column_inner][dt-space height=&#8220;80&#8243;][\/vc_column_inner][\/vc_row_inner][\/vc_column][\/vc_row][vc_row dt_no_mb=&#8220;no-margin&#8220; dt_color_opacity=&#8220;70&#8243; dt_padding_bottom=&#8220;40&#8243;][vc_column css=&#8220;.vc_custom_1524223472606{margin-top: 30px !important;border-top-width: 0px !important;}&#8220;][vc_row_inner][vc_column_inner css_animation=&#8220;bottom-to-top&#8220; css=&#8220;.vc_custom_1524223523160{margin-top: 30px !important;margin-bottom: 30px !important;}&#8220;][ultimate_heading main_heading_color=&#8220;#3f3f3f&#8220; sub_heading_color=&#8220;#3f3f3f&#8220; spacer=&#8220;line_only&#8220; spacer_position=&#8220;bottom&#8220; line_height=&#8220;2.5&#8243; line_color=&#8220;#2096c9&#8243; line_width=&#8220;120&#8243; main_heading_font_size=&#8220;desktop:38px;&#8220; sub_heading_font_size=&#8220;desktop:38px;&#8220; spacer_margin=&#8220;margin-top:20px;&#8220;]PRODUCTOS[\/ultimate_heading][dt-space height=&#8220;10&#8243;][vc_column_text css=&#8220;.vc_custom_1522764264086{margin-top: 30px !important;margin-right: 60px !important;margin-bottom: 30px !important;margin-left: 60px !important;}&#8220;]<\/p>\n<div class=\"page\" title=\"Page 3\">\n<div class=\"layoutArea\">\n<div class=\"column\">\n<p style=\"text-align: left;\">En By Lebron u\u0301nicamente fabricamos chalecos de electroestimulacio\u0301n de calidad premium hechos 100% en Espan\u0303a. Todos y cada uno de los materiales utilizados han sido estudiados y analizados por nuestro equipo de I+D+i para alcanzar unos esta\u0301ndares de resistencia y durabilidad superiores. Trabajamos siempre con calidades y maquinaria de u\u0301ltima tecnologi\u0301a cuidando cada detalle: patronaje y tallaje para ambos sexos, colores y logos en tachuelas.<\/p>\n<p style=\"text-align: left;\">Nuestra larga trayectoria y experiencia junto a nuestro afa\u0301n de superacio\u0301n nos ha llevado a crear y patentar un nuevo tejido o\u0301ptimo para la electroestimulacio\u0301n: Flex Body Technology. Un material exclusivo que nos permite tener los chalecos ma\u0301s ligeros, resistentes y duraderos del mercado.<\/p>\n<p style=\"text-align: left;\">Bajo la marca By Lebron ofrecemos dos modelos de chalecos que responden a distintas necesidades para satisfacer a todo tipo de cliente: Zeus y Vulcano.<br \/>\nAdema\u0301s fabricamos un tercer chaleco de ma\u0301xima calidad, realizado en neopreno y con patro\u0301n y tallaje unisex enfocado a aquellos clientes que quieren estampar su firma en su propio chaleco.<\/p>\n<\/div>\n<\/div>\n<\/div>\n<div class=\"page\" title=\"Page 4\">\n<div class=\"layoutArea\">\n<div class=\"column\">\n<p style=\"text-align: left;\">Todos nuestros modelos de chaleco esta\u0301n disen\u0303ados para adaptarse a todo tipo de ma\u0301quinas. Ofrecemos adema\u0301s la posibilidad de incluir el cableado desarrollado por nuestro departamento electro\u0301nico. Utilizamos siempre cableado ligero, flexible y resistente a las sesiones.<\/p>\n<\/div>\n<\/div>\n<\/div>\n<p>[\/vc_column_text][\/vc_column_inner][\/vc_row_inner][dt-space height=&#8220;50&#8243;][\/vc_column][\/vc_row][vc_row][vc_column width=&#8220;1\/2&#8243;][vc_single_image image=&#8220;657&#8243; img_size=&#8220;400px 400px&#8220; alignment=&#8220;center&#8220;][ultimate_heading main_heading_color=&#8220;#3f3f3f&#8220; heading_tag=&#8220;h3&#8243; sub_heading_color=&#8220;#3f3f3f&#8220; main_heading_font_size=&#8220;desktop:30px;&#8220; sub_heading_font_size=&#8220;desktop:30px;&#8220;]MADE IN SPAIN<\/p>\n<p>[\/ultimate_heading][vc_column_text css=&#8220;.vc_custom_1521455423039{padding-right: 20px !important;padding-left: 20px !important;}&#8220;]<\/p>\n<p style=\"text-align: center;\">Todos y cada uno de los procesos\u00a0de fabricaci\u00f3n de nuestros trajes de electroestimulaci\u00f3n se realizan 100% en Espa\u00f1a<\/p>\n<p>[\/vc_column_text][\/vc_column][vc_column width=&#8220;1\/2&#8243;][vc_single_image image=&#8220;655&#8243; img_size=&#8220;400px 400px&#8220; alignment=&#8220;center&#8220;][ultimate_heading main_heading_color=&#8220;#3f3f3f&#8220; heading_tag=&#8220;h3&#8243; sub_heading_color=&#8220;#3f3f3f&#8220; main_heading_font_size=&#8220;desktop:30px;&#8220; sub_heading_font_size=&#8220;desktop:30px;&#8220;]PATENTE CONCEDIDA<\/p>\n<p>[\/ultimate_heading][vc_column_text css=&#8220;.vc_custom_1521455398226{padding-right: 20px !important;padding-left: 20px !important;}&#8220;]<\/p>\n<div class=\"page\" title=\"Page 4\">\n<div class=\"layoutArea\">\n<div class=\"column\">\n<p style=\"text-align: center;\">Flex Body Technology es un tejido u\u0301nico de cara\u0301cter exclusivo desarrollado especialmente por y para By Lebron.<\/p>\n<\/div>\n<\/div>\n<\/div>\n<p>[\/vc_column_text][\/vc_column][\/vc_row][vc_row][vc_column][vc_empty_space][dt-space height=&#8220;100&#8243;][\/vc_column][\/vc_row][vc_row][vc_column width=&#8220;1\/2&#8243;][vc_single_image image=&#8220;2062&#8243; img_size=&#8220;400px 400px&#8220; alignment=&#8220;center&#8220;][ultimate_heading main_heading_color=&#8220;#3f3f3f&#8220; heading_tag=&#8220;h3&#8243; sub_heading_color=&#8220;#3f3f3f&#8220; main_heading_font_size=&#8220;desktop:30px;&#8220; sub_heading_font_size=&#8220;desktop:30px;&#8220;]FLEX BODY TECHNOLOGY<\/p>\n<p>[\/ultimate_heading][vc_column_text css=&#8220;.vc_custom_1521455409784{padding-right: 20px !important;padding-left: 20px !important;}&#8220;]<\/p>\n<div class=\"page\" title=\"Page 4\">\n<div class=\"layoutArea\">\n<div class=\"column\">\n<p style=\"text-align: center;\">El tejido de nuestros chalecos es el resultado de un potente trabajo de I+D+i para obtener la resistencia, adaptabilidad y elasticidad o\u0301ptimas.<\/p>\n<\/div>\n<\/div>\n<\/div>\n<p>[\/vc_column_text][\/vc_column][vc_column width=&#8220;1\/2&#8243;][vc_single_image image=&#8220;2278&#8243; img_size=&#8220;400px 400px&#8220; alignment=&#8220;center&#8220;][ultimate_heading main_heading_color=&#8220;#3f3f3f&#8220; heading_tag=&#8220;h3&#8243; sub_heading_color=&#8220;#3f3f3f&#8220; main_heading_font_size=&#8220;desktop:30px;&#8220; sub_heading_font_size=&#8220;desktop:30px;&#8220;]TU FIRMA<\/p>\n<p>[\/ultimate_heading][vc_column_text css=&#8220;.vc_custom_1523221496557{padding-right: 20px !important;padding-left: 20px !important;}&#8220;]<\/p>\n<p style=\"text-align: center;\">Fabricamos un tercer chaleco de m\u00e1xima calidad realizado en neopreno, con patr\u00f3n y tallaje unisex, enfocado a clientes que quieran estampar su firma<\/p>\n<p>[\/vc_column_text][\/vc_column][\/vc_row][vc_row][vc_column][vc_empty_space height=&#8220;60px&#8220;][dt-space height=&#8220;100&#8243;][\/vc_column][\/vc_row]<\/p>\n<\/div>","protected":false},"excerpt":{"rendered":"<p>[vc_row bg_type=&#8220;image&#8220; parallax_style=&#8220;vcpb-default&#8220; bg_image_new=&#8220;id^1998|url^https:\/\/bylebron.com\/wp-content\/uploads\/2017\/12\/MG_1119retocada.jpg|caption^null|alt^null|title^_MG_1119retocada|description^null&#8220; bg_image_repeat=&#8220;no-repeat&#8220; bg_image_posiiton=&#8220;center 0px&#8220; dt_id=&#8220;about&#8220; dt_padding_top=&#8220;100&#8243; dt_padding_bottom=&#8220;100&#8243;][vc_column][vc_row_inner el_id=&#8220;productos&#8220; css=&#8220;.vc_custom_1524229700750{padding-bottom: 395px !important;background-position: center !important;background-repeat: no-repeat !important;background-size: cover !important;}&#8220;][vc_column_inner][dt-space height=&#8220;80&#8243;][\/vc_column_inner][\/vc_row_inner][\/vc_column][\/vc_row][vc_row dt_no_mb=&#8220;no-margin&#8220; dt_color_opacity=&#8220;70&#8243; dt_padding_bottom=&#8220;40&#8243;][vc_column css=&#8220;.vc_custom_1524223472606{margin-top: 30px !important;border-top-width: 0px !important;}&#8220;][vc_row_inner][vc_column_inner css_animation=&#8220;bottom-to-top&#8220; css=&#8220;.vc_custom_1524223523160{margin-top: 30px !important;margin-bottom: 30px !important;}&#8220;][ultimate_heading main_heading_color=&#8220;#3f3f3f&#8220; sub_heading_color=&#8220;#3f3f3f&#8220; spacer=&#8220;line_only&#8220; spacer_position=&#8220;bottom&#8220; line_height=&#8220;2.5&#8243; line_color=&#8220;#2096c9&#8243; line_width=&#8220;120&#8243; main_heading_font_size=&#8220;desktop:38px;&#8220; sub_heading_font_size=&#8220;desktop:38px;&#8220; spacer_margin=&#8220;margin-top:20px;&#8220;]PRODUCTOS[\/ultimate_heading][dt-space height=&#8220;10&#8243;][vc_column_text css=&#8220;.vc_custom_1522764264086{margin-top: 30px !important;margin-right: 60px !important;margin-bottom: 30px !important;margin-left: 60px !important;}&#8220;]<br \/><a href=\"https:\/\/bylebron.com\/de\/productos\/\" class=\"more\">Read more<\/a><\/p>\n","protected":false},"author":1,"featured_media":0,"parent":0,"menu_order":0,"comment_status":"closed","ping_status":"closed","template":"template-homepage.php","meta":{"footnotes":""},"class_list":["post-1441","page","type-page","status-publish","hentry"],"_links":{"self":[{"href":"https:\/\/bylebron.com\/de\/wp-json\/wp\/v2\/pages\/1441","targetHints":{"allow":["GET"]}}],"collection":[{"href":"https:\/\/bylebron.com\/de\/wp-json\/wp\/v2\/pages"}],"about":[{"href":"https:\/\/bylebron.com\/de\/wp-json\/wp\/v2\/types\/page"}],"author":[{"embeddable":true,"href":"https:\/\/bylebron.com\/de\/wp-json\/wp\/v2\/users\/1"}],"replies":[{"embeddable":true,"href":"https:\/\/bylebron.com\/de\/wp-json\/wp\/v2\/comments?post=1441"}],"version-history":[{"count":107,"href":"https:\/\/bylebron.com\/de\/wp-json\/wp\/v2\/pages\/1441\/revisions"}],"predecessor-version":[{"id":2510,"href":"https:\/\/bylebron.com\/de\/wp-json\/wp\/v2\/pages\/1441\/revisions\/2510"}],"wp:attachment":[{"href":"https:\/\/bylebron.com\/de\/wp-json\/wp\/v2\/media?parent=1441"}],"curies":[{"name":"wp","href":"https:\/\/api.w.org\/{rel}","templated":true}]}}