{"id":2592,"date":"2018-08-06T10:59:06","date_gmt":"2018-08-06T10:59:06","guid":{"rendered":"https:\/\/bylebron.com\/?page_id=2592"},"modified":"2025-03-21T10:10:47","modified_gmt":"2025-03-21T09:10:47","slug":"electroestimulacion","status":"publish","type":"page","link":"https:\/\/bylebron.com\/de\/electroestimulacion\/","title":{"rendered":"Elektrostimulation"},"content":{"rendered":"<div class=\"wpb-content-wrapper\"><p>[vc_row type=&#8220;full-width-content&#8220; parallax_background=&#8220;&#8220; css=&#8220;.vc_custom_1535985290327{margin-bottom: 0px !important;padding-top: 7% !important;padding-right: 20% !important;padding-bottom: 8% !important;padding-left: 20% !important;background: #f2f2f2 url(https:\/\/bylebron.com\/wp-content\/uploads\/2018\/08\/cabecera-bylebron.png?id=2854) !important;background-position: center !important;background-repeat: no-repeat !important;background-size: cover !important;}&#8220; font_color=&#8220;#f9f9f9&#8243;][vc_column][vc_custom_heading text=&#8220;Produkte&#8220; font_container=&#8220;tag:h2|font_size:30|text_align:center|color:%23ffffff|line_height:45px&#8220; google_fonts=&#8220;font_family:Playfair%20Display%3Aregular%2Citalic%2C700%2C700italic%2C900%2C900italic|font_style:400%20regular%3A400%3Anormal&#8220; el_class=&#8220;strong_colored letterspacing-2&#8243; css=&#8220;.vc_custom_1540032979611{margin-bottom: 23px !important;}&#8220;][\/vc_column][\/vc_row][vc_row type=&#8220;full-width-content&#8220; parallax_background=&#8220;&#8220; css=&#8220;.vc_custom_1535975856822{margin-bottom: 0px !important;padding-top: 5% !important;padding-right: 5% !important;padding-bottom: 5% !important;padding-left: 5% !important;background-color: #f2f2f2 !important;background-position: center !important;background-repeat: no-repeat !important;background-size: cover !important;}&#8220; font_color=&#8220;#8c8c8c&#8220;][vc_column][vc_column_text font_size=&#8220;18&#8243;]<\/p>\n<p style=\"text-align: center;\">Wir kommen zu einem ganz besonderen Zeitpunkt, und zwar wenn die EMS-Welt nach Ver\u00e4nderung schreit. Fachleute und Nutzer werden durch die Limitierung und die Kosten erstickt, die von der Firma auferlegt werden, bei der sie die Ausr\u00fcstung bisher gekauft haben. Sie suchen nach anderen M\u00f6glichkeiten, ihre Westen zu erneuern, ohne dass dies den Kauf einer neuen Maschine bedeutet.<\/p>\n<p style=\"text-align: center;\">Alle unsere Bem\u00fchungen sorgen f\u00fcr die volle Kundenzufriedenheit, da wir die Haltbarkeit von Elektrostimulationswesten, die bisher von anderen Marken hergestellt wurden, erh\u00f6hen. Dieses Projekt entsteht aus dem Wissen, das wir \u00fcber die Bed\u00fcrfnisse unserer Kunden sch\u00e4tzen, und ist so konzipiert, dass alle unsere Artikel miteinander kompatibel sind. Auf diese Weise personalisiert der Profi nicht nur die Session, sondern auch das Team, mit dem der Endbenutzer arbeiten wird.<\/p>\n<p>[\/vc_column_text][\/vc_column][\/vc_row][vc_row type=&#8220;full-width-content&#8220; parallax_background=&#8220;&#8220; css=&#8220;.vc_custom_1534935916204{margin-bottom: 0px !important;background-color: #4f4f4f !important;}&#8220; font_color=&#8220;#ffffff&#8220;][vc_column width=&#8220;1\/3&#8243; animation=&#8220;rda_flipInY&#8220; css=&#8220;.vc_custom_1534935877459{padding-top: 8% !important;padding-right: 5% !important;padding-bottom: 8% !important;padding-left: 10% !important;background-image: url(https:\/\/bylebron.com\/wp-content\/uploads\/2018\/08\/mini_Tren-superior.jpg?id=2661) !important;background-position: center !important;background-repeat: no-repeat !important;background-size: cover !important;}&#8220; font_color=&#8220;#ffffff&#8220; el_class=&#8220;bloques-electroestimulacion&#8220;][vc_custom_heading text=&#8220;Elektrostimulation&#8220; font_container=&#8220;tag:h3|font_size:16|text_align:left|color:%23ffffff|line_height:24px&#8220; google_fonts=&#8220;font_family:Playfair%20Display%3Aregular%2Citalic%2C700%2C700italic%2C900%2C900italic|font_style:400%20regular%3A400%3Anormal&#8220; css=&#8220;.vc_custom_1540033202880{margin-bottom: 5px !important;}&#8220; el_class=&#8220;letterspacing-1&#8243;][vc_custom_heading text=&#8220;OBERER ZUG&#8220; font_container=&#8220;tag:h2|font_size:24|text_align:left|color:%23ffffff|line_height:32px&#8220; google_fonts=&#8220;font_family:Raleway%3A100%2C200%2C300%2Cregular%2C500%2C600%2C700%2C800%2C900|font_style:900%20bold%20regular%3A900%3Anormal&#8220; css=&#8220;.vc_custom_1540033228812{margin-bottom: 10px !important;}&#8220; el_class=&#8220;text_uppercase letterspacing-2-5&#8243;]<style type=\"text\/css\" >#l_41qcc0tw7wh6gnkaioze{width:50px;}#l_41qcc0tw7wh6gnkaioze.sc_line ,#l_41qcc0tw7wh6gnkaioze .sc_line {border-top:3px solid #ffffff;}#l_41qcc0tw7wh6gnkaioze {margin:3px 0 12px 0; padding:0;}<\/style><div class=\"clearfix\"><\/div><div id=\"l_41qcc0tw7wh6gnkaioze\"  class=\"sc_line rd_line_bold\" ><\/div>[vc_empty_space height=&#8220;42px&#8220;]<style type=\"text\/css\" >#b_tn53wgks3ber9ttcifpu a{color:#ffffff; background:rgba(255,255,255,0.01); border-style:solid; border-color:#ffffff; margin-top:0px; margin-bottom:0px;  margin-left:0px; margin-right:0px; font-weight:900; border-radius:0px;}#b_tn53wgks3ber9ttcifpu a:hover{color:#ffffff ; background:#0089e2 ; border-color:#0089e2;}<\/style><div class=\"ta_left tf_btn_pos\" id=\"b_tn53wgks3ber9ttcifpu\" ><a class=\"rd_stroke_bt smallmedium_rd_bt border_1px  bt_icon_right   \" href=\"\/electroestimulacion\/\/tren-superior\" target=\"\"   ><span>Siehe mehr<\/span><i class=\"elg-arrow_right\" ><\/i><\/a><\/div><style type=\"text\/css\" >#b_tn53wgks3ber9ttcifpu i {color:#ffffff;}#b_tn53wgks3ber9ttcifpu a:hover i{color:#ffffff;}<\/style><style type='text\/css'> @font-face{font-family: 'elg'; src:url('https:\/\/bylebron.com\/wp-content\/themes\/thefox\/includes\/4k-icons\/icons\/4k-icons-pack02\/icons\/fonts\/elg.eot'); src:url('https:\/\/bylebron.com\/wp-content\/themes\/thefox\/includes\/4k-icons\/icons\/4k-icons-pack02\/icons\/fonts\/elg.eot?#iefix') format('embedded-opentype'), url('https:\/\/bylebron.com\/wp-content\/themes\/thefox\/includes\/4k-icons\/icons\/4k-icons-pack02\/icons\/fonts\/elg.woff') format('woff'), url('https:\/\/bylebron.com\/wp-content\/themes\/thefox\/includes\/4k-icons\/icons\/4k-icons-pack02\/icons\/fonts\/elg.ttf') format('truetype'), url('https:\/\/bylebron.com\/wp-content\/themes\/thefox\/includes\/4k-icons\/icons\/4k-icons-pack02\/icons\/fonts\/elg.svg#oi') format('svg'); font-weight: normal; font-style: normal;}#b_tn53wgks3ber9ttcifpu .elg-arrow_right:before{font-family: 'elg'; font-weight: normal; font-style: normal;}#b_tn53wgks3ber9ttcifpu .elg-arrow_right:before{content: \"\\24\";}<\/style>\n[\/vc_column][vc_column width=&#8220;1\/3&#8243; animation=&#8220;rda_flipInY&#8220; css=&#8220;.vc_custom_1534935882362{padding-top: 8% !important;padding-right: 5% !important;padding-bottom: 8% !important;padding-left: 5% !important;background-image: url(https:\/\/bylebron.com\/wp-content\/uploads\/2018\/08\/mini_Tren-inferior.jpg?id=2660) !important;background-position: center !important;background-repeat: no-repeat !important;background-size: cover !important;}&#8220; font_color=&#8220;#ffffff&#8220; el_class=&#8220;bloques-electroestimulacion&#8220;][vc_custom_heading text=&#8220;Elektrostimulation&#8220; font_container=&#8220;tag:h3|font_size:16|text_align:left|color:%23ffffff|line_height:24px&#8220; google_fonts=&#8220;font_family:Playfair%20Display%3Aregular%2Citalic%2C700%2C700italic%2C900%2C900italic|font_style:400%20regular%3A400%3Anormal&#8220; css=&#8220;.vc_custom_1540033209123{margin-bottom: 5px !important;}&#8220; el_class=&#8220;letterspacing-1&#8243;][vc_custom_heading text=&#8220;UNTERER ZUG&#8220; font_container=&#8220;tag:h2|font_size:24|text_align:left|color:%23ffffff|line_height:32px&#8220; google_fonts=&#8220;font_family:Raleway%3A100%2C200%2C300%2Cregular%2C500%2C600%2C700%2C800%2C900|font_style:900%20bold%20regular%3A900%3Anormal&#8220; css=&#8220;.vc_custom_1540033251804{margin-bottom: 10px !important;}&#8220; el_class=&#8220;text_uppercase letterspacing-2-5&#8243;]<style type=\"text\/css\" >#l_e0ltu6rfaz72ceqdafv3{width:50px;}#l_e0ltu6rfaz72ceqdafv3.sc_line ,#l_e0ltu6rfaz72ceqdafv3 .sc_line {border-top:3px solid #ffffff;}#l_e0ltu6rfaz72ceqdafv3 {margin:3px 0 12px 0; padding:0;}<\/style><div class=\"clearfix\"><\/div><div id=\"l_e0ltu6rfaz72ceqdafv3\"  class=\"sc_line rd_line_bold\" ><\/div>[vc_empty_space height=&#8220;42px&#8220;]<style type=\"text\/css\" >#b_0s39rrb0kric5n7tr2em a{color:#ffffff; background:rgba(255,255,255,0.01); border-style:solid; border-color:#ffffff; margin-top:0px; margin-bottom:0px;  margin-left:0px; margin-right:0px; font-weight:900; border-radius:0px;}#b_0s39rrb0kric5n7tr2em a:hover{color:#ffffff ; background:#0089e2 ; border-color:#0089e2;}<\/style><div class=\"ta_left tf_btn_pos\" id=\"b_0s39rrb0kric5n7tr2em\" ><a class=\"rd_stroke_bt smallmedium_rd_bt border_1px  bt_icon_right   \" href=\"\/electroestimulacion\/\/tren-inferior\" target=\"\"   ><span>Siehe mehr<\/span><i class=\"elg-arrow_right\" ><\/i><\/a><\/div><style type=\"text\/css\" >#b_0s39rrb0kric5n7tr2em i {color:#ffffff;}#b_0s39rrb0kric5n7tr2em a:hover i{color:#ffffff;}<\/style><style type='text\/css'> @font-face{font-family: 'elg'; src:url('https:\/\/bylebron.com\/wp-content\/themes\/thefox\/includes\/4k-icons\/icons\/4k-icons-pack02\/icons\/fonts\/elg.eot'); src:url('https:\/\/bylebron.com\/wp-content\/themes\/thefox\/includes\/4k-icons\/icons\/4k-icons-pack02\/icons\/fonts\/elg.eot?#iefix') format('embedded-opentype'), url('https:\/\/bylebron.com\/wp-content\/themes\/thefox\/includes\/4k-icons\/icons\/4k-icons-pack02\/icons\/fonts\/elg.woff') format('woff'), url('https:\/\/bylebron.com\/wp-content\/themes\/thefox\/includes\/4k-icons\/icons\/4k-icons-pack02\/icons\/fonts\/elg.ttf') format('truetype'), url('https:\/\/bylebron.com\/wp-content\/themes\/thefox\/includes\/4k-icons\/icons\/4k-icons-pack02\/icons\/fonts\/elg.svg#oi') format('svg'); font-weight: normal; font-style: normal;}#b_0s39rrb0kric5n7tr2em .elg-arrow_right:before{font-family: 'elg'; font-weight: normal; font-style: normal;}#b_0s39rrb0kric5n7tr2em .elg-arrow_right:before{content: \"\\24\";}<\/style>\n[\/vc_column][vc_column width=&#8220;1\/3&#8243; animation=&#8220;rda_flipInY&#8220; css=&#8220;.vc_custom_1534935897234{padding-top: 8% !important;padding-right: 5% !important;padding-bottom: 8% !important;padding-left: 5% !important;background-image: url(https:\/\/bylebron.com\/wp-content\/uploads\/2018\/08\/mini_Accesorios.jpg?id=2659) !important;background-position: center !important;background-repeat: no-repeat !important;background-size: cover !important;}&#8220; font_color=&#8220;#ffffff&#8220; el_class=&#8220;bloques-electroestimulacion&#8220;][vc_custom_heading text=&#8220;Elektrostimulation&#8220; font_container=&#8220;tag:h3|font_size:16|text_align:left|color:%23ffffff|line_height:24px&#8220; google_fonts=&#8220;font_family:Playfair%20Display%3Aregular%2Citalic%2C700%2C700italic%2C900%2C900italic|font_style:400%20regular%3A400%3Anormal&#8220; css=&#8220;.vc_custom_1540033214455{margin-bottom: 5px !important;}&#8220; el_class=&#8220;letterspacing-1&#8243;][vc_custom_heading text=&#8220;ZUBEH\u00d6R&#8220; font_container=&#8220;tag:h2|font_size:24|text_align:left|color:%23ffffff|line_height:32px&#8220; google_fonts=&#8220;font_family:Raleway%3A100%2C200%2C300%2Cregular%2C500%2C600%2C700%2C800%2C900|font_style:900%20bold%20regular%3A900%3Anormal&#8220; css=&#8220;.vc_custom_1540033274140{margin-bottom: 10px !important;}&#8220; el_class=&#8220;text_uppercase letterspacing-2-5&#8243;]<style type=\"text\/css\" >#l_6nh90h1s7exflk5rxyob{width:50px;}#l_6nh90h1s7exflk5rxyob.sc_line ,#l_6nh90h1s7exflk5rxyob .sc_line {border-top:3px solid #ffffff;}#l_6nh90h1s7exflk5rxyob {margin:3px 0 12px 0; padding:0;}<\/style><div class=\"clearfix\"><\/div><div id=\"l_6nh90h1s7exflk5rxyob\"  class=\"sc_line rd_line_bold\" ><\/div>[vc_empty_space height=&#8220;42px&#8220;]<style type=\"text\/css\" >#b_du6u1icvdo5dtfa6t3hd a{color:#ffffff; background:rgba(255,255,255,0.01); border-style:solid; border-color:#ffffff; margin-top:0px; margin-bottom:0px;  margin-left:0px; margin-right:0px; font-weight:900; border-radius:0px;}#b_du6u1icvdo5dtfa6t3hd a:hover{color:#ffffff ; background:#0089e2 ; border-color:#0089e2;}<\/style><div class=\"ta_left tf_btn_pos\" id=\"b_du6u1icvdo5dtfa6t3hd\" ><a class=\"rd_stroke_bt smallmedium_rd_bt border_1px  bt_icon_right   \" href=\"\/electroestimulacion\/accesorios\" target=\"\"   ><span>Siehe mehr<\/span><i class=\"elg-arrow_right\" ><\/i><\/a><\/div><style type=\"text\/css\" >#b_du6u1icvdo5dtfa6t3hd i {color:#ffffff;}#b_du6u1icvdo5dtfa6t3hd a:hover i{color:#ffffff;}<\/style><style type='text\/css'> @font-face{font-family: 'elg'; src:url('https:\/\/bylebron.com\/wp-content\/themes\/thefox\/includes\/4k-icons\/icons\/4k-icons-pack02\/icons\/fonts\/elg.eot'); src:url('https:\/\/bylebron.com\/wp-content\/themes\/thefox\/includes\/4k-icons\/icons\/4k-icons-pack02\/icons\/fonts\/elg.eot?#iefix') format('embedded-opentype'), url('https:\/\/bylebron.com\/wp-content\/themes\/thefox\/includes\/4k-icons\/icons\/4k-icons-pack02\/icons\/fonts\/elg.woff') format('woff'), url('https:\/\/bylebron.com\/wp-content\/themes\/thefox\/includes\/4k-icons\/icons\/4k-icons-pack02\/icons\/fonts\/elg.ttf') format('truetype'), url('https:\/\/bylebron.com\/wp-content\/themes\/thefox\/includes\/4k-icons\/icons\/4k-icons-pack02\/icons\/fonts\/elg.svg#oi') format('svg'); font-weight: normal; font-style: normal;}#b_du6u1icvdo5dtfa6t3hd .elg-arrow_right:before{font-family: 'elg'; font-weight: normal; font-style: normal;}#b_du6u1icvdo5dtfa6t3hd .elg-arrow_right:before{content: \"\\24\";}<\/style>\n[\/vc_column][\/vc_row][vc_row type=&#8220;full-width-content&#8220; parallax_background=&#8220;&#8220; css=&#8220;.vc_custom_1536061199558{margin-bottom: 0px !important;padding-top: 2% !important;padding-right: 20% !important;padding-bottom: 2% !important;padding-left: 20% !important;background-position: center !important;background-repeat: no-repeat !important;background-size: cover !important;}&#8220; font_color=&#8220;#999999&#8243;][vc_column][vc_custom_heading text=&#8220;Patentiertes Gewebe<\/p>\n<p>Flex Body Technology \u00ae&#8220; font_container=&#8220;tag:h2|font_size:24|text_align:center|color:%239b9b9b|line_height:45px&#8220; use_theme_fonts=&#8220;yes&#8220; el_class=&#8220;strong_colored letterspacing-2&#8243; css=&#8220;.vc_custom_1540033192843{margin-bottom: 23px !important;}&#8220;]<style type=\"text\/css\" >#l_wuw4t7tjdsn31kuboryj{width:50px;}#l_wuw4t7tjdsn31kuboryj.sc_line ,#l_wuw4t7tjdsn31kuboryj .sc_line {border-top:3px solid #f2f2f2;}#l_wuw4t7tjdsn31kuboryj.sc_line ,#l_wuw4t7tjdsn31kuboryj .sc_line{margin-left:auto!important; margin-right:auto!important;}#l_wuw4t7tjdsn31kuboryj {margin:0px 0 px 0; padding:0;}<\/style><div class=\"clearfix\"><\/div><div id=\"l_wuw4t7tjdsn31kuboryj\"  class=\"sc_line rd_line_bold\" ><\/div>[\/vc_column][\/vc_row][vc_row type=&#8220;full-width-content&#8220; equal_height=&#8220;yes&#8220; parallax_background=&#8220;&#8220; css=&#8220;.vc_custom_1536061168750{margin-bottom: 0px !important;background-position: center !important;background-repeat: no-repeat !important;background-size: contain !important;}&#8220;][vc_column width=&#8220;1\/2&#8243; css=&#8220;.vc_custom_1536061067809{padding-right: 5% !important;padding-left: 5% !important;background-color: #2f2933 !important;background-position: center !important;background-repeat: no-repeat !important;background-size: cover !important;}&#8220;][vc_row_inner content_placement=&#8220;middle&#8220; css=&#8220;.vc_custom_1533555621204{padding-top: 60px !important;padding-right: 60px !important;padding-left: 60px !important;}&#8220;][vc_column_inner][vc_column_text]<\/p>\n<div class=\"wpb_text_column wpb_content_element ct_377h1foimwcs1eql0clz\">\n<div class=\"wpb_wrapper\">\n<p>Dank unseres Gewebes Flex Body Technology\u00ae sind wir in der Lage, einzigartige Funktionen f\u00fcr die EMS-Praxis anzubieten, die dem Benutzer die beste Leistung bei jeder Anwendung bieten.<\/p>\n<p>Dar\u00fcber hinaus passen wir jede unserer Elektrostimulationswesten &#8211; f\u00fcr M\u00e4nner, Frauen und Unisex &#8211; an Ihre Bed\u00fcrfnisse an und verleihen ihnen den Wert unserer exklusiven und innovativen Designs. Weil die Anwendung von EMS ein effizientes Sporttraining sein sollte, aber nicht im Widerspruch zu Stil und Eleganz stehen muss. Aus diesem Grund bieten wir auch verschiedene Gr\u00f6\u00dfen f\u00fcr eine optimale Anpassungsf\u00e4higkeit an jede Silhouette an.<\/p>\n<\/div>\n<\/div>\n<p>[\/vc_column_text]<style type=\"text\/css\" >#l_z32b2guzupgpmsb5r8yj{width:50px;}#l_z32b2guzupgpmsb5r8yj.sc_line ,#l_z32b2guzupgpmsb5r8yj .sc_line {border-top:3px solid #f2f2f2;}#l_z32b2guzupgpmsb5r8yj.sc_line ,#l_z32b2guzupgpmsb5r8yj .sc_line{margin-left:auto!important; margin-right:auto!important;}#l_z32b2guzupgpmsb5r8yj {margin:0px 0 px 0; padding:0;}<\/style><div class=\"clearfix\"><\/div><div id=\"l_z32b2guzupgpmsb5r8yj\"  class=\"sc_line rd_line_bold\" ><\/div>[vc_empty_space height=&#8220;42px&#8220;]<style type=\"text\/css\" >#b_ft2humdr5h9bbeuwn2ju a{color:#ffffff; background:#0089e2; margin-top:0px; margin-bottom:0px;  margin-left:0px; margin-right:0px; font-weight:900; border-radius:10px;}#b_ft2humdr5h9bbeuwn2ju a:hover{color:#0089e2 ; background:rgba(4,139,226,0.16) ;}<\/style><div class=\"ta_left tf_btn_pos\" id=\"b_ft2humdr5h9bbeuwn2ju\" ><a class=\"rd_normal_bt medium_rd_bt rda_fadeInDown \" href=\"\/tejido-flex-body-technology\/\" target=\"\"   >mehr Informationen<\/a><\/div>[\/vc_column_inner][\/vc_row_inner][\/vc_column][vc_column width=&#8220;1\/2&#8243; css=&#8220;.vc_custom_1535974820543{background-position: center !important;background-repeat: no-repeat !important;background-size: cover !important;}&#8220;][vc_row_inner][vc_column_inner css=&#8220;.vc_custom_1535975147327{padding-top: 70% !important;background-image: url(https:\/\/bylebron.com\/wp-content\/uploads\/2018\/08\/Tejido-Flex-Body-Technology.jpg?id=2975) !important;background-position: center !important;background-repeat: no-repeat !important;background-size: cover !important;}&#8220;][\/vc_column_inner][\/vc_row_inner][\/vc_column][\/vc_row][vc_row type=&#8220;full-width-section&#8220; css=&#8220;.vc_custom_1536061304979{margin-bottom: 0px !important;padding-top: 80px !important;padding-bottom: 80px !important;background-color: #0089e2 !important;}&#8220; font_color=&#8220;#ffffff&#8220; parallax_background=&#8220;&#8220;][vc_column][vc_custom_heading text=&#8220;Informieren Sie sich \u00fcber unsere Preise&#8220; font_container=&#8220;tag:h2|font_size:36|text_align:center|color:%23ffffff|line_height:40px&#8220; google_fonts=&#8220;font_family:Lato%3A100%2C100italic%2C300%2C300italic%2Cregular%2Citalic%2C700%2C700italic%2C900%2C900italic|font_style:300%20light%20regular%3A300%3Anormal&#8220; css=&#8220;.vc_custom_1540033100208{margin-bottom: 10px !important;}&#8220;][vc_custom_heading text=&#8220;Wir arbeiten mit den besten Materialien&#8220; font_container=&#8220;tag:h3|font_size:22|text_align:center|color:%23ffffff|line_height:30px&#8220; google_fonts=&#8220;font_family:Lato%3A100%2C100italic%2C300%2C300italic%2Cregular%2Citalic%2C700%2C700italic%2C900%2C900italic|font_style:300%20light%20regular%3A300%3Anormal&#8220; css=&#8220;.vc_custom_1540033112290{margin-bottom: 35px !important;}&#8220;]<style type=\"text\/css\" >#b_fqd9873spvphb38r217f a{color:#ffffff; background:rgba(255,255,255,0.01); border-style:solid; border-color:#ffffff; margin-top:0px; margin-bottom:0px;  margin-left:0px; margin-right:0px; font-weight:500; border-radius:5px;}#b_fqd9873spvphb38r217f a:hover{color:#ffffff ; background:#0f0000 ; border-color:#0f0000;}<\/style><div class=\"ta_center tf_btn_pos\" id=\"b_fqd9873spvphb38r217f\" ><a class=\"rd_stroke_bt smallmedium_rd_bt border_1px rda_fadeInUp \" href=\"\/contacto\/\" target=\"yes\"   >Kontaktieren Sie uns<\/a><\/div>[\/vc_column][\/vc_row][vc_column width=&#8220;1\/2&#8243; css=&#8220;.vc_custom_1431702659457{padding-top: 40px !important;}&#8220;][\/vc_column]<\/p>\n<\/div>","protected":false},"excerpt":{"rendered":"<p>[vc_row type=&#8220;full-width-content&#8220; parallax_background=&#8220;&#8220; css=&#8220;.vc_custom_1535985290327{margin-bottom: 0px !important;padding-top: 7% !important;padding-right: 20% !important;padding-bottom: 8% !important;padding-left: 20% !important;background: #f2f2f2 url(https:\/\/bylebron.com\/wp-content\/uploads\/2018\/08\/cabecera-bylebron.png?id=2854) !important;background-position: center !important;background-repeat: no-repeat !important;background-size: cover !important;}&#8220; font_color=&#8220;#f9f9f9&#8243;][vc_column][vc_custom_heading text=&#8220;Produkte&#8220; font_container=&#8220;tag:h2|font_size:30|text_align:center|color:%23ffffff|line_height:45px&#8220; google_fonts=&#8220;font_family:Playfair%20Display%3Aregular%2Citalic%2C700%2C700italic%2C900%2C900italic|font_style:400%20regular%3A400%3Anormal&#8220; el_class=&#8220;strong_colored letterspacing-2&#8243; css=&#8220;.vc_custom_1540032979611{margin-bottom: 23px !important;}&#8220;][\/vc_column][\/vc_row][vc_row type=&#8220;full-width-content&#8220; parallax_background=&#8220;&#8220; css=&#8220;.vc_custom_1535975856822{margin-bottom: 0px !important;padding-top: 5% !important;padding-right: 5% !important;padding-bottom: 5% !important;padding-left: 5% !important;background-color: #f2f2f2 !important;background-position: center !important;background-repeat: no-repeat !important;background-size: cover !important;}&#8220; font_color=&#8220;#8c8c8c&#8220;][vc_column][vc_column_text font_size=&#8220;18&#8243;]<br \/><a href=\"https:\/\/bylebron.com\/de\/electroestimulacion\/\" class=\"more\">Read more<\/a><\/p>\n","protected":false},"author":4,"featured_media":0,"parent":0,"menu_order":0,"comment_status":"closed","ping_status":"closed","template":"","meta":{"footnotes":""},"class_list":["post-2592","page","type-page","status-publish","hentry"],"_links":{"self":[{"href":"https:\/\/bylebron.com\/de\/wp-json\/wp\/v2\/pages\/2592","targetHints":{"allow":["GET"]}}],"collection":[{"href":"https:\/\/bylebron.com\/de\/wp-json\/wp\/v2\/pages"}],"about":[{"href":"https:\/\/bylebron.com\/de\/wp-json\/wp\/v2\/types\/page"}],"author":[{"embeddable":true,"href":"https:\/\/bylebron.com\/de\/wp-json\/wp\/v2\/users\/4"}],"replies":[{"embeddable":true,"href":"https:\/\/bylebron.com\/de\/wp-json\/wp\/v2\/comments?post=2592"}],"version-history":[{"count":172,"href":"https:\/\/bylebron.com\/de\/wp-json\/wp\/v2\/pages\/2592\/revisions"}],"predecessor-version":[{"id":5924,"href":"https:\/\/bylebron.com\/de\/wp-json\/wp\/v2\/pages\/2592\/revisions\/5924"}],"wp:attachment":[{"href":"https:\/\/bylebron.com\/de\/wp-json\/wp\/v2\/media?parent=2592"}],"curies":[{"name":"wp","href":"https:\/\/api.w.org\/{rel}","templated":true}]}}