{"id":2606,"date":"2018-08-06T11:05:52","date_gmt":"2018-08-06T11:05:52","guid":{"rendered":"https:\/\/bylebron.com\/?page_id=2606"},"modified":"2022-12-14T12:00:35","modified_gmt":"2022-12-14T11:00:35","slug":"tejido-flex-body-technology","status":"publish","type":"page","link":"https:\/\/bylebron.com\/de\/tejido-flex-body-technology\/","title":{"rendered":"Flex Body Technology \u00ae Gewebe"},"content":{"rendered":"<div class=\"wpb-content-wrapper\"><p>[vc_row type=&#8220;full-width-content&#8220; overlay=&#8220;1&#8243; overlay_color=&#8220;rgba(0,0,0,0.18)&#8220; enable_overlay=&#8220;enable_overlay_value&#8220; parallax_background=&#8220;&#8220; css=&#8220;.vc_custom_1536234495549{margin-bottom: 0px !important;padding-top: 10% !important;padding-right: 20% !important;padding-bottom: 6% !important;padding-left: 20% !important;background: rgba(2,2,2,0.47) url(https:\/\/bylebron.com\/wp-content\/uploads\/2018\/09\/cabecera-flex.jpg?id=3461) !important;background-position: center !important;background-repeat: no-repeat !important;background-size: cover !important;*background-color: rgb(2,2,2) !important;}&#8220;][vc_column][vc_custom_heading text=&#8220;<strong>Flex Body Technology \u00ae<\/strong><br \/>\nDie ADN von ByLebron&#8220; font_container=&#8220;tag:h1|font_size:24|text_align:right|color:%23ffffff|line_height:45px&#8220; google_fonts=&#8220;font_family:Playfair%20Display%3Aregular%2Citalic%2C700%2C700italic%2C900%2C900italic|font_style:400%20regular%3A400%3Anormal&#8220; el_class=&#8220;strong_colored letterspacing-2&#8243; css=&#8220;.vc_custom_1540035006573{margin-bottom: 23px !important;}&#8220;]<style type=\"text\/css\" >#l_bklerb9vqyrtudbekypm{width:50px;}#l_bklerb9vqyrtudbekypm.sc_line ,#l_bklerb9vqyrtudbekypm .sc_line {border-top:3px solid #a1b1bc;}#l_bklerb9vqyrtudbekypm.sc_line ,#l_bklerb9vqyrtudbekypm .sc_line{margin-left:auto!important;}#l_bklerb9vqyrtudbekypm {margin:0px 0 23px 0; padding:0;}<\/style><div class=\"clearfix\"><\/div><div id=\"l_bklerb9vqyrtudbekypm\"  class=\"sc_line rd_line_bold\" ><\/div>[vc_empty_space][\/vc_column][\/vc_row][vc_row parallax_background=&#8220;&#8220; css=&#8220;.vc_custom_1535047309106{margin-bottom: 0px !important;padding-top: 50px !important;}&#8220;][vc_column width=&#8220;1\/2&#8243;][vc_empty_space height=&#8220;55px&#8220;][vc_column_text font_size=&#8220;20&#8243; line_height=&#8220;30&#8243; animation=&#8220;rda_bounceInLeft&#8220;]<strong>Flex Body Technology\u00ae<\/strong> ist ein einzigartiger, von <strong>ByLebron patentierter Stoff<\/strong>, der den Bereich der EMS-Westen revolutioniert hat.<\/p>\n<p>Wir haben daran gearbeitet, Gummi zu eliminieren und leichte, atmungsaktive Elektrostimulationswesten f\u00fcr ein effizienteres Training herzustellen.<\/p>\n<p>In Verbindung mit ihrer Flexibilit\u00e4t haben wir erreicht, dass sie vollst\u00e4ndig am K\u00f6rper haften, so dass die Elektroden mit maximaler Leistung arbeiten k\u00f6nnen.[\/vc_column_text]<style type=\"text\/css\" >#l_w97xdnn61rkvc2sdwzuz{width:50px;}#l_w97xdnn61rkvc2sdwzuz.sc_line ,#l_w97xdnn61rkvc2sdwzuz .sc_line {border-top:3px solid #a1b1bc;}#l_w97xdnn61rkvc2sdwzuz.sc_line ,#l_w97xdnn61rkvc2sdwzuz .sc_line{margin-left:auto!important; margin-right:auto!important;}#l_w97xdnn61rkvc2sdwzuz {margin:0px 0 23px 0; padding:0;}<\/style><div class=\"clearfix\"><\/div><div id=\"l_w97xdnn61rkvc2sdwzuz\"  class=\"sc_line rd_line_bold\" ><\/div>[\/vc_column][vc_column width=&#8220;1\/2&#8243;][vc_single_image image=&#8220;3065&#8243; img_size=&#8220;400&#215;525&#8243; style=&#8220;vc_box_rounded&#8220; animation=&#8220;rda_bounceInRight&#8220;][\/vc_column][\/vc_row][vc_row parallax_background=&#8220;&#8220; css=&#8220;.vc_custom_1535048510746{margin-bottom: 0px !important;padding-top: 50px !important;background-color: #ffffff !important;}&#8220;][vc_column][vc_custom_heading text=&#8220;Hauptmerkmale der Flex Body Technology \u00ae&#8220; font_container=&#8220;tag:h2|text_align:center|color:%230089e2&#8243; use_theme_fonts=&#8220;yes&#8220;]<style type=\"text\/css\" >#l_0mz2v9cubbp47gdjdv6e{width:50px;}#l_0mz2v9cubbp47gdjdv6e.sc_line ,#l_0mz2v9cubbp47gdjdv6e .sc_line {border-top:3px solid #a1b1bc;}#l_0mz2v9cubbp47gdjdv6e.sc_line ,#l_0mz2v9cubbp47gdjdv6e .sc_line{margin-left:auto!important; margin-right:auto!important;}#l_0mz2v9cubbp47gdjdv6e {margin:0px 0 23px 0; padding:0;}<\/style><div class=\"clearfix\"><\/div><div id=\"l_0mz2v9cubbp47gdjdv6e\"  class=\"sc_line rd_line_bold\" ><\/div>[\/vc_column][\/vc_row][vc_row][vc_column width=&#8220;1\/4&#8243; css=&#8220;.vc_custom_1535048476546{margin-top: 3% !important;}&#8220;][vc_column_text]<\/p>\n<h3><strong>Atmungsaktiv<\/strong><\/h3>\n<p>Alle unsere Kleidungsst\u00fccke sind so konzipiert, dass sie maximalen Komfort beim Sport bieten und Schwei\u00dfbildung verhindern.[\/vc_column_text][vc_column_text]<\/p>\n<h3><strong>Waschbar<\/strong><\/h3>\n<p>Das Gewebe ist waschbest\u00e4ndig und gew\u00e4hrleistet so bei allen Anz\u00fcgen eine umfassende Hygiene.[\/vc_column_text][vc_column_text]<\/p>\n<h3><strong>Super flexibel<\/strong><\/h3>\n<p>Dank der Elastizit\u00e4t der Flex Body Technology \u00ae, ist das Equipment kein Problem, alle Workouts durchzuf\u00fchren, Sie k\u00f6nnen ohne Einschr\u00e4nkungen Sport treiben.[\/vc_column_text][\/vc_column][vc_column width=&#8220;1\/2&#8243;][vc_single_image image=&#8220;3263&#8243; img_size=&#8220;full&#8220;][\/vc_column][vc_column width=&#8220;1\/4&#8243;][vc_column_text]<\/p>\n<h3><strong>Widerstandsf\u00e4hig<\/strong><\/h3>\n<p>Die Qualit\u00e4t der von uns verwendeten Rohstoffe und die Sorgfalt im Herstellungsprozess machen sie zu einer Investition mit Zukunft.[\/vc_column_text][vc_column_text]<\/p>\n<h3><strong>Leicht<\/strong><\/h3>\n<p>Die Materialien, aus denen unsere EMS-Westen bestehen, verhindern ein zus\u00e4tzliches Gewicht beim Training.[\/vc_column_text][vc_column_text]<\/p>\n<h3><strong>Isolierung<\/strong><\/h3>\n<p>Das Gewebe Flex Body Technology \u00ae, mit dem jedes unserer Produkte hergestellt wird, wurde entwickelt, um Ihre Sicherheit zu gew\u00e4hrleisten und zu verhindern, dass Elektrodenentladungen die Trainingst\u00e4tigkeiten unterbrechen.[\/vc_column_text][vc_column_text]<\/p>\n<h3><strong>\u00d6kologischer Klebstoff<\/strong><\/h3>\n<p>Die Elektrostimulation steht nicht im Widerspruch zur Nachhaltigkeit, bei ByLebron verwenden wir \u00f6kologischen Klebstoff, der die Qualit\u00e4t aller unserer Produkte verbessert.[\/vc_column_text][\/vc_column][\/vc_row][vc_column width=&#8220;1\/2&#8243; css=&#8220;.vc_custom_1431702659457{padding-top: 40px !important;}&#8220;][\/vc_column]<\/p>\n<\/div>","protected":false},"excerpt":{"rendered":"<p>[vc_row type=&#8220;full-width-content&#8220; overlay=&#8220;1&#8243; overlay_color=&#8220;rgba(0,0,0,0.18)&#8220; enable_overlay=&#8220;enable_overlay_value&#8220; parallax_background=&#8220;&#8220; css=&#8220;.vc_custom_1536234495549{margin-bottom: 0px !important;padding-top: 10% !important;padding-right: 20% !important;padding-bottom: 6% !important;padding-left: 20% !important;background: rgba(2,2,2,0.47) url(https:\/\/bylebron.com\/wp-content\/uploads\/2018\/09\/cabecera-flex.jpg?id=3461) !important;background-position: center !important;background-repeat: no-repeat !important;background-size: cover !important;*background-color: rgb(2,2,2) !important;}&#8220;][vc_column][vc_custom_heading text=&#8220;Flex Body Technology \u00ae Die ADN von ByLebron&#8220; font_container=&#8220;tag:h1|font_size:24|text_align:right|color:%23ffffff|line_height:45px&#8220; google_fonts=&#8220;font_family:Playfair%20Display%3Aregular%2Citalic%2C700%2C700italic%2C900%2C900italic|font_style:400%20regular%3A400%3Anormal&#8220; el_class=&#8220;strong_colored letterspacing-2&#8243; css=&#8220;.vc_custom_1540035006573{margin-bottom: 23px !important;}&#8220;][vc_empty_space][\/vc_column][\/vc_row][vc_row parallax_background=&#8220;&#8220; css=&#8220;.vc_custom_1535047309106{margin-bottom: 0px !important;padding-top: 50px !important;}&#8220;][vc_column width=&#8220;1\/2&#8243;][vc_empty_space height=&#8220;55px&#8220;][vc_column_text font_size=&#8220;20&#8243; line_height=&#8220;30&#8243; animation=&#8220;rda_bounceInLeft&#8220;]Flex Body<br \/><a href=\"https:\/\/bylebron.com\/de\/tejido-flex-body-technology\/\" class=\"more\">Read more<\/a><\/p>\n","protected":false},"author":4,"featured_media":0,"parent":0,"menu_order":0,"comment_status":"closed","ping_status":"closed","template":"","meta":{"footnotes":""},"class_list":["post-2606","page","type-page","status-publish","hentry"],"_links":{"self":[{"href":"https:\/\/bylebron.com\/de\/wp-json\/wp\/v2\/pages\/2606","targetHints":{"allow":["GET"]}}],"collection":[{"href":"https:\/\/bylebron.com\/de\/wp-json\/wp\/v2\/pages"}],"about":[{"href":"https:\/\/bylebron.com\/de\/wp-json\/wp\/v2\/types\/page"}],"author":[{"embeddable":true,"href":"https:\/\/bylebron.com\/de\/wp-json\/wp\/v2\/users\/4"}],"replies":[{"embeddable":true,"href":"https:\/\/bylebron.com\/de\/wp-json\/wp\/v2\/comments?post=2606"}],"version-history":[{"count":96,"href":"https:\/\/bylebron.com\/de\/wp-json\/wp\/v2\/pages\/2606\/revisions"}],"predecessor-version":[{"id":5475,"href":"https:\/\/bylebron.com\/de\/wp-json\/wp\/v2\/pages\/2606\/revisions\/5475"}],"wp:attachment":[{"href":"https:\/\/bylebron.com\/de\/wp-json\/wp\/v2\/media?parent=2606"}],"curies":[{"name":"wp","href":"https:\/\/api.w.org\/{rel}","templated":true}]}}