{"id":4980,"date":"2021-04-07T10:59:40","date_gmt":"2021-04-07T09:59:40","guid":{"rendered":"https:\/\/bylebron.com\/?page_id=4980"},"modified":"2025-05-06T11:00:11","modified_gmt":"2025-05-06T10:00:11","slug":"faqs","status":"publish","type":"page","link":"https:\/\/bylebron.com\/de\/faqs\/","title":{"rendered":"FAQS"},"content":{"rendered":"<div class=\"wpb-content-wrapper\"><p>[vc_row][vc_column]<style type=\"text\/css\" >#l_1gz0ycwzf7k7j9titehk{width:full widthpx;}#l_1gz0ycwzf7k7j9titehk.sc_line ,#l_1gz0ycwzf7k7j9titehk .sc_line { height:1px; background:;}#l_1gz0ycwzf7k7j9titehk.sc_line ,#l_1gz0ycwzf7k7j9titehk .sc_line{margin-left:auto!important; margin-right:auto!important;}#l_1gz0ycwzf7k7j9titehk {margin:10px 0 0px 0; padding:0;}<\/style><div class=\"clearfix\"><\/div><div id=\"l_1gz0ycwzf7k7j9titehk\"  class=\"sc_line rd_line_normal\" ><\/div>[\/vc_column][\/vc_row][vc_row][vc_column][vc_column_text font_size=&#8220;18&#8243;]<span class=\"VIiyi\" lang=\"de\"><span class=\"JLqJ4b\" data-language-for-alternatives=\"de\" data-language-to-translate-into=\"en\" data-phrase-index=\"0\"><strong>H\u00c4UFIGE FRAGEN<\/strong> <\/span><\/span><\/p>\n<p>&nbsp;<\/p>\n<p><span class=\"VIiyi\" lang=\"de\"><span class=\"JLqJ4b\" data-language-for-alternatives=\"de\" data-language-to-translate-into=\"en\" data-phrase-index=\"0\"><strong>\u00bfKann ich die Elektroden eines anderen Anzugs auf die BY Lebron-Weste setzen? \u00bfKann ich die By Lebron-Elektroden auf einen anderen Anzug setzen?<\/strong> <\/span><\/span><\/p>\n<p><span class=\"VIiyi\" lang=\"de\"><span class=\"JLqJ4b\" data-language-for-alternatives=\"de\" data-language-to-translate-into=\"en\" data-phrase-index=\"0\">Die Innenseite unserer Westen besteht aus weichem Klettverschluss und unsere Griffelektroden haben einen harten Klettverschluss. <\/span><\/span><\/p>\n<p><span class=\"VIiyi\" lang=\"de\"><span class=\"JLqJ4b\" data-language-for-alternatives=\"de\" data-language-to-translate-into=\"en\" data-phrase-index=\"0\"><strong>\u00bfKann ich das Kabel eines anderen Anzugs an By Lebron-Westen anbringen? \u00bfKann ich ein By Lebron-Kabel an einem anderen Anzug anbringen?<\/strong> <\/span><\/span><\/p>\n<p><span class=\"VIiyi\" lang=\"de\"><span class=\"JLqJ4b\" data-language-for-alternatives=\"de\" data-language-to-translate-into=\"en\" data-phrase-index=\"0\">Ja, du kannst. Die Ma\u00dfe stimmen jedoch m\u00f6glicherweise nicht \u00fcberein, da die Kabel so hergestellt sind, dass sie sich an das Design jeder Weste anpassen und jeder Hersteller unterschiedliche Designs hat. Das hei\u00dft, in einigen Muskeln ist \u00fcbersch\u00fcssiges Kabel vorhanden, und in anderen Muskeln fehlt es m\u00f6glicherweise. Aber sicher kann es angepasst werden. <\/span><\/span><\/p>\n<p><span class=\"VIiyi\" lang=\"de\"><span class=\"JLqJ4b\" data-language-for-alternatives=\"de\" data-language-to-translate-into=\"en\" data-phrase-index=\"0\"><strong>\u00bfKann ich das Kabel eines anderen Anzugs an die By Lebron-Elektroden anschlie\u00dfen? \u00bfKann ich das By Lebron-Kabel an andere Elektroden anschlie\u00dfen?<\/strong> <\/span><\/span><\/p>\n<p><span class=\"VIiyi\" lang=\"de\"><span class=\"JLqJ4b\" data-language-for-alternatives=\"de\" data-language-to-translate-into=\"en\" data-phrase-index=\"0\">Kaum, da die Kabel (m\u00e4nnliche Seite) mit dem Elektrodenverschluss (weibliche Seite) verbunden sind und jeder Hersteller seine eigenen Ma\u00dfe \/ Konstruktionen f\u00fcr beide hat. <\/span><\/span><\/p>\n<p><span class=\"VIiyi\" lang=\"de\"><span class=\"JLqJ4b\" data-language-for-alternatives=\"de\" data-language-to-translate-into=\"en\" data-phrase-index=\"0\"><strong>\u00bfKann ich By Lebron-Westen an Hosen oder G\u00fcrtel anderer Firmen anpassen?\u00a0<\/strong> <\/span><\/span><\/p>\n<p><span class=\"VIiyi\" lang=\"de\"><span class=\"JLqJ4b\" data-language-for-alternatives=\"de\" data-language-to-translate-into=\"en\" data-phrase-index=\"0\">Ja, du kannst. Da es sich um separate Teile handelt, k\u00f6nnen Sie sie anpassen. Unsere Hosen haben einen G\u00fcrtel, um die Taille zu halten und die Ges\u00e4\u00dfelektroden anzupassen. <\/span><\/span><\/p>\n<p><span class=\"VIiyi\" lang=\"de\"><span class=\"JLqJ4b\" data-language-for-alternatives=\"de\" data-language-to-translate-into=\"en\" data-phrase-index=\"0\"><strong>* PR\u00dcFEN SIE DIE MESSUNGEN NACH UNSEREN GR\u00d6SSENTABELLEN, JEDER HERSTELLER HAT UNSERE GR\u00d6SSEN.<\/strong> <\/span><\/span><\/p>\n<p><strong><span class=\"VIiyi\" lang=\"de\"><span class=\"JLqJ4b\" data-language-for-alternatives=\"de\" data-language-to-translate-into=\"en\" data-phrase-index=\"0\">* UNSERE VESTS HACE INTERNE LEITFADEN, UM DIE KABEL ZU VERSTECKEN. Die Kabel sind von innen mit den Elektroden verbunden.<\/span><\/span> <\/strong>[\/vc_column_text][\/vc_column][\/vc_row]<\/p>\n<\/div>","protected":false},"excerpt":{"rendered":"<p>[vc_row][vc_column][\/vc_column][\/vc_row][vc_row][vc_column][vc_column_text font_size=&#8220;18&#8243;]H\u00c4UFIGE FRAGEN &nbsp; \u00bfKann ich die Elektroden eines anderen Anzugs auf die BY Lebron-Weste setzen? \u00bfKann ich die By Lebron-Elektroden auf einen anderen Anzug setzen? Die Innenseite unserer Westen besteht aus weichem Klettverschluss und unsere Griffelektroden haben einen harten Klettverschluss. \u00bfKann ich das Kabel eines anderen Anzugs an By Lebron-Westen anbringen? \u00bfKann ich ein<br \/><a href=\"https:\/\/bylebron.com\/de\/faqs\/\" class=\"more\">Read more<\/a><\/p>\n","protected":false},"author":1,"featured_media":0,"parent":0,"menu_order":0,"comment_status":"closed","ping_status":"closed","template":"","meta":{"footnotes":""},"class_list":["post-4980","page","type-page","status-publish","hentry"],"_links":{"self":[{"href":"https:\/\/bylebron.com\/de\/wp-json\/wp\/v2\/pages\/4980","targetHints":{"allow":["GET"]}}],"collection":[{"href":"https:\/\/bylebron.com\/de\/wp-json\/wp\/v2\/pages"}],"about":[{"href":"https:\/\/bylebron.com\/de\/wp-json\/wp\/v2\/types\/page"}],"author":[{"embeddable":true,"href":"https:\/\/bylebron.com\/de\/wp-json\/wp\/v2\/users\/1"}],"replies":[{"embeddable":true,"href":"https:\/\/bylebron.com\/de\/wp-json\/wp\/v2\/comments?post=4980"}],"version-history":[{"count":21,"href":"https:\/\/bylebron.com\/de\/wp-json\/wp\/v2\/pages\/4980\/revisions"}],"predecessor-version":[{"id":6131,"href":"https:\/\/bylebron.com\/de\/wp-json\/wp\/v2\/pages\/4980\/revisions\/6131"}],"wp:attachment":[{"href":"https:\/\/bylebron.com\/de\/wp-json\/wp\/v2\/media?parent=4980"}],"curies":[{"name":"wp","href":"https:\/\/api.w.org\/{rel}","templated":true}]}}