{"id":5142,"date":"2021-11-30T16:54:31","date_gmt":"2021-11-30T15:54:31","guid":{"rendered":"https:\/\/bylebron.com\/?page_id=5142"},"modified":"2022-11-23T15:37:34","modified_gmt":"2022-11-23T14:37:34","slug":"by-shape-ems-nuestro-modelo-estetico","status":"publish","type":"page","link":"https:\/\/bylebron.com\/de\/by-shape-ems-nuestro-modelo-estetico\/","title":{"rendered":"BY SHAPE EMS, unserem \u00e4sthetischen Modell"},"content":{"rendered":"<div class=\"wpb-content-wrapper\"><p>[vc_row type=&#8220;full-width-content&#8220; overlay=&#8220;1&#8243; overlay_color=&#8220;rgba(0,0,0,0.18)&#8220; enable_overlay=&#8220;enable_overlay_value&#8220; parallax_background=&#8220;&#8220; css=&#8220;.vc_custom_1638450518916{margin-bottom: 0px !important;padding-top: 10% !important;padding-right: 20% !important;padding-bottom: 6% !important;padding-left: 20% !important;background: rgba(2,2,2,0.47) url(https:\/\/bylebron.com\/wp-content\/uploads\/2021\/12\/by_lebron_made_in_spain_opt.jpg?id=5160) !important;background-position: center !important;background-repeat: no-repeat !important;background-size: cover !important;*background-color: rgb(2,2,2) !important;}&#8220;][vc_column][vc_custom_heading text=&#8220;<strong>BY SHAPE EMS, unserem \u00e4sthetischen Modell<\/strong>&#8220; font_container=&#8220;tag:h1|font_size:24|text_align:left|color:%23ffffff|line_height:45px&#8220; google_fonts=&#8220;font_family:Playfair%20Display%3Aregular%2Citalic%2C700%2C700italic%2C900%2C900italic|font_style:400%20regular%3A400%3Anormal&#8220; css=&#8220;.vc_custom_1642104980396{margin-bottom: 23px !important;}&#8220;]<style type=\"text\/css\" >#l_up1c4sb6j7lwc7vyqzbn{width:50px;}#l_up1c4sb6j7lwc7vyqzbn.sc_line ,#l_up1c4sb6j7lwc7vyqzbn .sc_line {border-top:3px solid #a1b1bc;}#l_up1c4sb6j7lwc7vyqzbn.sc_line ,#l_up1c4sb6j7lwc7vyqzbn .sc_line{margin-left:auto!important;}#l_up1c4sb6j7lwc7vyqzbn {margin:0px 0 23px 0; padding:0;}<\/style><div class=\"clearfix\"><\/div><div id=\"l_up1c4sb6j7lwc7vyqzbn\"  class=\"sc_line rd_line_bold\" ><\/div>[vc_empty_space][\/vc_column][\/vc_row][vc_row parallax_background=&#8220;&#8220; css=&#8220;.vc_custom_1535047309106{margin-bottom: 0px !important;padding-top: 50px !important;}&#8220;][vc_column][vc_empty_space height=&#8220;55px&#8220;][vc_column_text font_size=&#8220;20&#8243; line_height=&#8220;30&#8243; animation=&#8220;rda_bounceInLeft&#8220;]Selbstverst\u00e4ndlich passen wir uns an Marktentwicklungen und neuste Trends an und tragen damit zum Wachstum des EMS-Marktes bei.<\/p>\n<p><strong>BY SHAPE<\/strong> ist unser \u00c4sthetikmodel und besteht aus einer Hose mit eingearbeitetem H\u00fcftg\u00fcrtel, welche ein punktgena\u00fcs, passives Training des Unterk\u00f6rpers erm\u00f6glicht (Bauch und Arme werden ebenfalls mittrainiert). Zielgruppe sind vornehmlich Fra\u00fcn, welche besonderen Wert auf ein Training der beliebtesten K\u00f6rperzonen legen.[\/vc_column_text][\/vc_column][\/vc_row][vc_row parallax_background=&#8220;&#8220; css=&#8220;.vc_custom_1535048510746{margin-bottom: 0px !important;padding-top: 50px !important;background-color: #ffffff !important;}&#8220;][vc_column width=&#8220;1\/2&#8243;][vc_single_image image=&#8220;5102&#8243; img_size=&#8220;large&#8220; alignment=&#8220;center&#8220; style=&#8220;vc_box_rounded&#8220;][\/vc_column][vc_column width=&#8220;1\/2&#8243;][vc_column_text font_size=&#8220;20&#8243; line_height=&#8220;30&#8243; animation=&#8220;rda_bounceInLeft&#8220;]<\/p>\n<ul>\n<li><strong>Hosen aus Flex Body bestehen aus einem leichteren Material, damit der Kunde flach liegen kann.<\/strong> FLEX BODY TECHNOLOGY bestehen aus einem superelastischen und leichtem Material, dass sich an den K\u00f6rper wie eine zweite Haut anschmiegt, aber gleichzeitig hohe Widerstandsf\u00e4higkeit und Langlebigkeit besitzt &#8211; nat\u00fcrlich waschbar und atmungsaktiv. Doppelseitig mit hoher Dicke und speziellem Finish verarbeitet &#8211;\u00a0 au\u00dfen mit Lycra (Elastan) und im Innenleben mit elastischem Klettverschluss \u2013 bieten unsere Westen die M\u00f6glichkeit bewegliche Elektroden einfach zu positionieren. Unser Premiumstoff von BY LEBRON wird passgenau zugeschnitten, um einen sauberen Sitz f\u00fcr die weibliche Silhouette zu erm\u00f6glichen.<\/li>\n<li><strong>Der Neopreng\u00fcrtel dient zur weiteren Verst\u00e4rkung der H\u00fcftst\u00fctze und zur Unterst\u00fctzung des Verbindungsmoduls.<\/strong> Das dabei verwendete \u00a0Neopren ist von h\u00f6chster EMS-Qualit\u00e4t (aufgrund seiner Dicke und der verarbeiteten Materialien) und ebenfalls zweiseitig: au\u00dfen mit Lycra (Elastan) und im Innenleben mit elastischem Klettverschluss \u2013 Damit bieten unsere Westen die M\u00f6glichkeit bewegliche Elektroden einfach zu positionieren.<\/li>\n<\/ul>\n<p>[\/vc_column_text][\/vc_column][\/vc_row][vc_row css=&#8220;.vc_custom_1638277454264{margin-top: 5% !important;}&#8220;][vc_column width=&#8220;1\/2&#8243; css=&#8220;.vc_custom_1638452699820{padding-top: 3% !important;}&#8220;][vc_column_text font_size=&#8220;20&#8243; line_height=&#8220;30&#8243; animation=&#8220;rda_bounceInLeft&#8220;]<strong>Hergestellt aus unseren beiden Materialien, <a href=\"https:\/\/bylebron.com\/tejido-flex-body-technology\/\">Flex Body Tecnology<\/a>\u00ae\u00a0 (unser patentiertes Gewebe) und Neopren.<\/strong>[\/vc_column_text][vc_column_text font_size=&#8220;20&#8243; line_height=&#8220;30&#8243; animation=&#8220;rda_bounceInLeft&#8220;]<strong>BY SHAPE <\/strong>ist komplett mit internen Kabelf\u00fchrungen ausgestattet, welche beim Tragen nahezu unbemerkbar sind, die Kabel perfekt verdecken und diese selbstverst\u00e4ndlich zur Elektrode hinf\u00fchren. Da wir sowohl Au\u00dfen-als auch Innenleben unserer Westen passgenau herstellen, erhalten Sie als Ergbebnis eine optisch einwandreie EMS-Weste, welche eine ungew\u00fcnschte Verschiebung der Elektrode oder der internen Kabel ausschlie\u00dft.[\/vc_column_text][vc_empty_space height=&#8220;64px&#8220;]<style type=\"text\/css\" >#b_jukm95j3hivia09sk1ya a{color:#ffffff; background: #1d96e5; background: -moz-linear-gradient(-45deg,  #1d96e5 0%, #62b1e5 100%); background: -webkit-gradient(linear, left top, right bottom, color-stop(0%,#1d96e5), color-stop(100%,#62b1e5)); background: -webkit-linear-gradient(-45deg,  #1d96e5 0%,#62b1e5 100%); background: -o-linear-gradient(-45deg,  #1d96e5 0%,#62b1e5 100%); background: -ms-linear-gradient(-45deg,  #1d96e5 0%,#62b1e5 100%); background: linear-gradient(135deg,  #1d96e5 0%,#62b1e5 100%); filter: progid:DXImageTransform.Microsoft.gradient( startColorstr=\"#1d96e5\", endColorstr=\"#62b1e5\",GradientType=1 );  margin-top:0px; margin-bottom:0px;  margin-left:0px; margin-right:0px; font-weight:900; border-radius:10px;}#b_jukm95j3hivia09sk1ya a:hover{color:#f2f2f2 ; background: ;}<\/style><div class=\"ta_center tf_btn_pos\" id=\"b_jukm95j3hivia09sk1ya\" ><a class=\"rd_normal_bt medium_rd_bt  \" href=\"\/contacto\" target=\"yes\"   >Frage nach mehr Informationen<\/a><\/div>[\/vc_column][vc_column width=&#8220;1\/2&#8243;]<style type=\"text\/css\" >#ic_y9hnic93fs81vdd3hrn1 {margin:0px auto 0px; }#ic_y9hnic93fs81vdd3hrn1 .ic_left,#ic_y9hnic93fs81vdd3hrn1 .ic_right,#ic_y9hnic93fs81vdd3hrn1 .ic_left:after,#ic_y9hnic93fs81vdd3hrn1 .ic_right:after{border-color:#ecf0f1; background:#ffffff; color:#a1b1bc; }#ic_y9hnic93fs81vdd3hrn1 .ic_left:hover,#ic_y9hnic93fs81vdd3hrn1 .ic_right:hover,#ic_y9hnic93fs81vdd3hrn1 .ic_left:hover:after,#ic_y9hnic93fs81vdd3hrn1 .ic_right:hover:after{background:#f9fafb; color:#2c3e50; }#ic_y9hnic93fs81vdd3hrn1 .rd_ic_pager a{border-color:#ecf0f1; background:#ffffff; color:#a1b1bc; }#ic_y9hnic93fs81vdd3hrn1 .rd_ic_pager a:hover{border-color:#288bd0; background:#288bd0; color:#ffffff; }<\/style><script type=\"text\/javascript\" charset=\"utf-8\">\n\t\t\t\t\n\t\tjQuery.noConflict();\n\t\/\/setup up Carousel\n\t\tjQuery(document).ready(function($) {\t\n\t\t\t\n\t\t\"use strict\";\n\t\t\n\t\t\t$(window).load(function(){\n\t\t$(\"#ic_y9hnic93fs81vdd3hrn1 .rd_img_carousel\").carouFredSel({\n\t\t\t\t\t\n\t\t\t\t\tresponsive: true,\n\t\t\t\t\twidth: \"100%\",scroll:  { items:1,duration: 800},\n\t\t\t\t\tauto: true,\n\t\t\t\t\tprev: \"#ic_y9hnic93fs81vdd3hrn1 .ic_left\",\n\t\t\t\t\tnext: \"#ic_y9hnic93fs81vdd3hrn1 .ic_right\",\n\t\t\t\t\tpagination: \"#ic_y9hnic93fs81vdd3hrn1_pager\",\n\t\t\t\t\theight : \"variable\",\n\t\t\t\t\tswipe       : {\n             \t\t   onTouch     : true,\n\t\t               onMouse     : false\n        \t\t    },\n\t\t\t\t\titems: {\n\t\t\t\t\theight : \"variable\",\n\t\t\t\t\t\tvisible: {\n\t\t\t\t\t\t\tmin: 1,\n\t\t\t\t\t\t\tmax: 1\n\t\t\t\t\t\t}\n\t\t\t\t\t}\n\t\t\t\t});\n\t\t\t\t});\n\t\t\t\t});\n\t<\/script><div class=\"rd_img_carousel_ctn  \" id=\"ic_y9hnic93fs81vdd3hrn1\"><div class=\"rd_img_carousel\"><a href=\"https:\/\/bylebron.com\/wp-content\/uploads\/2021\/11\/mini__DSF6275b2.jpg\"  rel=\"prettyPhoto[rel-y9hnic93fs81vdd3hrn1]\" ><img loading=\"lazy\" decoding=\"async\" width=\"441\" height=\"600\" src=\"https:\/\/bylebron.com\/wp-content\/uploads\/2021\/11\/mini__DSF6275b2.jpg\" class=\"attachment-full\" alt=\"byshape\" title=\"mini__DSF6275b2\" srcset=\"https:\/\/bylebron.com\/wp-content\/uploads\/2021\/11\/mini__DSF6275b2.jpg 441w, https:\/\/bylebron.com\/wp-content\/uploads\/2021\/11\/mini__DSF6275b2-221x300.jpg 221w\" sizes=\"auto, (max-width: 441px) 100vw, 441px\" \/><\/a><a href=\"https:\/\/bylebron.com\/wp-content\/uploads\/2021\/11\/mini__DSF6320b.jpg\"  rel=\"prettyPhoto[rel-y9hnic93fs81vdd3hrn1]\" ><img loading=\"lazy\" decoding=\"async\" width=\"400\" height=\"600\" src=\"https:\/\/bylebron.com\/wp-content\/uploads\/2021\/11\/mini__DSF6320b.jpg\" class=\"attachment-full\" alt=\"byshape\" title=\"mini__DSF6320b\" srcset=\"https:\/\/bylebron.com\/wp-content\/uploads\/2021\/11\/mini__DSF6320b.jpg 400w, https:\/\/bylebron.com\/wp-content\/uploads\/2021\/11\/mini__DSF6320b-200x300.jpg 200w\" sizes=\"auto, (max-width: 400px) 100vw, 400px\" \/><\/a><a href=\"https:\/\/bylebron.com\/wp-content\/uploads\/2021\/11\/mini__DSF6331b.jpg\"  rel=\"prettyPhoto[rel-y9hnic93fs81vdd3hrn1]\" ><img loading=\"lazy\" decoding=\"async\" width=\"400\" height=\"600\" src=\"https:\/\/bylebron.com\/wp-content\/uploads\/2021\/11\/mini__DSF6331b.jpg\" class=\"attachment-full\" alt=\"byshape bylebron\" title=\"mini__DSF6331b\" srcset=\"https:\/\/bylebron.com\/wp-content\/uploads\/2021\/11\/mini__DSF6331b.jpg 400w, https:\/\/bylebron.com\/wp-content\/uploads\/2021\/11\/mini__DSF6331b-200x300.jpg 200w\" sizes=\"auto, (max-width: 400px) 100vw, 400px\" \/><\/a><a href=\"https:\/\/bylebron.com\/wp-content\/uploads\/2021\/12\/DSF6511b-vertical-op-819x1024.jpg\"  rel=\"prettyPhoto[rel-y9hnic93fs81vdd3hrn1]\" ><img loading=\"lazy\" decoding=\"async\" width=\"1920\" height=\"2400\" src=\"https:\/\/bylebron.com\/wp-content\/uploads\/2021\/12\/DSF6511b-vertical-op.jpg\" class=\"attachment-full\" alt=\"byshape\" title=\"_DSF6511b vertical op\" srcset=\"https:\/\/bylebron.com\/wp-content\/uploads\/2021\/12\/DSF6511b-vertical-op.jpg 1920w, https:\/\/bylebron.com\/wp-content\/uploads\/2021\/12\/DSF6511b-vertical-op-240x300.jpg 240w, https:\/\/bylebron.com\/wp-content\/uploads\/2021\/12\/DSF6511b-vertical-op-819x1024.jpg 819w, https:\/\/bylebron.com\/wp-content\/uploads\/2021\/12\/DSF6511b-vertical-op-768x960.jpg 768w, https:\/\/bylebron.com\/wp-content\/uploads\/2021\/12\/DSF6511b-vertical-op-1229x1536.jpg 1229w, https:\/\/bylebron.com\/wp-content\/uploads\/2021\/12\/DSF6511b-vertical-op-1638x2048.jpg 1638w, https:\/\/bylebron.com\/wp-content\/uploads\/2021\/12\/DSF6511b-vertical-op-600x750.jpg 600w\" sizes=\"auto, (max-width: 1920px) 100vw, 1920px\" \/><\/a><\/div><div id=\"ic_y9hnic93fs81vdd3hrn1_pager\" class=\"rd_ic_pager\"><\/div><\/div>[\/vc_column][\/vc_row]<\/p>\n<\/div>","protected":false},"excerpt":{"rendered":"<p>[vc_row type=&#8220;full-width-content&#8220; overlay=&#8220;1&#8243; overlay_color=&#8220;rgba(0,0,0,0.18)&#8220; enable_overlay=&#8220;enable_overlay_value&#8220; parallax_background=&#8220;&#8220; css=&#8220;.vc_custom_1638450518916{margin-bottom: 0px !important;padding-top: 10% !important;padding-right: 20% !important;padding-bottom: 6% !important;padding-left: 20% !important;background: rgba(2,2,2,0.47) url(https:\/\/bylebron.com\/wp-content\/uploads\/2021\/12\/by_lebron_made_in_spain_opt.jpg?id=5160) !important;background-position: center !important;background-repeat: no-repeat !important;background-size: cover !important;*background-color: rgb(2,2,2) !important;}&#8220;][vc_column][vc_custom_heading text=&#8220;BY SHAPE EMS, unserem \u00e4sthetischen Modell&#8220; font_container=&#8220;tag:h1|font_size:24|text_align:left|color:%23ffffff|line_height:45px&#8220; google_fonts=&#8220;font_family:Playfair%20Display%3Aregular%2Citalic%2C700%2C700italic%2C900%2C900italic|font_style:400%20regular%3A400%3Anormal&#8220; css=&#8220;.vc_custom_1642104980396{margin-bottom: 23px !important;}&#8220;][vc_empty_space][\/vc_column][\/vc_row][vc_row parallax_background=&#8220;&#8220; css=&#8220;.vc_custom_1535047309106{margin-bottom: 0px !important;padding-top: 50px !important;}&#8220;][vc_column][vc_empty_space height=&#8220;55px&#8220;][vc_column_text font_size=&#8220;20&#8243; line_height=&#8220;30&#8243; animation=&#8220;rda_bounceInLeft&#8220;]Selbstverst\u00e4ndlich passen wir uns an Marktentwicklungen und<br \/><a href=\"https:\/\/bylebron.com\/de\/by-shape-ems-nuestro-modelo-estetico\/\" class=\"more\">Read more<\/a><\/p>\n","protected":false},"author":1,"featured_media":0,"parent":0,"menu_order":0,"comment_status":"closed","ping_status":"closed","template":"","meta":{"footnotes":""},"class_list":["post-5142","page","type-page","status-publish","hentry"],"_links":{"self":[{"href":"https:\/\/bylebron.com\/de\/wp-json\/wp\/v2\/pages\/5142","targetHints":{"allow":["GET"]}}],"collection":[{"href":"https:\/\/bylebron.com\/de\/wp-json\/wp\/v2\/pages"}],"about":[{"href":"https:\/\/bylebron.com\/de\/wp-json\/wp\/v2\/types\/page"}],"author":[{"embeddable":true,"href":"https:\/\/bylebron.com\/de\/wp-json\/wp\/v2\/users\/1"}],"replies":[{"embeddable":true,"href":"https:\/\/bylebron.com\/de\/wp-json\/wp\/v2\/comments?post=5142"}],"version-history":[{"count":42,"href":"https:\/\/bylebron.com\/de\/wp-json\/wp\/v2\/pages\/5142\/revisions"}],"predecessor-version":[{"id":5397,"href":"https:\/\/bylebron.com\/de\/wp-json\/wp\/v2\/pages\/5142\/revisions\/5397"}],"wp:attachment":[{"href":"https:\/\/bylebron.com\/de\/wp-json\/wp\/v2\/media?parent=5142"}],"curies":[{"name":"wp","href":"https:\/\/api.w.org\/{rel}","templated":true}]}}