{"id":3958,"date":"2020-07-06T10:58:50","date_gmt":"2020-07-06T09:58:50","guid":{"rendered":"https:\/\/bylebron.com\/?post_type=product&#038;p=3958"},"modified":"2025-03-07T13:14:00","modified_gmt":"2025-03-07T12:14:00","slug":"cinturon-petaca-electroestimulacion","status":"publish","type":"product","link":"https:\/\/bylebron.com\/de\/producto\/cinturon-petaca-electroestimulacion\/","title":{"rendered":"Cintur\u00f3n petaca electroestimulaci\u00f3n"},"content":{"rendered":"<p>Petaca horizontal fabricada en neopreno cuyo cintur\u00f3n permite la m\u00e1xima comodidad en el ejercicio. Talla \u00fanica, cintur\u00f3n regulable. Realizado para ser compatible con todos los m\u00f3dulos\/equipos. Cintas regulables.<\/p>\n<p>_____________________________________________________________________________________<\/p>\n<p><strong>PREGUNTAS FRECUENTES<\/strong><\/p>\n<p><strong>\u00bfPuedo poner los electrodos de otro traje en los chalecos BY LEBRON?<\/strong><br \/>\n<strong>\u00bfPuedo poner los electrodos BY LEBRON en otro traje?<\/strong><br \/>\nEl interior de nuestros chalecos es velcro suave y nuestros electrodos para agarrar tienen velcro duro<\/p>\n<p><strong>\u00bfPuedo poner el cable de otro traje en los chalecos BY LEBRON?<\/strong><br \/>\n<strong>\u00bfPuedo poner un cable BY LEBRON en otro traje?<\/strong><br \/>\nSi se puede. Pero puede que las medidas no coincidan, ya que los cables se fabrican para adaptarse al dise\u00f1o de cada chaleco y cada fabricante tenemos distintos dise\u00f1os, es decir, sobrar\u00e1 cable en algunos m\u00fasculos y puede que falte en otros m\u00fasculos.<br \/>\nPero con seguridad que se puede adaptar.<\/p>\n<p><strong>\u00bfPuedo conectar el cable de otro traje a los electrodos BY LEBRON?<\/strong><br \/>\n<strong>\u00bfPuedo conectar el cable BY LEBRON a otros electrodos?<\/strong><br \/>\nDif\u00edcilmente ya que los cables (parte macho) se conectan al snap del electrodo (parte hembra) y cada fabricante tiene sus propias medidas\/dise\u00f1o de ambos.<\/p>\n<p><strong>\u00bfPuedo adaptar los chalecos BY LEBRON a pantalones o cintur\u00f3n de otras firmas?<\/strong><br \/>\nSi puedes. Al ser piezas separadas las puedes adaptar y nuestros pantalones llevan cintur\u00f3n para sujetar en cintura y ajustar electrodos gl\u00fateos.<\/p>\n<p><strong>*COMPROBAR LAS MEDIDAS SEG\u00daN NUESTRAS TABLAS DE MEDIDAS,CADA FABRICANTE TENEMOS NUESTRAS TALLAS .<\/strong><\/p>\n<p><strong>*NUESTROS CHALECOS LLEVAN GUIAS INTERNAS PARA OCULTAR LOS CABLES,LOS CABLES SE CONECTAN A LOS ELECTRODOS POR EL INTERIOR.<\/strong><\/p>\n<p>&nbsp;<\/p>\n","protected":false},"excerpt":{"rendered":"<p class=\"qtranxs-available-languages-message qtranxs-available-languages-message-de\">Leider ist der Eintrag nur auf <a href=\"https:\/\/bylebron.com\/es\/wp-json\/wp\/v2\/product\/3958\" class=\"qtranxs-available-language-link qtranxs-available-language-link-es\" title=\"Espa\u00f1ol\">Espa\u00f1ol<\/a> verf\u00fcgbar.<\/p>\n","protected":false},"featured_media":4750,"comment_status":"closed","ping_status":"closed","template":"","meta":[],"product_brand":[],"product_cat":[142],"product_tag":[119,120],"class_list":{"0":"post-3958","1":"product","2":"type-product","3":"status-publish","4":"has-post-thumbnail","6":"product_cat-ems_profesional","7":"product_tag-electroestimulacion","8":"product_tag-ems","10":"first","11":"instock","12":"shipping-taxable","13":"purchasable","14":"product-type-simple"},"_links":{"self":[{"href":"https:\/\/bylebron.com\/de\/wp-json\/wp\/v2\/product\/3958","targetHints":{"allow":["GET"]}}],"collection":[{"href":"https:\/\/bylebron.com\/de\/wp-json\/wp\/v2\/product"}],"about":[{"href":"https:\/\/bylebron.com\/de\/wp-json\/wp\/v2\/types\/product"}],"replies":[{"embeddable":true,"href":"https:\/\/bylebron.com\/de\/wp-json\/wp\/v2\/comments?post=3958"}],"wp:featuredmedia":[{"embeddable":true,"href":"https:\/\/bylebron.com\/de\/wp-json\/wp\/v2\/media\/4750"}],"wp:attachment":[{"href":"https:\/\/bylebron.com\/de\/wp-json\/wp\/v2\/media?parent=3958"}],"wp:term":[{"taxonomy":"product_brand","embeddable":true,"href":"https:\/\/bylebron.com\/de\/wp-json\/wp\/v2\/product_brand?post=3958"},{"taxonomy":"product_cat","embeddable":true,"href":"https:\/\/bylebron.com\/de\/wp-json\/wp\/v2\/product_cat?post=3958"},{"taxonomy":"product_tag","embeddable":true,"href":"https:\/\/bylebron.com\/de\/wp-json\/wp\/v2\/product_tag?post=3958"}],"curies":[{"name":"wp","href":"https:\/\/api.w.org\/{rel}","templated":true}]}}