{"id":4303,"date":"2020-07-29T10:51:21","date_gmt":"2020-07-29T09:51:21","guid":{"rendered":"https:\/\/bylebron.com\/?post_type=product&#038;p=4303"},"modified":"2025-03-07T13:05:16","modified_gmt":"2025-03-07T12:05:16","slug":"chaleco-electroestimulacion-flex-body-completo","status":"publish","type":"product","link":"https:\/\/bylebron.com\/de\/producto\/chaleco-electroestimulacion-flex-body-completo\/","title":{"rendered":"(copia)"},"content":{"rendered":"<p>Todos los modelos est\u00e1n realizados en nuestro tejido patentado <strong>Flex Body Technology \u00ae<\/strong><\/p>\n<p><strong>Hombre<\/strong><\/p>\n<p>Patr\u00f3n confeccionado para el hombre con hombros regulables que se ajustan al talle. Gracias al dise\u00f1o y el tejido hemos conseguido que se adapte a la figura masculina. Con detalles azules, cada talla permite varias opciones de conformaci\u00f3n a todo tipo de cuerpos.<\/p>\n<p>Realizado en 4 tallas: XS, S, M y L<\/p>\n<p><strong>Mujer<\/strong><\/p>\n<p>Patr\u00f3n dise\u00f1ado para adaptarse a todas las tallas y a las curvas de la silueta femenina. Con detalles en fucsia, est\u00e1 pensado para que las mujeres se vean guapas, atractivas y motivadas a la hora de hacer deporte. Sus hombros regulables permiten ajustarlo a todas las complexiones. Realizado en 4 tallas: XS, S, M y L<\/p>\n<p><strong>Unisex<\/strong><\/p>\n<p>Nuestro tejido Flex Body Technology y un estudio riguroso del cuerpo del hombre y la mujer, han dado la posibilidad de crear un patr\u00f3n adaptable a ambas siluetas. Los hombros regulables facilitan el ajuste a todo tipo de tallas. Confeccionado en color negro, es la perfecta combinaci\u00f3n de sobriedad y dise\u00f1o. Realizado en 5 tallas: XS, S, M, L y XL<\/p>\n<p>Los brazos son modelo Elite I o Elite II seg\u00fan compatibilidad, y en tres medidas<\/p>\n<p>Contorno 22-38 cm &#8211; XS<br \/>\nContorno 26-42 cm &#8211; S<br \/>\nContorno 33-49 cm &#8211; M<\/p>\n<p>Para m\u00e1s informaci\u00f3n sobre los electrodos ver el apartado <strong><em>Electrodos EMS para brazos <\/em><\/strong>o<strong><em> Electrodos EMS interiores<\/em><\/strong><\/p>\n<p>&nbsp;<\/p>\n<p><em><strong>El chaleco completo lo compone:<\/strong><\/em><\/p>\n<p><em><strong>Chaleco+pantal\u00f3n+brazos+16 electrodos interiores +cable compatible. <\/strong><\/em><\/p>\n<p><em><b>El interior del chaleco es de velcro suave el\u00e1stico y con gran agarre, para\u00a0posicionar f\u00e1cilmente los electrodos y movilizarlos seg\u00fan m\u00fasculos y clientes. Realizado con gu\u00edas internas discretas y c\u00f3modas, para ocultar los cables.\u00a0<\/b><\/em><\/p>\n<p>&nbsp;<\/p>\n<p>&nbsp;<\/p>\n<p style=\"text-align: center;\"><span style=\"color: #0000ff;\">PREGUNTAS FRECUENTES<\/span><\/p>\n<hr \/>\n<p>&nbsp;<\/p>\n<p style=\"text-align: justify;\"><strong>\u00bfPuedo poner los electrodos de otro traje en los chalecos BY LEBRON?&#8230;<\/strong><\/p>\n<p style=\"text-align: justify;\"><strong><span style=\"font-weight: normal;\">SI, siempre que los electrodos<\/span><\/strong> \u201ctuyos\u201d sean <b>MOVIBLES<\/b> y tengan velcro macho\/duro para agarrar al velcro hembra\/suave del interior de nuestro chaleco.<\/p>\n<p style=\"text-align: justify;\"><strong>\u00bfPuedo poner los electrodos BY LEBRON en otro traje que no sea BY LEBRON?<\/strong><\/p>\n<p style=\"text-align: justify;\"><strong><span style=\"font-weight: normal;\">SI, siempre que el interior del tejido sea de<\/span><\/strong> velcro hembra\/suave para agarrar los electrodos que llevan velcro macho\/ y los electrodos anteriores se puedan sustituir.<b><\/b><\/p>\n<p style=\"text-align: justify;\"><strong>\u00bfPuedo poner el cable de otro traje en los chalecos BY LEBRON?<\/strong><\/p>\n<p style=\"text-align: justify;\">Si se puede. Pero puede que las medidas no coincidan, ya que los cables se fabrican para adaptarse al dise\u00f1o de cada chaleco y cada fabricante tenemos distintos dise\u00f1os, es decir, sobrar\u00e1 cable en algunos m\u00fasculos.<\/p>\n<p style=\"text-align: justify;\"><strong>\u00bfPuedo poner un cable BY LEBRON en otro traje?<\/strong><\/p>\n<p style=\"text-align: justify;\">Si se puede. Pero puede que las medidas no coincidan, ya que los cables se fabrican para adaptarse al dise\u00f1o de cada chaleco y cada fabricante tenemos distintos dise\u00f1os, es decir, sobrar\u00e1 cable en algunos m\u00fasculos y puede que falte en otros m\u00fasculos.<br \/>\nTe damos seguridad de que la conexi\u00f3n es 100% correcta, la media la tienes que adaptar.<\/p>\n<p style=\"text-align: justify;\"><strong>\u00bfPuedo conectar el cable de otro traje\/firma a los electrodos BY LEBRON?<\/strong><\/p>\n<p style=\"text-align: justify;\">Dif\u00edcilmente ya que los cables (parte macho) se conectan al snap del electrodo (parte hembra) y cada fabricante tiene sus propias medidas\/dise\u00f1o de ambos. Pero se han dado casos que han funcionado, es cuesti\u00f3n de probar y en caso contrario ,has de comprar un cable BY LEBRON y asi te seguras la conexi\u00f3n 100% compatible.<\/p>\n<p style=\"text-align: justify;\"><strong>\u00bfPuedo conectar el cable BY LEBRON a otros electrodos?<\/strong><\/p>\n<p style=\"text-align: justify;\">Dif\u00edcilmente ya que los cables (parte macho) se conectan al snap del electrodo (parte hembra) y cada fabricante tiene sus propias medidas\/dise\u00f1o de ambos. . Pero se han dado casos que han funcionado, es cuesti\u00f3n de probar y en caso contrario, has de comprar un cable BY LEBRON y as\u00ed te seguras la conexi\u00f3n 100% compatible.<\/p>\n<p style=\"text-align: justify;\"><strong>\u00bfPuedo adaptar los chalecos BY LEBRON a pantalones o cintur\u00f3n de otras firmas o viceversa?<\/strong><\/p>\n<p style=\"text-align: justify;\">Si puedes. Al ser piezas separadas las puedes adaptar y nuestros productos. Los pantalones llevan cintur\u00f3n para sujetar en cintura y ajustar electrodos gl\u00fateos.<\/p>\n<p style=\"text-align: justify;\"><strong>*COMPROBAR LAS MEDIDAS SEG\u00daN NUESTRAS TABLAS DE MEDIDAS, CADA FABRICANTE TENEMOS NUESTRAS TALLAS .<\/strong><\/p>\n<p style=\"text-align: justify;\"><strong>*NUESTROS CHALECOS LLEVAN GUIAS INTERNAS PARA OCULTAR LOS CABLES, LOS CABLES SE CONECTAN A LOS ELECTRODOS POR EL INTERIOR.<\/strong><\/p>\n<p style=\"text-align: justify;\">\n","protected":false},"excerpt":{"rendered":"<p>Chaleco electroestimulaci\u00f3n Flex Body completo<\/p>\n","protected":false},"featured_media":5384,"comment_status":"closed","ping_status":"closed","template":"","meta":[],"product_brand":[],"product_cat":[115],"product_tag":[119,120],"class_list":{"0":"post-4303","1":"product","2":"type-product","3":"status-publish","4":"has-post-thumbnail","6":"product_cat-chalecos-completos-ems","7":"product_tag-electroestimulacion","8":"product_tag-ems","10":"first","11":"instock","12":"shipping-taxable","13":"purchasable","14":"product-type-variable"},"_links":{"self":[{"href":"https:\/\/bylebron.com\/de\/wp-json\/wp\/v2\/product\/4303","targetHints":{"allow":["GET"]}}],"collection":[{"href":"https:\/\/bylebron.com\/de\/wp-json\/wp\/v2\/product"}],"about":[{"href":"https:\/\/bylebron.com\/de\/wp-json\/wp\/v2\/types\/product"}],"replies":[{"embeddable":true,"href":"https:\/\/bylebron.com\/de\/wp-json\/wp\/v2\/comments?post=4303"}],"wp:featuredmedia":[{"embeddable":true,"href":"https:\/\/bylebron.com\/de\/wp-json\/wp\/v2\/media\/5384"}],"wp:attachment":[{"href":"https:\/\/bylebron.com\/de\/wp-json\/wp\/v2\/media?parent=4303"}],"wp:term":[{"taxonomy":"product_brand","embeddable":true,"href":"https:\/\/bylebron.com\/de\/wp-json\/wp\/v2\/product_brand?post=4303"},{"taxonomy":"product_cat","embeddable":true,"href":"https:\/\/bylebron.com\/de\/wp-json\/wp\/v2\/product_cat?post=4303"},{"taxonomy":"product_tag","embeddable":true,"href":"https:\/\/bylebron.com\/de\/wp-json\/wp\/v2\/product_tag?post=4303"}],"curies":[{"name":"wp","href":"https:\/\/api.w.org\/{rel}","templated":true}]}}