{"id":5489,"date":"2024-02-17T21:43:16","date_gmt":"2024-02-17T20:43:16","guid":{"rendered":"https:\/\/bylebron.com\/?post_type=product&#038;p=5489"},"modified":"2025-09-27T11:03:17","modified_gmt":"2025-09-27T10:03:17","slug":"pantalon","status":"publish","type":"product","link":"https:\/\/bylebron.com\/de\/producto\/pantalon\/","title":{"rendered":"Pantal\u00f3n"},"content":{"rendered":"<p><span style=\"color: #3366ff;\"><strong>PANTALON = <\/strong>PANTALON + PAR GEMELOS +8 ELECTRODOS (6M+2P)<\/span><\/p>\n<p>Tonifica, endurece, aumenta o define tus m\u00fasculos y mejora tu l\u00ednea con nuestras prendas EMS, trabaja los 5 grupo de m\u00fasculos principales; Gl\u00fateos, Isquios, Cu\u00e1driceps, Aductor y Gemelos.<\/p>\n<p>Para trabajar la sesi\u00f3n EN ACTIVO O EN PASIVO,en movimiento o en relax.<\/p>\n<p>Puedes utilizarlo tambi\u00e9n en la finalizaci\u00f3n del entrenamiento para relajar los m\u00fasculos o como trabajo de lesiones para alguna zona concreta. Tambi\u00e9n como masaje recuperador, especialmente en piernas, lumbar, dorsal o espalda completa.<\/p>\n<p>Revisa bien los programas de tu equipo y su ficha t\u00e9cnica, para poder hacer todas las combinaciones posibles de programas con nuestras prendas puestas y as\u00ed trabajar cuerpo integro o zonas completas concretas, ej.:<\/p>\n<ul>\n<li>DEPORTE; Despu\u00e9s del trabajo muscular y con las prendas aun puestas puedes: *Hacer estiramientos * Masajes descontracturantes *Descarga de m\u00fasculos espalda o piernas\u2026*estos programas tambi\u00e9n se utilizan despu\u00e9s de un d\u00eda intenso de jornada laboral y sin haber entrenado!!<\/li>\n<li>G-PULSE (Electroestimulaci\u00f3n Facial); Microlifting cara, Elasticidad Piel, Activaci\u00f3n Col\u00e1geno\u2026<\/li>\n<li>BELLEZA; Lipolisis y despu\u00e9s Drenaje Linf\u00e1tico, Masaje Energizante, Reafirmaci\u00f3n Postparto\u2026\u00a1\u00a1EN CAMILLA Y EN PASIVO!!<\/li>\n<li>RECUERDA!! Con esta iniciativa trabajas programas en ACTIVO y en PASIVO\u2026Deporte, Est\u00e9tica, Terapia\u2026TODO!!<\/li>\n<\/ul>\n<p>Como tu electro estimulador tiene 4 salidas, podemos trabajar 4 grupos musculares en una sesi\u00f3n y gracias a nuestro cintur\u00f3n\/funda para posicionar el equipo, puedes liberarte las manos y as\u00ed utilizar maquinaria complementaria del gym o moverte.<\/p>\n<p>Pero tambi\u00e9n tienes la opci\u00f3n de \u201cTRABAJAR EL CUERPO INTEGRO EN UNA SESION\u201d, con el juego de cables 4&#215;4 trabajas 16 m\u00fasculos simult\u00e1neamente.<\/p>\n<p>PREGUNTANOS Y TE ASESORAMOS!!!<\/p>\n<p><strong><span style=\"color: #3366ff;\">\u2014\u00a0FICHA\/DATOS TECNICOS<\/span><\/strong><\/p>\n<p>Cada salida tiene dos conexiones (positivo y negativo) y cada conexi\u00f3n ira posicionada en cada musculo del mismo grupo (2 pectorales + y -,2 gl\u00fateos + y -\u2026.)<\/p>\n<p>La conexi\u00f3n de los cables del equipo al traje es exterior y con gu\u00edas, de esta manera es m\u00e1s r\u00e1pido el posicionar y movilizar los cables al electrodo y quedan recogidos para una sesi\u00f3n de ejercicios m\u00e1s optima.<\/p>\n<p>Nuestros electrodos son h\u00famedos y movibles (de quita y pon) con ello conseguimos:<\/p>\n<p><strong>VIDA DE ELECTRODOS<\/strong>: de 8-12 meses seg\u00fan sesiones de trabajo y trato en el uso del art\u00edculo.<\/p>\n<p><strong>IMPORTANTE!!<\/strong>EL RESTO DE chalecos que llevan los electrodos o snap (bot\u00f3n de conexi\u00f3n) incorporados, cuando falla 1 electrodo o el snap se deteriora, paraliza el chaleco completo puesto que para dar soluci\u00f3n a ese electrodo\/snap, habr\u00eda que enviar \u201cLA PRENDA A REPARAR AL COMPLETO\u201d. Pero esto no es viable en estos dise\u00f1os, y este tipo de prendas no admite reparaciones con lo cual tendr\u00edas que comprar otra prenda nueva. Nuestros electrodos al estar LIBRE DE LA PRENDA, lo puedes cambiar en caso de fallo, desgaste de la pieza, aver\u00eda.. de esta manera T\u00da cambias el electrodo err\u00f3neo y continuas tu trabajo\u2026FACIL, RAPIDO Y ECONOMICO!!<\/p>\n<p>CON NUESTRO TRAJE\u00a0 ESTO NO SUCEDE Y ADEMAS \u00a1QUITAS TODOS LOS ELECTRODOS Y PUEDES LAVAR TU PANTAL\u00d3N!<\/p>\n<p>ELECTRODOS FLEXIBLES, LIGEROS, TEXTILES Y SE ADAPTAN TOTAL AL CUERPO. Con acabado en algod\u00f3n 100%, es decir, d\u00e9 f\u00e1cil empapado y r\u00e1pido secado.<\/p>\n<p>Con el f\u00e1cil empapado conseguimos <strong>gran conductividad y aseguramos la continuaci\u00f3n del impulso<\/strong>. Con f\u00e1cil secado no existen la humedad <strong>y no existen los malos olores<\/strong>.<\/p>\n<p>Potente material conductor y del mismo tama\u00f1o que el electrodo (no mengua en el interior el tama\u00f1o de la tela conductora)<\/p>\n<p><strong>Reposici\u00f3n de electrodos<\/strong>. Venta de electrodos sueltos (por parejas).<\/p>\n<p><strong>No necesita crema ni gel conductor<\/strong>.<\/p>\n<p><strong>TENEMOS 4 TALLAS PARA TODAS LAS CONFORMACIONES XS, S, M, L!!!!<\/strong><\/p>\n<p><strong>Realizado en tejido 3D<\/strong>, tejido aplicado al deporte y totalmente calado para su traspiraci\u00f3n y con una vida larga de lavados (agua fr\u00eda, jab\u00f3n neutro a mano o m\u00e1quina, acepta las dos opciones de lavados).<\/p>\n<p><strong>Dise\u00f1o y patr\u00f3n testado.<\/strong> Cintas, hebillas, cierres\u2026todo tipo de materiales para su mayor ajuste y dar resultados garantizados en las sesiones.<\/p>\n<p><strong>Refuerzos en costados,<\/strong> vistas, laterales y puntos de tensi\u00f3n donde hay que reforzar la zona para as\u00ed darle m\u00e1s sujeci\u00f3n y vida de utilidad a la prenda.<\/p>\n<p><strong>Hombros regulables<\/strong> para los distintos largos de talles, mujer y hombre. Al igual que los anchos y costados, que se regulan y ajustan al contorno exacto, con ello conseguimos que el electrodo se ajuste de manera total al cuerpo, dando como resultado impulso del electrodo continuo sin interferencias ni efectos desagradables (calambres que suceden cuando el electrodo no est\u00e1 bien en contacto con cuerpo)<\/p>\n<p><strong>Cremallera de alta resistencia YKK<\/strong>, la mejor cremallera que actualmente existe en mercado.<\/p>\n<p>Maquinarias, hilos y dem\u00e1s materiales aplicados a confecci\u00f3n de prendas de alta resistencias. <strong>\u00a1\u00a1Somos especialistas en estos materiales!!<\/strong><\/p>\n<p><strong>100% ESPA\u00d1OLES.TODA nuestra fabricaci\u00f3n esta realizada en Espa\u00f1a<\/strong>!! Servicio postventa para reposiciones o dudas.<\/p>\n<p>&nbsp;<\/p>\n<p><strong><span style=\"color: #3366ff;\"> \u2014<\/span> <span style=\"color: #3366ff;\">MODO DE USO DE LAS PRENDAS BY BODYPAR<\/span><\/strong><span style=\"color: #3366ff;\"><strong>\u00a0 \u00a0<\/strong><\/span><strong>\u00a0 \u00a0 \u00a0 \u00a0 \u00a0 \u00a0 \u00a0 \u00a0 \u00a0 \u00a0 \u00a0 \u00a0 \u00a0 \u00a0 \u00a0 \u00a0 \u00a0<\/strong><\/p>\n<p><span style=\"color: #3366ff;\"><strong>\u221a<\/strong> <\/span>\u00a1\u00a1\u00a1HUMEDECE BIEN LOS ELECTRODOS!!!unos electrodos poco humedecidos, no hacen bien su trabajo de conexi\u00f3n y buen impulso. Cuando finalices la sesi\u00f3n, cuelga las prendas en percha para que se sequen bien.<\/p>\n<p><strong><span style=\"color: #3366ff;\">\u221a <\/span><\/strong>Procura que la prenda este lo m\u00e1s ajustada a tu cuerpo, las holguras en estas prendas dan mal funcionamiento, deja de haber impulso en el momento que existe holgura. Por esto aj\u00fastate bien hombros y tensores de los contornos. No te preocupes si no te quedan las prendas TOTALMENTE CERRADAS DE LOS LATERALES, esto es normal ya que la misma talla (de las 4 que fabricamos) abarca varias conformaciones. Lo m\u00e1s importante es que la medida del traje\/tensores se adapten a tu contorno y este bien tensado.<\/p>\n<p><span style=\"color: #3366ff;\"><strong>\u221a<\/strong><\/span> Cuando tengas que trabajar el tren superior puedes utilizar el chaleco solo, pero cuando trabajes el tren inferior (pantal\u00f3n), hazlo unido al chaleco. \u00bf\u00bfPOR QU\u00c9?? porque y aunque nuestro pantal\u00f3n tenga piezas que le dan buena posici\u00f3n en cuerpo, con el movimiento del ejercicio, este se mueve tambi\u00e9n y crea holgura y con ello el electrodo hace interferencias. Une el pantal\u00f3n al chaleco por los velcros internos de la espalda\/cintura, as\u00ed se formar\u00e1 una \u00fanica pieza \u201cINAMOVIBLE Y SEGURA\u201d ante cualquier movimiento asegur\u00e1ndonos una buen sesi\u00f3n EMS.<\/p>\n<p><strong><span style=\"color: #3366ff;\">\u221a<\/span><\/strong> Procura trabajar grupos de m\u00fasculos del mismo TREN (superior \/inferior) EJ; ESPALDA= trapecios, dorsal, lumbar y brazos. \u00bf\u00bfPOR QU\u00c9?? porque as\u00ed trabajas todos los m\u00fasculos de una misma zona y los cables est\u00e1n todos agrupados, guiados y mejor recogidos. Cuantos m\u00e1s recogidos est\u00e9n los cables, m\u00e1s comodidad vas a tener para entrenar, sobre todo en activo.<\/p>\n<p><strong><span style=\"color: #3366ff;\">\u221a<\/span><\/strong> Las prendas <span style=\"color: #3366ff;\">BY LEBRON<\/span> las puedes lavar a mano o a m\u00e1quina. Primero retira todos los electrodos y utiliza un jab\u00f3n suave y agua fr\u00eda ej con SANITOL. Con este producto si quieres tienes la opci\u00f3n de pulverizarlo en vez de lavar y tambi\u00e9n tendr\u00e1s tus prendas siempre limpias, desinfectadas y con buen olor\u2026.listas para otra nueva sesi\u00f3n!!!<\/p>\n","protected":false},"excerpt":{"rendered":"<p>PANTALON = PANTALON + PAR GEMELOS +8 ELECTRODOS (6M+2P) Tonifica, endurece, aumenta o define tus m\u00fasculos y mejora tu l\u00ednea con nuestras prendas EMS, trabaja los 5 grupo de m\u00fasculos principales; Gl\u00fateos, Isquios, Cu\u00e1driceps, Aductor y Gemelos. Para trabajar la sesi\u00f3n EN ACTIVO O EN PASIVO,en movimiento o en relax. Puedes utilizarlo tambi\u00e9n en la<br \/><a href=\"https:\/\/bylebron.com\/de\/producto\/pantalon\/\" class=\"more\">Read more<\/a><\/p>\n","protected":false},"featured_media":5524,"comment_status":"closed","ping_status":"closed","template":"","meta":[],"product_brand":[],"product_cat":[143],"product_tag":[],"class_list":{"0":"post-5489","1":"product","2":"type-product","3":"status-publish","4":"has-post-thumbnail","6":"product_cat-ems_personal","7":"product_shipping_class-envio-peninsula","9":"first","10":"instock","11":"sale","12":"shipping-taxable","13":"purchasable","14":"product-type-variable"},"_links":{"self":[{"href":"https:\/\/bylebron.com\/de\/wp-json\/wp\/v2\/product\/5489","targetHints":{"allow":["GET"]}}],"collection":[{"href":"https:\/\/bylebron.com\/de\/wp-json\/wp\/v2\/product"}],"about":[{"href":"https:\/\/bylebron.com\/de\/wp-json\/wp\/v2\/types\/product"}],"replies":[{"embeddable":true,"href":"https:\/\/bylebron.com\/de\/wp-json\/wp\/v2\/comments?post=5489"}],"wp:featuredmedia":[{"embeddable":true,"href":"https:\/\/bylebron.com\/de\/wp-json\/wp\/v2\/media\/5524"}],"wp:attachment":[{"href":"https:\/\/bylebron.com\/de\/wp-json\/wp\/v2\/media?parent=5489"}],"wp:term":[{"taxonomy":"product_brand","embeddable":true,"href":"https:\/\/bylebron.com\/de\/wp-json\/wp\/v2\/product_brand?post=5489"},{"taxonomy":"product_cat","embeddable":true,"href":"https:\/\/bylebron.com\/de\/wp-json\/wp\/v2\/product_cat?post=5489"},{"taxonomy":"product_tag","embeddable":true,"href":"https:\/\/bylebron.com\/de\/wp-json\/wp\/v2\/product_tag?post=5489"}],"curies":[{"name":"wp","href":"https:\/\/api.w.org\/{rel}","templated":true}]}}