{"id":5563,"date":"2024-02-21T21:04:38","date_gmt":"2024-02-21T20:04:38","guid":{"rendered":"https:\/\/bylebron.com\/?post_type=product&#038;p=5563"},"modified":"2025-09-29T09:49:03","modified_gmt":"2025-09-29T08:49:03","slug":"electrodos-interiores","status":"publish","type":"product","link":"https:\/\/bylebron.com\/de\/producto\/electrodos-interiores\/","title":{"rendered":"Electrodos interiores"},"content":{"rendered":"<p>En dos medidas:<\/p>\n<p>14&#215;10 = Trabaja los m\u00fasculos: dorsal, lumbar, abdomen, gl\u00fateos, isquios y cu\u00e1driceps<\/p>\n<p>6&#215;10 = Trabaja \u00a0los musculos: trapecios, pecho, oblicuos y aductores<\/p>\n<p><strong>VIDA DE ELECTRODOS<\/strong> ; de 8-12 meses seg\u00fan sesiones de trabajo y trato en el uso del articulo .<\/p>\n<p><span style=\"color: #3366ff;\"><strong>\u2014FICHA\/DATOS TECNICOS<\/strong><\/span><\/p>\n<p>Nuestros electrodos son h\u00famedos y movibles (de quita y pon) con ello conseguimos:<\/p>\n<p><strong>\u221a IMPORTANTE!!<\/strong>EL RESTO DE chalecos que llevan los electrodos o snap(bot\u00f3n de conexi\u00f3n) incorporados, cuando falla 1 electrodo o el snap se deteriora, paraliza el chaleco completo puesto que para dar soluci\u00f3n a ese electrodo\/snap, habria que enviar \u201cLA PRENDA A REPARAR AL COMPLETO\u201d .Pero esto no es viable en estos dise\u00f1os, y este tipo de prendas no admite reparaciones con lo cual tendr\u00edas que comprar otra prenda nueva. Nuestros electrodos al estar LIBRE DE LA PRENDA, lo puedes cambiar en caso de fallo, desgaste de la pieza, aver\u00eda.. de esta manera T\u00da cambias el electrodo err\u00f3neo y continuas tu trabajo\u2026FACIL, RAPIDO Y ECONOMICO!!<\/p>\n<p>\u221a ELECTRODOS FLEXIBLES, LIGEROS, TEXTILES Y SE ADAPTAN TOTAL AL CUERPO. Con acabado en algod\u00f3n 100%, es decir, d\u00e9 f\u00e1cil empapado y r\u00e1pido secado.<\/p>\n<p>\u221a Con el f\u00e1cil empapado conseguimos <strong>gran conductividad y aseguramos la continuaci\u00f3n del impulso<\/strong>. Con f\u00e1cil secado no existen la humedad <strong>y no existen los malos olores<\/strong>.<\/p>\n<p>\u221a Potente material conductor y del mismo tama\u00f1o que el electrodo (no mengua en el interior el tama\u00f1o de la tela conductora)<\/p>\n<p><strong>\u221a Reposici\u00f3n de electrodos<\/strong>. Venta de electrodos sueltos (por parejas).<\/p>\n<p><strong>\u221a No necesita crema ni gel conductor<\/strong>.<\/p>\n<p>\u221a Procura no sentarte o tumbarte encima de los electrodos en la sesi\u00f3n. S\u00ed vas a trabajar el delantero ej;, t\u00fambate poca arriba para que los electrodos no se da\u00f1en o haz los ejercicios de tal opci\u00f3n para no da\u00f1arlos, as\u00ed la vida del electrodo ser\u00e1 mayor.<\/p>\n<p>\u221a \u00a1\u00a1\u00a1HUMEDECE BIEN LOS ELECTRODOS!!!unos electrodos poco humedecidos, no hacen bien su trabajo de conexi\u00f3n y buen impulso. Cuando finalices la sesi\u00f3n, cuelga las prendas en percha para que se sequen bien.<\/p>\n<p>\u221a L\u00edmpialos cada varias sesiones de trabajo con SANITOL en spray, asi tendr\u00e1s tus electrodos siempre limpios y desinfectados. \u00a1\u00a1PULVERIZAR, DEJAR SECAR Y LISTOS!!<\/p>\n","protected":false},"excerpt":{"rendered":"<p>En dos medidas: 14&#215;10 = Trabaja los m\u00fasculos: dorsal, lumbar, abdomen, gl\u00fateos, isquios y cu\u00e1driceps 6&#215;10 = Trabaja \u00a0los musculos: trapecios, pecho, oblicuos y aductores VIDA DE ELECTRODOS ; de 8-12 meses seg\u00fan sesiones de trabajo y trato en el uso del articulo . \u2014FICHA\/DATOS TECNICOS Nuestros electrodos son h\u00famedos y movibles (de quita y<br \/><a href=\"https:\/\/bylebron.com\/de\/producto\/electrodos-interiores\/\" class=\"more\">Read more<\/a><\/p>\n","protected":false},"featured_media":5519,"comment_status":"closed","ping_status":"closed","template":"","meta":[],"product_brand":[],"product_cat":[143],"product_tag":[],"class_list":{"0":"post-5563","1":"product","2":"type-product","3":"status-publish","4":"has-post-thumbnail","6":"product_cat-ems_personal","8":"first","9":"instock","10":"shipping-taxable","11":"purchasable","12":"product-type-variable"},"_links":{"self":[{"href":"https:\/\/bylebron.com\/de\/wp-json\/wp\/v2\/product\/5563","targetHints":{"allow":["GET"]}}],"collection":[{"href":"https:\/\/bylebron.com\/de\/wp-json\/wp\/v2\/product"}],"about":[{"href":"https:\/\/bylebron.com\/de\/wp-json\/wp\/v2\/types\/product"}],"replies":[{"embeddable":true,"href":"https:\/\/bylebron.com\/de\/wp-json\/wp\/v2\/comments?post=5563"}],"wp:featuredmedia":[{"embeddable":true,"href":"https:\/\/bylebron.com\/de\/wp-json\/wp\/v2\/media\/5519"}],"wp:attachment":[{"href":"https:\/\/bylebron.com\/de\/wp-json\/wp\/v2\/media?parent=5563"}],"wp:term":[{"taxonomy":"product_brand","embeddable":true,"href":"https:\/\/bylebron.com\/de\/wp-json\/wp\/v2\/product_brand?post=5563"},{"taxonomy":"product_cat","embeddable":true,"href":"https:\/\/bylebron.com\/de\/wp-json\/wp\/v2\/product_cat?post=5563"},{"taxonomy":"product_tag","embeddable":true,"href":"https:\/\/bylebron.com\/de\/wp-json\/wp\/v2\/product_tag?post=5563"}],"curies":[{"name":"wp","href":"https:\/\/api.w.org\/{rel}","templated":true}]}}