{"id":5782,"date":"2024-06-05T18:29:20","date_gmt":"2024-06-05T17:29:20","guid":{"rendered":"https:\/\/bylebron.com\/?post_type=product&#038;p=5782"},"modified":"2025-02-14T12:34:22","modified_gmt":"2025-02-14T11:34:22","slug":"kit-2-cables-divisor-de-canales-para-electroestimuladores","status":"publish","type":"product","link":"https:\/\/bylebron.com\/de\/producto\/kit-2-cables-divisor-de-canales-para-electroestimuladores\/","title":{"rendered":"Kit 2 Cables Divisor de Canales para Electroestimuladores"},"content":{"rendered":"<p><strong>Kit 2 Cables Divisor Canales Electroestimuladores 4 Canales.<\/strong>\u00a0Divide las salidas a\u00a0<strong>electrodos\u00a0<\/strong>de cada canal\u00a0de tu\u00a0<strong>electroestimulador<\/strong>. Ideal para poder estimular zonas del cuerpo con 16 electrodos. Compatible con\u00a0<strong>electroestimuladores\u00a0<\/strong>de 4 canales\u00a0<strong>Globus<\/strong>.<\/p>\n<p>Cada<strong>\u00a0Kit de 2 Cables<\/strong>\u00a0permitir\u00e1 subdividir 2 canales en 4.<\/p>\n<p>Atenci\u00f3n: Utilizando el cable divisor de canales tambi\u00e9n la intensidad del canal del\u00a0<strong>electroestimulador<\/strong>\u00a0se subdivide en m\u00e1s\u00a0<strong>electrodos<\/strong>, por lo tanto ser\u00e1 necesario utilizar mayor intensidad con respecto al cable tradicional.<\/p>\n","protected":false},"excerpt":{"rendered":"<p>Kit 2 Cables Divisor Canales Electroestimuladores 4 Canales.\u00a0Divide las salidas a\u00a0electrodos\u00a0de cada canal\u00a0de tu\u00a0electroestimulador. Ideal para poder estimular zonas del cuerpo con 16 electrodos. Compatible con\u00a0electroestimuladores\u00a0de 4 canales\u00a0Globus. Cada\u00a0Kit de 2 Cables\u00a0permitir\u00e1 subdividir 2 canales en 4. Atenci\u00f3n: Utilizando el cable divisor de canales tambi\u00e9n la intensidad del canal del\u00a0electroestimulador\u00a0se subdivide en m\u00e1s\u00a0electrodos, por lo<br \/><a href=\"https:\/\/bylebron.com\/de\/producto\/kit-2-cables-divisor-de-canales-para-electroestimuladores\/\" class=\"more\">Read more<\/a><\/p>\n","protected":false},"featured_media":5738,"comment_status":"closed","ping_status":"closed","template":"","meta":[],"product_brand":[],"product_cat":[143],"product_tag":[],"class_list":{"0":"post-5782","1":"product","2":"type-product","3":"status-publish","4":"has-post-thumbnail","6":"product_cat-ems_personal","8":"first","9":"instock","10":"shipping-taxable","11":"purchasable","12":"product-type-simple"},"_links":{"self":[{"href":"https:\/\/bylebron.com\/de\/wp-json\/wp\/v2\/product\/5782","targetHints":{"allow":["GET"]}}],"collection":[{"href":"https:\/\/bylebron.com\/de\/wp-json\/wp\/v2\/product"}],"about":[{"href":"https:\/\/bylebron.com\/de\/wp-json\/wp\/v2\/types\/product"}],"replies":[{"embeddable":true,"href":"https:\/\/bylebron.com\/de\/wp-json\/wp\/v2\/comments?post=5782"}],"wp:featuredmedia":[{"embeddable":true,"href":"https:\/\/bylebron.com\/de\/wp-json\/wp\/v2\/media\/5738"}],"wp:attachment":[{"href":"https:\/\/bylebron.com\/de\/wp-json\/wp\/v2\/media?parent=5782"}],"wp:term":[{"taxonomy":"product_brand","embeddable":true,"href":"https:\/\/bylebron.com\/de\/wp-json\/wp\/v2\/product_brand?post=5782"},{"taxonomy":"product_cat","embeddable":true,"href":"https:\/\/bylebron.com\/de\/wp-json\/wp\/v2\/product_cat?post=5782"},{"taxonomy":"product_tag","embeddable":true,"href":"https:\/\/bylebron.com\/de\/wp-json\/wp\/v2\/product_tag?post=5782"}],"curies":[{"name":"wp","href":"https:\/\/api.w.org\/{rel}","templated":true}]}}