{"id":5819,"date":"2025-01-14T19:55:27","date_gmt":"2025-01-14T18:55:27","guid":{"rendered":"https:\/\/bylebron.com\/?post_type=product&#038;p=5819"},"modified":"2025-09-29T11:17:31","modified_gmt":"2025-09-29T10:17:31","slug":"pack-gluteos-y-piernas","status":"publish","type":"product","link":"https:\/\/bylebron.com\/de\/producto\/pack-gluteos-y-piernas\/","title":{"rendered":"Pack gl\u00fateos y piernas"},"content":{"rendered":"<p><span style=\"color: #3366ff;\"><em><strong>Cinturones gl\u00fateos con pareja electrodos + pareja bandas electrodos piernas cu\u00e1driceps e isquios\/femoral + 4 adaptadores<\/strong><\/em><\/span><\/p>\n<p><em><strong>Para trabajar el TREN INFERIOR ,es decir, gl\u00fateos, cu\u00e1driceps e isquios\/femoral simult\u00e1neamente y en PASIVO O EN MOVIMIENTO\u2026.<\/strong><\/em>FLEXIBLES, LIGEROS, AJUSTABLES, COMODOS\u2026<em><strong>\u2026<\/strong><\/em><\/p>\n<p><em><strong>PASIVO= En casa, tumbada, leyendo, de relax\u2026<\/strong><\/em><\/p>\n<p><em><strong>MOVIMIENTO =Ll\u00e9vatelo al gym y entrena con \u00e9l, sal a caminar con ello, realiza aer\u00f3bicos, mu\u00e9vete por la casa mientras haces tareas\u2026<\/strong><\/em><\/p>\n<p>Es una pieza creada para revolucionar el mundo de los cinturones de electroestimulaci\u00f3n. Hemos corregido y mejorado el dise\u00f1o alargando la parte central para lograr que no moleste en el abdomen al realizar cualquier tipo de ejercicio. Se fija completamente al gl\u00fateo evitando su movimiento y garantizando la m\u00e1xima comodidad en las sesiones de entrenamiento<\/p>\n<p>El interior es de velcro suave el\u00e1stico y con gran\u00a0agarre, para\u00a0posicionar f\u00e1cilmente los electrodos y movilizarlos seg\u00fan\u00a0m\u00fasculos\u00a0y\u00a0clientes.<\/p>\n<p>Las piernas se ajustan al m\u00e1ximo para crear seguridad y comodidad en su movimiento. Gran impulso EMS. Electrodos para trabajar en h\u00famedo solo con agua. Recuerda empapar bien los electrodos para un buen impulso y conexi\u00f3n.<\/p>\n<p>Duraci\u00f3n de electrodos tanto de gl\u00fateos como piernas de 8-12 meses (seg\u00fan su uso).Incluye adaptadores para conectar con cables con finalizaci\u00f3n banana (seg\u00fan mostramos en fotos),as\u00ed conseguimos la m\u00e1xima compatibilidad con las principales firmas de electro estimuladores.<\/p>\n<p><em>Realizado en <strong>Flex Body Technology\u00ae<\/strong> (tejido patentado por By Lebron) y en 3 tallas<\/em><\/p>\n<p>TALLA S: para tallas de pantal\u00f3n 38-40<\/p>\n<p>TALLA M: para tallas de pantal\u00f3n 42-44<\/p>\n<p>TALLA L: para tallas de pantal\u00f3n 46-48<\/p>\n<p><strong><span style=\"color: #3366ff;\">\u2014\u00a0FICHA\/DATOS TECNICOS<\/span><\/strong><\/p>\n<p>Nuestros electrodos son h\u00famedos y movibles (de quita y pon)<\/p>\n<p><strong>VIDA DE ELECTRODOS<\/strong>: de 8-12 meses seg\u00fan sesiones de trabajo y trato en el uso del art\u00edculo.<\/p>\n<p>CON NUESTRO CINTURON DE GLUTEOS \u00a1QUITAS TODOS LOS ELECTRODOS Y PUEDES LAVARLO!<\/p>\n<p>ELECTRODOS FLEXIBLES, LIGEROS, TEXTILES Y SE ADAPTAN TOTAL AL CUERPO. Con acabado en algod\u00f3n 100%, es decir, d\u00e9 f\u00e1cil empapado y r\u00e1pido secado.<\/p>\n<p>Con el f\u00e1cil empapado conseguimos <strong>gran conductividad y aseguramos la continuaci\u00f3n del impulso<\/strong>. Con f\u00e1cil secado no existen la humedad <strong>y no existen los malos olores<\/strong>.<\/p>\n<p>Potente material conductor y del mismo tama\u00f1o que el electrodo (no mengua en el interior el tama\u00f1o de la tela conductora)<\/p>\n<p><strong>Reposici\u00f3n de electrodos<\/strong>. Venta de electrodos sueltos (por parejas).<\/p>\n<p><strong>No necesita crema ni gel conductor<\/strong>.<\/p>\n<p><strong>TENEMOS 3 TALLAS PARA TODAS LAS CONFORMACIONES S, M, L!!!!<\/strong><\/p>\n<p>Maquinarias, hilos y dem\u00e1s materiales aplicados a confecci\u00f3n de prendas de alta resistencias. <strong>\u00a1\u00a1Somos especialistas en estos materiales!!<\/strong><\/p>\n<p><strong>100% ESPA\u00d1OLES. TODA nuestra fabricaci\u00f3n esta realizada en Espa\u00f1a<\/strong>!! Servicio postventa para reposiciones o dudas.<\/p>\n<p>&nbsp;<\/p>\n<p><strong><span style=\"color: #3366ff;\"> \u2014<\/span> <span style=\"color: #3366ff;\">MODO DE USO DE LAS PRENDAS BY BODYPAR<\/span><\/strong><span style=\"color: #3366ff;\"><strong>\u00a0 \u00a0<\/strong><\/span><strong>\u00a0 \u00a0 \u00a0 \u00a0 \u00a0 \u00a0 \u00a0 \u00a0 \u00a0 \u00a0 \u00a0 \u00a0 \u00a0 \u00a0 \u00a0 \u00a0 \u00a0<\/strong><\/p>\n<p><span style=\"color: #3366ff;\"><strong>\u221a<\/strong> <\/span>\u00a1\u00a1\u00a1HUMEDECE BIEN LOS ELECTRODOS!!!unos electrodos poco humedecidos, no hacen bien su trabajo de conexi\u00f3n y buen impulso. Cuando finalices la sesi\u00f3n, cuelga las prendas en percha para que se sequen bien.<\/p>\n<p><strong><span style=\"color: #3366ff;\">\u221a <\/span><\/strong>Procura que la prenda este lo m\u00e1s ajustada a tu cuerpo, las holguras en estas prendas dan mal funcionamiento, deja de haber impulso en el momento que existe holgura. Por esto aj\u00fastate bien hombros y tensores de los contornos. No te preocupes si no te quedan las prendas TOTALMENTE CERRADAS DE LOS LATERALES, esto es normal ya que la misma talla (de las 4 que fabricamos) abarca varias conformaciones. Lo m\u00e1s importante es que la medida del traje\/tensores se adapten a tu contorno y este bien tensado.<\/p>\n<p><strong><span style=\"color: #3366ff;\">\u221a<\/span><\/strong> Las prendas <span style=\"color: #3366ff;\">BY LEBRON<\/span> las puedes lavar a mano o a m\u00e1quina. Primero retira todos los electrodos y utiliza un jab\u00f3n suave y agua fr\u00eda ej con SANITOL. Con este producto si quieres tienes la opci\u00f3n de pulverizarlo en vez de lavar y tambi\u00e9n tendr\u00e1s tus prendas siempre limpias, desinfectadas y con buen olor\u2026.listas para otra nueva sesi\u00f3n!!!<\/p>\n","protected":false},"excerpt":{"rendered":"<p>Cinturones gl\u00fateos con pareja electrodos + pareja bandas electrodos piernas cu\u00e1driceps e isquios\/femoral + 4 adaptadores Para trabajar el TREN INFERIOR ,es decir, gl\u00fateos, cu\u00e1driceps e isquios\/femoral simult\u00e1neamente y en PASIVO O EN MOVIMIENTO\u2026.FLEXIBLES, LIGEROS, AJUSTABLES, COMODOS\u2026\u2026 PASIVO= En casa, tumbada, leyendo, de relax\u2026 MOVIMIENTO =Ll\u00e9vatelo al gym y entrena con \u00e9l, sal a caminar<br \/><a href=\"https:\/\/bylebron.com\/de\/producto\/pack-gluteos-y-piernas\/\" class=\"more\">Read more<\/a><\/p>\n","protected":false},"featured_media":5825,"comment_status":"closed","ping_status":"closed","template":"","meta":[],"product_brand":[],"product_cat":[143],"product_tag":[],"class_list":{"0":"post-5819","1":"product","2":"type-product","3":"status-publish","4":"has-post-thumbnail","6":"product_cat-ems_personal","8":"first","9":"instock","10":"sale","11":"shipping-taxable","12":"purchasable","13":"product-type-variable"},"_links":{"self":[{"href":"https:\/\/bylebron.com\/de\/wp-json\/wp\/v2\/product\/5819","targetHints":{"allow":["GET"]}}],"collection":[{"href":"https:\/\/bylebron.com\/de\/wp-json\/wp\/v2\/product"}],"about":[{"href":"https:\/\/bylebron.com\/de\/wp-json\/wp\/v2\/types\/product"}],"replies":[{"embeddable":true,"href":"https:\/\/bylebron.com\/de\/wp-json\/wp\/v2\/comments?post=5819"}],"wp:featuredmedia":[{"embeddable":true,"href":"https:\/\/bylebron.com\/de\/wp-json\/wp\/v2\/media\/5825"}],"wp:attachment":[{"href":"https:\/\/bylebron.com\/de\/wp-json\/wp\/v2\/media?parent=5819"}],"wp:term":[{"taxonomy":"product_brand","embeddable":true,"href":"https:\/\/bylebron.com\/de\/wp-json\/wp\/v2\/product_brand?post=5819"},{"taxonomy":"product_cat","embeddable":true,"href":"https:\/\/bylebron.com\/de\/wp-json\/wp\/v2\/product_cat?post=5819"},{"taxonomy":"product_tag","embeddable":true,"href":"https:\/\/bylebron.com\/de\/wp-json\/wp\/v2\/product_tag?post=5819"}],"curies":[{"name":"wp","href":"https:\/\/api.w.org\/{rel}","templated":true}]}}