{"id":5832,"date":"2025-01-15T19:46:43","date_gmt":"2025-01-15T18:46:43","guid":{"rendered":"https:\/\/bylebron.com\/?post_type=product&#038;p=5832"},"modified":"2025-10-04T16:28:30","modified_gmt":"2025-10-04T15:28:30","slug":"pack-brazos-y-gemelos","status":"publish","type":"product","link":"https:\/\/bylebron.com\/de\/producto\/pack-brazos-y-gemelos\/","title":{"rendered":"Pack brazos y gemelos"},"content":{"rendered":"<p><span style=\"color: #3366ff;\"><strong>Pack: Pareja bandas con electrodos incorporados + 2 adaptadores<\/strong><\/span><\/p>\n<p><strong>\u00a1!IDEAL PARA DESARROLLAR MUSCULO O PARA FORTALECER\/TONIFICAR LA FLACIDEZ DE LOS BRAZOS!!<\/strong><\/p>\n<p><em><strong>Para trabajar simult\u00e1neamente\u00a0 b\u00edceps y triceps, en PASIVO O EN MOVIMIENTO\u2026.<\/strong><\/em>FLEXIBLES, LIGEROS, AJUSTABLES,COMODOS\u2026<em><strong>\u2026<\/strong><\/em><\/p>\n<p><em><strong>PASIVO= En casa, tumbada, leyendo, de relax\u2026<\/strong><\/em><\/p>\n<p><em><strong>MOVIMIENTO =Ll\u00e9vatelo al gym y entrena con \u00e9l, sal a caminar con ello, realiza aer\u00f3bicos, mu\u00e9vete por la casa mientras haces tareas\u2026<\/strong><\/em><\/p>\n<p>Nuestros electrodos est\u00e1n confeccionados para lograr la m\u00e1xima efectividad de los equipos EMS en el entrenamiento. Est\u00e1n fabricados con un material conductor de primera calidad (tejido aleaci\u00f3n de cobre y plata) y su intensidad de impulso est\u00e1 asegurada en toda la superficie.<br \/>\nElite ofrece una mayor resistencia, grosor y duraci\u00f3n est\u00e9tica. Gracias a su dise\u00f1o y materiales, cada talla abarca varias medidas, dando la opci\u00f3n de adaptarlo a varios contornos\/tallas.<br \/>\nCuentan con una conexi\u00f3n para poder trabajar el brazo en su totalidad (b\u00edceps y triceps simult\u00e1neamente). Cierre sin hebilla, por velcro, evitando los desagradables pellizcos.<\/p>\n<p>Electrodos para trabajar en h\u00famedo solo con agua. Recuerda empapar bien los electrodos para un buen impulso y conexi\u00f3n. Duraci\u00f3n de electrodos de 8-12 meses (seg\u00fan su uso). Incluye adaptadores para conectar con cables con finalizaci\u00f3n banana (seg\u00fan mostramos en fotos),as\u00ed conseguimos la m\u00e1xima compatibilidad con las principales firmas de electro estimuladores.<\/p>\n<p>Tallas y Medidas:<\/p>\n<p>Contorno 22-38 cm \u2013 XS<br \/>\nContorno 26-42 cm \u2013 S<br \/>\nContorno 33-49 cm \u2013 M<\/p>\n<p><strong><span style=\"color: #3366ff;\">\u2014\u00a0FICHA\/DATOS TECNICOS<\/span><\/strong><\/p>\n<p>Nuestros electrodos son h\u00famedos y movibles (de quita y pon)<\/p>\n<p><strong>VIDA DE ELECTRODOS<\/strong>: de 8-12 meses seg\u00fan sesiones de trabajo y trato en el uso del art\u00edculo.<\/p>\n<p>CON NUESTRAS BANDAS DE BRAZOS\/GEMELOS \u00a1QUITAS LOS CABLES Y PUEDES LAVARLO!<\/p>\n<p>ELECTRODOS FLEXIBLES, LIGEROS, TEXTILES Y SE ADAPTAN TOTAL AL CUERPO. Con acabado en algod\u00f3n 100%, es decir, d\u00e9 f\u00e1cil empapado y r\u00e1pido secado.<\/p>\n<p>Con el f\u00e1cil empapado conseguimos <strong>gran conductividad y aseguramos la continuaci\u00f3n del impulso<\/strong>. Con f\u00e1cil secado no existen la humedad <strong>y no existen los malos olores<\/strong>.<\/p>\n<p>Potente material conductor y del mismo tama\u00f1o que el electrodo (no mengua en el interior el tama\u00f1o de la tela conductora)<\/p>\n<p><strong>Reposici\u00f3n de electrodos<\/strong>. Venta de electrodos sueltos (por parejas).<\/p>\n<p><strong>No necesita crema ni gel conductor<\/strong>.<\/p>\n<p><strong>TENEMOS 3 TALLAS PARA TODAS LAS CONFORMACIONES XS, S, M!!!!<\/strong><\/p>\n<p>Maquinarias, hilos y dem\u00e1s materiales aplicados a confecci\u00f3n de prendas de alta resistencias. <strong>\u00a1\u00a1Somos especialistas en estos materiales!!<\/strong><\/p>\n<p><strong>100% ESPA\u00d1OLES. TODA nuestra fabricaci\u00f3n esta realizada en Espa\u00f1a<\/strong>!! Servicio postventa para reposiciones o dudas.<\/p>\n<p>&nbsp;<\/p>\n<p><strong><span style=\"color: #3366ff;\"> \u2014<\/span> <span style=\"color: #3366ff;\">MODO DE USO DE LAS PRENDAS BY BODYPAR<\/span><\/strong><span style=\"color: #3366ff;\"><strong>\u00a0 \u00a0<\/strong><\/span><strong>\u00a0 \u00a0 \u00a0 \u00a0 \u00a0 \u00a0 \u00a0 \u00a0 \u00a0 \u00a0 \u00a0 \u00a0 \u00a0 \u00a0 \u00a0 \u00a0 \u00a0<\/strong><\/p>\n<p><span style=\"color: #3366ff;\"><strong>\u221a<\/strong> <\/span>\u00a1\u00a1\u00a1HUMEDECE BIEN LOS ELECTRODOS!!!unos electrodos poco humedecidos, no hacen bien su trabajo de conexi\u00f3n y buen impulso. Cuando finalices la sesi\u00f3n, cuelga las prendas en percha para que se sequen bien.<\/p>\n<p><strong><span style=\"color: #3366ff;\">\u221a <\/span><\/strong>Procura que la prenda este lo m\u00e1s ajustada a tu cuerpo, las holguras en estas prendas dan mal funcionamiento, deja de haber impulso en el momento que existe holgura.<\/p>\n<p><strong><span style=\"color: #3366ff;\">\u221a<\/span><\/strong> Las prendas <span style=\"color: #3366ff;\">BY LEBRON<\/span> las puedes lavar a mano o a m\u00e1quina. Primero retira todos los electrodos y utiliza un jab\u00f3n suave y agua fr\u00eda ej con SANITOL. Con este producto si quieres tienes la opci\u00f3n de pulverizarlo en vez de lavar y tambi\u00e9n tendr\u00e1s tus prendas siempre limpias, desinfectadas y con buen olor\u2026.listas para otra nueva sesi\u00f3n!!!<\/p>\n","protected":false},"excerpt":{"rendered":"<p>Pack: Pareja bandas con electrodos incorporados + 2 adaptadores \u00a1!IDEAL PARA DESARROLLAR MUSCULO O PARA FORTALECER\/TONIFICAR LA FLACIDEZ DE LOS BRAZOS!! Para trabajar simult\u00e1neamente\u00a0 b\u00edceps y triceps, en PASIVO O EN MOVIMIENTO\u2026.FLEXIBLES, LIGEROS, AJUSTABLES,COMODOS\u2026\u2026 PASIVO= En casa, tumbada, leyendo, de relax\u2026 MOVIMIENTO =Ll\u00e9vatelo al gym y entrena con \u00e9l, sal a caminar con ello, realiza<br \/><a href=\"https:\/\/bylebron.com\/de\/producto\/pack-brazos-y-gemelos\/\" class=\"more\">Read more<\/a><\/p>\n","protected":false},"featured_media":5826,"comment_status":"closed","ping_status":"closed","template":"","meta":[],"product_brand":[],"product_cat":[143],"product_tag":[],"class_list":{"0":"post-5832","1":"product","2":"type-product","3":"status-publish","4":"has-post-thumbnail","6":"product_cat-ems_personal","8":"first","9":"instock","10":"sale","11":"shipping-taxable","12":"purchasable","13":"product-type-variable"},"_links":{"self":[{"href":"https:\/\/bylebron.com\/de\/wp-json\/wp\/v2\/product\/5832","targetHints":{"allow":["GET"]}}],"collection":[{"href":"https:\/\/bylebron.com\/de\/wp-json\/wp\/v2\/product"}],"about":[{"href":"https:\/\/bylebron.com\/de\/wp-json\/wp\/v2\/types\/product"}],"replies":[{"embeddable":true,"href":"https:\/\/bylebron.com\/de\/wp-json\/wp\/v2\/comments?post=5832"}],"wp:featuredmedia":[{"embeddable":true,"href":"https:\/\/bylebron.com\/de\/wp-json\/wp\/v2\/media\/5826"}],"wp:attachment":[{"href":"https:\/\/bylebron.com\/de\/wp-json\/wp\/v2\/media?parent=5832"}],"wp:term":[{"taxonomy":"product_brand","embeddable":true,"href":"https:\/\/bylebron.com\/de\/wp-json\/wp\/v2\/product_brand?post=5832"},{"taxonomy":"product_cat","embeddable":true,"href":"https:\/\/bylebron.com\/de\/wp-json\/wp\/v2\/product_cat?post=5832"},{"taxonomy":"product_tag","embeddable":true,"href":"https:\/\/bylebron.com\/de\/wp-json\/wp\/v2\/product_tag?post=5832"}],"curies":[{"name":"wp","href":"https:\/\/api.w.org\/{rel}","templated":true}]}}