{"id":5898,"date":"2025-03-20T11:42:16","date_gmt":"2025-03-20T10:42:16","guid":{"rendered":"https:\/\/bylebron.com\/?post_type=product&#038;p=5898"},"modified":"2025-04-11T10:37:45","modified_gmt":"2025-04-11T09:37:45","slug":"acompanamiento-fisioterapia","status":"publish","type":"product","link":"https:\/\/bylebron.com\/de\/producto\/acompanamiento-fisioterapia\/","title":{"rendered":"Asesoramiento electroestimulaci\u00f3n"},"content":{"rendered":"<p><strong>Videollamada para el uso\/tratamiento de electroestimulacion<\/strong><\/p>\n<p><strong><span style=\"color: #3366ff;\">Joan Barnada Rodr\u00edguez<\/span><\/strong><\/p>\n<p>M\u00e1s de 35 a\u00f1os dedicados al entrenamiento y la preparaci\u00f3n f\u00edsica, y m\u00e1s de 25 al entrenamiento con electroestimulaci\u00f3n.<\/p>\n<p>Licenciado en Ciencias de la Actividad \u00a0F\u00edsica y el Deporte por la Universidad de Barcelona.<\/p>\n<p>Fue director t\u00e9cnico de Compex durante 4 a\u00f1os (responsable del entrenamiento de los deportistas y formaci\u00f3n)<\/p>\n<p>Es CEO de Fit Center, centro de entrenamiento y fisioterapia ubicado en Vigo. Es y ha sido entrenador de distintos deportistas ol\u00edmpicos y paral\u00edmpicos.<\/p>\n<p>Y desde hace m\u00e1s de diez a\u00f1os es director t\u00e9cnico del proyecto Centros Puente de la Fundaci\u00f3 Isidre Esteve, investigaci\u00f3n cient\u00edfica y m\u00e9dica entorno a la lesi\u00f3n medular.<\/p>\n<p>Si quieres, podr\u00e1s tener una videollamada con \u00e9l para que te resuelva todas las dudas que puedas tener en el uso de la electroestimulaci\u00f3n aplicada a tratamiento.<\/p>\n","protected":false},"excerpt":{"rendered":"<p>Videollamada para el uso\/tratamiento de electroestimulacion Joan Barnada Rodr\u00edguez M\u00e1s de 35 a\u00f1os dedicados al entrenamiento y la preparaci\u00f3n f\u00edsica, y m\u00e1s de 25 al entrenamiento con electroestimulaci\u00f3n. Licenciado en Ciencias de la Actividad \u00a0F\u00edsica y el Deporte por la Universidad de Barcelona. Fue director t\u00e9cnico de Compex durante 4 a\u00f1os (responsable del entrenamiento de<br \/><a href=\"https:\/\/bylebron.com\/de\/producto\/acompanamiento-fisioterapia\/\" class=\"more\">Read more<\/a><\/p>\n","protected":false},"featured_media":5901,"comment_status":"closed","ping_status":"closed","template":"","meta":[],"product_brand":[],"product_cat":[147],"product_tag":[],"class_list":{"0":"post-5898","1":"product","2":"type-product","3":"status-publish","4":"has-post-thumbnail","6":"product_cat-equipos","8":"first","9":"instock","10":"product-type-external"},"_links":{"self":[{"href":"https:\/\/bylebron.com\/de\/wp-json\/wp\/v2\/product\/5898","targetHints":{"allow":["GET"]}}],"collection":[{"href":"https:\/\/bylebron.com\/de\/wp-json\/wp\/v2\/product"}],"about":[{"href":"https:\/\/bylebron.com\/de\/wp-json\/wp\/v2\/types\/product"}],"replies":[{"embeddable":true,"href":"https:\/\/bylebron.com\/de\/wp-json\/wp\/v2\/comments?post=5898"}],"wp:featuredmedia":[{"embeddable":true,"href":"https:\/\/bylebron.com\/de\/wp-json\/wp\/v2\/media\/5901"}],"wp:attachment":[{"href":"https:\/\/bylebron.com\/de\/wp-json\/wp\/v2\/media?parent=5898"}],"wp:term":[{"taxonomy":"product_brand","embeddable":true,"href":"https:\/\/bylebron.com\/de\/wp-json\/wp\/v2\/product_brand?post=5898"},{"taxonomy":"product_cat","embeddable":true,"href":"https:\/\/bylebron.com\/de\/wp-json\/wp\/v2\/product_cat?post=5898"},{"taxonomy":"product_tag","embeddable":true,"href":"https:\/\/bylebron.com\/de\/wp-json\/wp\/v2\/product_tag?post=5898"}],"curies":[{"name":"wp","href":"https:\/\/api.w.org\/{rel}","templated":true}]}}