{"id":5569,"date":"2024-02-21T21:20:34","date_gmt":"2024-02-21T20:20:34","guid":{"rendered":"https:\/\/bylebron.com\/?post_type=product&#038;p=5569"},"modified":"2025-02-14T12:43:11","modified_gmt":"2025-02-14T11:43:11","slug":"cinturon-funda-equipo","status":"publish","type":"product","link":"https:\/\/bylebron.com\/en\/producto\/cinturon-funda-equipo\/","title":{"rendered":"Cintur\u00f3n funda equipo"},"content":{"rendered":"<p>Cintur\u00f3n\/funda para el equipo con correa regulable para adaptar a todas las tallas y equipos. Realizado en neopreno. Pieza velcro en medio para adaptar equipo a todos los anchos.<\/p>\n<p>Posicionas en la funda tu equipo y as\u00ed tienes las manos libres para trabajar las sesiones en activo o simplemente realizar otra actividad como pasear, limpiar o moverte. LAVABLE.<\/p>\n<p><strong>CONSEJO!! <\/strong>En las tallas m\u00e1s peque\u00f1as, este cintur\u00f3n al ser talla UNICA, va a tener mucho sobrante de cintur\u00f3n. Nuestro consejo es que lo regules a tu medida y el resto lo cortes y cosas la pieza final de nuevo, as\u00ed no colgara demasiado y con el movimiento no balanceara. \u00a1\u00a1LA PUEDES ADAPTAR A TI!!<\/p>\n<p>&nbsp;<\/p>\n","protected":false},"excerpt":{"rendered":"<p>Cintur\u00f3n\/funda para el equipo con correa regulable para adaptar a todas las tallas y equipos. Realizado en neopreno. Pieza velcro en medio para adaptar equipo a todos los anchos. Posicionas en la funda tu equipo y as\u00ed tienes las manos libres para trabajar las sesiones en activo o simplemente realizar otra actividad como pasear, limpiar<br \/><a href=\"https:\/\/bylebron.com\/en\/producto\/cinturon-funda-equipo\/\" class=\"more\">Read more<\/a><\/p>\n","protected":false},"featured_media":5507,"comment_status":"closed","ping_status":"closed","template":"","meta":[],"product_brand":[],"product_cat":[143],"product_tag":[],"class_list":{"0":"post-5569","1":"product","2":"type-product","3":"status-publish","4":"has-post-thumbnail","6":"product_cat-ems_personal","8":"first","9":"instock","10":"shipping-taxable","11":"purchasable","12":"product-type-simple"},"_links":{"self":[{"href":"https:\/\/bylebron.com\/en\/wp-json\/wp\/v2\/product\/5569","targetHints":{"allow":["GET"]}}],"collection":[{"href":"https:\/\/bylebron.com\/en\/wp-json\/wp\/v2\/product"}],"about":[{"href":"https:\/\/bylebron.com\/en\/wp-json\/wp\/v2\/types\/product"}],"replies":[{"embeddable":true,"href":"https:\/\/bylebron.com\/en\/wp-json\/wp\/v2\/comments?post=5569"}],"wp:featuredmedia":[{"embeddable":true,"href":"https:\/\/bylebron.com\/en\/wp-json\/wp\/v2\/media\/5507"}],"wp:attachment":[{"href":"https:\/\/bylebron.com\/en\/wp-json\/wp\/v2\/media?parent=5569"}],"wp:term":[{"taxonomy":"product_brand","embeddable":true,"href":"https:\/\/bylebron.com\/en\/wp-json\/wp\/v2\/product_brand?post=5569"},{"taxonomy":"product_cat","embeddable":true,"href":"https:\/\/bylebron.com\/en\/wp-json\/wp\/v2\/product_cat?post=5569"},{"taxonomy":"product_tag","embeddable":true,"href":"https:\/\/bylebron.com\/en\/wp-json\/wp\/v2\/product_tag?post=5569"}],"curies":[{"name":"wp","href":"https:\/\/api.w.org\/{rel}","templated":true}]}}