{"id":1257,"date":"2017-12-20T14:50:22","date_gmt":"2017-12-20T14:50:22","guid":{"rendered":"https:\/\/bylebron.com\/?page_id=1257"},"modified":"2025-04-11T23:08:22","modified_gmt":"2025-04-11T22:08:22","slug":"contacto","status":"publish","type":"page","link":"https:\/\/bylebron.com\/fr\/contacto\/","title":{"rendered":"Contact"},"content":{"rendered":"<div class=\"wpb-content-wrapper\"><p>[\/vc_column_text][\/vc_column][\/vc_row][vc_row type=\u00a0\u00bbfull-width-content\u00a0\u00bb equal_height=\u00a0\u00bbyes\u00a0\u00bb parallax_background=\u00a0\u00bb\u00a0\u00bb css=\u00a0\u00bb.vc_custom_1535996738009{margin-bottom: 0px !important;}\u00a0\u00bb][vc_column width=\u00a0\u00bb1\/2&Prime; css=\u00a0\u00bb.vc_custom_1432457862905{background-color: #a1b1bc !important;}\u00a0\u00bb]\n\n<script type=\"text\/javascript\">\n\n\"use strict\";\nfunction initializeafhzb() {\n\nvar latlng = new google.maps.LatLng(40.4342622 , -3.6316242,17);\n\nvar grayStyles = [\n        {\n          featureType: \"all\",\n          stylers: [\n            { saturation: -10 },\n            { lightness: 10 }\n          ]\n        },\n      ];\n\nvar optionsafhzb = {\n\ncenter : latlng,\n\nscrollwheel :  false,\n\n\nmapTypeId: google.maps.MapTypeId.ROADMAP,\n\nzoomControl : true,\n\nstyles: grayStyles,\n\nzoomControlOptions :\n\n{\n\nstyle: google.maps.ZoomControlStyle.SMALL,\n\nposition: google.maps.ControlPosition.TOP_LEFT\n\n},\n\nmapTypeControl : true,\n\nmapTypeControlOptions :\n\n{\n\nstyle: google.maps.MapTypeControlStyle.HORIZONTAL_BAR,\n\nposition: google.maps.ControlPosition.TOP_RIGHT\n\n},\n\nscaleControl : true,\n\nscaleControlOptions :\n\n{\n\nposition: google.maps.ControlPosition.TOP_LEFT\n\n},\n\nstreetViewControl : true,\n\nstreetViewControlOptions :\n\n{\n\nposition: google.maps.ControlPosition.TOP_LEFT\n\n},\n\npanControl : false,  zoom : 12\n\n};\n\nvar mapafhzb = new google.maps.Map(document.getElementById(\"gm_afhzb\"), optionsafhzb);\n\nvar marker = new google.maps.Marker({\n\nposition: latlng,\n\n\nmap: mapafhzb,\n\ntitle:\"ByLebron\"\n\n});\n\n}\n\njQuery(document).ready(function () {\n   initializeafhzb();\n\n    jQuery(\".tabs-wrapper ul.tabs li\").click(function (e) {\n\tsetTimeout(function(){\n\tgoogle.maps.event.trigger(window, 'resize', {});},400);\n\t});\n\n    jQuery(\".tabs-wrapper ul.tabs li a\").click(function (e) {\n\tsetTimeout(function(){\n\tgoogle.maps.event.trigger(window, 'resize', {});},400);\n\t});\n\n\n\tjQuery('.wpb_accordion_section h3 > a').click(function(){\n\tsetTimeout(function(){\n\tgoogle.maps.event.trigger(window, 'resize', {});},400);\n\t});\n\n\n\n})\n<\/script>\n<div class=\"map_canvas_body\">\n<div id=\"gm_afhzb\" class=\"map_canvas\" style=\"height:500px;\"><\/div>\n<\/div>\n\n[\/vc_column][vc_column width=\u00a0\u00bb1\/2&Prime; css=\u00a0\u00bb.vc_custom_1432457907502{padding: 5% !important;background-color: #2f2933 !important;}\u00a0\u00bb][vc_custom_heading text=\u00a0\u00bbContactez-nous\u00a0\u00bb font_container=\u00a0\u00bbtag:h3|font_size:16|text_align:left|color:%230089e2|line_height:24px\u00a0\u00bb google_fonts=\u00a0\u00bbfont_family:Playfair%20Display%3Aregular%2Citalic%2C700%2C700italic%2C900%2C900italic|font_style:400%20regular%3A400%3Anormal\u00a0\u00bb css=\u00a0\u00bb.vc_custom_1540554930167{margin-bottom: 10px !important;}\u00a0\u00bb el_class=\u00a0\u00bbletterspacing-1&Prime;][vc_custom_heading text=\u00a0\u00bbByLebron\u00a0\u00bb font_container=\u00a0\u00bbtag:h2|font_size:30|text_align:left|color:%23ffffff|line_height:32px\u00a0\u00bb google_fonts=\u00a0\u00bbfont_family:Raleway%3A100%2C200%2C300%2Cregular%2C500%2C600%2C700%2C800%2C900|font_style:900%20bold%20regular%3A900%3Anormal\u00a0\u00bb css=\u00a0\u00bb.vc_custom_1535996800961{margin-bottom: 10px !important;}\u00a0\u00bb el_class=\u00a0\u00bbtext_uppercase letterspacing-2-5&Prime;]<style type=\"text\/css\" >#l_ox6hbaspvh89731p00s5{width:50px;}#l_ox6hbaspvh89731p00s5.sc_line ,#l_ox6hbaspvh89731p00s5 .sc_line {border-top:3px solid #a1b1bc;}#l_ox6hbaspvh89731p00s5 {margin:3px 0 12px 0; padding:0;}<\/style><div class=\"clearfix\"><\/div><div id=\"l_ox6hbaspvh89731p00s5\"  class=\"sc_line rd_line_bold\" ><\/div>[vc_column_text css=\u00a0\u00bb.vc_custom_1540554943304{margin-bottom: 15px !important;}\u00a0\u00bb]ByLebron est un projet n\u00e9 du besoin d&rsquo;expression cr\u00e9ative et de l&#8217;empathie avec les professionnels qui animent les s\u00e9ances d&rsquo;entra\u00eenement et qui se consacrent au monde de l\u2019EMS, qui sont coinc\u00e9s et prisonniers de leur propre \u00e9quipement car ils n\u2019ont pas d\u2019autres alternatives\u00a0 pour renouveler leurs gilets d&rsquo;\u00e9lectrostimulation, ceux-l\u00e0, ce sont nos clients\u00a0![\/vc_column_text][vc_custom_heading text=\u00a0\u00bbAdresse postale\u00a0\u00bb font_container=\u00a0\u00bbtag:h3|font_size:13|text_align:left|color:%230089e2|line_height:24px\u00a0\u00bb google_fonts=\u00a0\u00bbfont_family:Playfair%20Display%3Aregular%2Citalic%2C700%2C700italic%2C900%2C900italic|font_style:700%20bold%20regular%3A700%3Anormal\u00a0\u00bb css=\u00a0\u00bb.vc_custom_1540554957497{margin-bottom: 0px !important;}\u00a0\u00bb][vc_column_text css=\u00a0\u00bb.vc_custom_1533559674910{margin-bottom: 25px !important;}\u00a0\u00bb]Calle\u00a0Juli\u00e1n Camarillo n\u00ba47.\u00a0Edificio A.<br \/>\nC.P. 28037 \u2013 Madrid[\/vc_column_text][vc_custom_heading text=\u00a0\u00bbT\u00e9l\u00e9phone \/ Email\u00a0\u00bb font_container=\u00a0\u00bbtag:h3|font_size:13|text_align:left|color:%230089e2|line_height:24px\u00a0\u00bb google_fonts=\u00a0\u00bbfont_family:Playfair%20Display%3Aregular%2Citalic%2C700%2C700italic%2C900%2C900italic|font_style:700%20bold%20regular%3A700%3Anormal\u00a0\u00bb css=\u00a0\u00bb.vc_custom_1540554973309{margin-bottom: 0px !important;}\u00a0\u00bb][vc_column_text css=\u00a0\u00bb.vc_custom_1557766723887{margin-bottom: 0px !important;}\u00a0\u00bb]+34 910 712 689<br \/>\n<a href=\"mailto:info@bylebron.com\">info@bylebron.com<\/a>[\/vc_column_text][\/vc_column][\/vc_row][vc_row parallax_background=\u00a0\u00bb\u00a0\u00bb css=\u00a0\u00bb.vc_custom_1432462190579{margin-bottom: 0px !important;padding-top: 85px !important;padding-bottom: 50px !important;}\u00a0\u00bb][vc_column][vc_custom_heading text=\u00a0\u00bb<strong>Formulaire de contact<\/strong>.\u00a0\u00bb font_container=\u00a0\u00bbtag:h2|font_size:24|text_align:center|color:%23686b6b|line_height:45px\u00a0\u00bb google_fonts=\u00a0\u00bbfont_family:Playfair%20Display%3Aregular%2Citalic%2C700%2C700italic%2C900%2C900italic|font_style:400%20regular%3A400%3Anormal\u00a0\u00bb css=\u00a0\u00bb.vc_custom_1540554996982{margin-bottom: 23px !important;}\u00a0\u00bb el_class=\u00a0\u00bbstrong_colored letterspacing-2&Prime;]<style type=\"text\/css\" >#l_wko2agfbuvjig1tzpk1h{width:50px;}#l_wko2agfbuvjig1tzpk1h.sc_line ,#l_wko2agfbuvjig1tzpk1h .sc_line {border-top:3px solid #a1b1bc;}#l_wko2agfbuvjig1tzpk1h.sc_line ,#l_wko2agfbuvjig1tzpk1h .sc_line{margin-left:auto!important; margin-right:auto!important;}#l_wko2agfbuvjig1tzpk1h {margin:0px 0 75px 0; padding:0;}<\/style><div class=\"clearfix\"><\/div><div id=\"l_wko2agfbuvjig1tzpk1h\"  class=\"sc_line rd_line_bold\" ><\/div>[vc_row_inner css=\u00a0\u00bb.vc_custom_1432462466896{margin-bottom: 0px !important;}\u00a0\u00bb][vc_column_inner width=\u00a0\u00bb1\/6&Prime;][\/vc_column_inner][vc_column_inner width=\u00a0\u00bb2\/3&Prime;]<style type=\"text\/css\" >#rd_7qvitx03666r5y4o02r3 .wpcf7,#rd_7qvitx03666r5y4o02r3 input:not([type=submit]):not([type=checkbox]),#rd_7qvitx03666r5y4o02r3 textarea,#rd_7qvitx03666r5y4o02r3 .wpcf7 select,#rd_7qvitx03666r5y4o02r3 .wpcf7 input[type=\"checkbox\"]:checked{color:#3d404b;}#rd_7qvitx03666r5y4o02r3 .wpcf7 input[type=\"checkbox\"]{background:rgba(0,0,0,0); color:rgba(0,0,0,0);}#rd_7qvitx03666r5y4o02r3 .wpcf7 {font-family:\"Raleway\"; font-size:12px; letter-spacing:1.5px; text-transform:uppercase;}#rd_7qvitx03666r5y4o02r3 .wpcf7 {font-weight:900;}#rd_7qvitx03666r5y4o02r3 .wpcf7 input[type=submit]{font-size:14px; font-weight:800; font-family:\"Raleway\"; border-radius:0px; padding:17px 15px 18px; border:2px solid; letter-spacing: 1.5px; margin-top:13px; width:100%;}#rd_7qvitx03666r5y4o02r3 .wpcf7 input[type=submit]:hover {background:#2f2933; border-color:#2f2933; color:#ffffff !important;}#rd_7qvitx03666r5y4o02r3 .wpcf7 input:not([type=submit]):not([type=checkbox]),#rd_7qvitx03666r5y4o02r3 textarea,#rd_7qvitx03666r5y4o02r3 .wpcf7 select{border-radius:0px;}#rd_7qvitx03666r5y4o02r3 .wpcf7 input:not([type=submit]),#rd_7qvitx03666r5y4o02r3 textarea,#rd_7qvitx03666r5y4o02r3 .wpcf7 input[type=submit],#rd_7qvitx03666r5y4o02r3 .wpcf7 select{margin-top:3px;}#rd_7qvitx03666r5y4o02r3 p{margin-bottom:23px;}#rd_7qvitx03666r5y4o02r3 .wpcf7 input:not([type=submit]):not([type=checkbox]),#rd_7qvitx03666r5y4o02r3 .wpcf7  textarea,#rd_7qvitx03666r5y4o02r3 .wpcf7 select{border:1px solid #ebebeb; background:#fbfbfc;}#rd_7qvitx03666r5y4o02r3 .wpcf7 input[type=submit]{background:#ffffff; color:#2f2933 !important;}<\/style><div id=\"rd_7qvitx03666r5y4o02r3\" class=\"\">\n<div class=\"wpcf7 no-js\" id=\"wpcf7-f2250-o6\" lang=\"en-US\" dir=\"ltr\" data-wpcf7-id=\"2250\">\n<div class=\"screen-reader-response\"><p role=\"status\" aria-live=\"polite\" aria-atomic=\"true\"><\/p> <ul><\/ul><\/div>\n<form action=\"\/fr\/wp-json\/wp\/v2\/pages\/1257#wpcf7-f2250-o6\" method=\"post\" class=\"wpcf7-form init\" aria-label=\"Contact form\" novalidate=\"novalidate\" data-status=\"init\">\n<fieldset class=\"hidden-fields-container\"><input type=\"hidden\" name=\"_wpcf7\" value=\"2250\" \/><input type=\"hidden\" name=\"_wpcf7_version\" value=\"6.1.1\" \/><input type=\"hidden\" name=\"_wpcf7_locale\" value=\"en_US\" \/><input type=\"hidden\" name=\"_wpcf7_unit_tag\" value=\"wpcf7-f2250-o6\" \/><input type=\"hidden\" name=\"_wpcf7_container_post\" value=\"0\" \/><input type=\"hidden\" name=\"_wpcf7_posted_data_hash\" value=\"\" \/><input type=\"hidden\" name=\"_wpcf7_recaptcha_response\" value=\"\" \/>\n<\/fieldset>\n<p><span class=\"wpcf7-form-control-wrap\" data-name=\"your-name\"><input size=\"40\" maxlength=\"400\" class=\"wpcf7-form-control wpcf7-text wpcf7-validates-as-required\" aria-required=\"true\" aria-invalid=\"false\" placeholder=\"Nom\" value=\"\" type=\"text\" name=\"your-name\" \/><\/span><br \/>\n<span class=\"wpcf7-form-control-wrap\" data-name=\"your-email\"><input size=\"40\" maxlength=\"400\" class=\"wpcf7-form-control wpcf7-email wpcf7-validates-as-required wpcf7-text wpcf7-validates-as-email\" aria-required=\"true\" aria-invalid=\"false\" placeholder=\"Email\" value=\"\" type=\"email\" name=\"your-email\" \/><\/span><br \/>\n<span class=\"wpcf7-form-control-wrap\" data-name=\"your-centro\"><input size=\"40\" maxlength=\"400\" class=\"wpcf7-form-control wpcf7-text wpcf7-validates-as-required\" aria-required=\"true\" aria-invalid=\"false\" placeholder=\"Centre EMS\" value=\"\" type=\"text\" name=\"your-centro\" \/><\/span><br \/>\n<span class=\"wpcf7-form-control-wrap\" data-name=\"your-pais\"><input size=\"40\" maxlength=\"400\" class=\"wpcf7-form-control wpcf7-text wpcf7-validates-as-required\" aria-required=\"true\" aria-invalid=\"false\" placeholder=\"Pays\" value=\"\" type=\"text\" name=\"your-pais\" \/><\/span><br \/>\n<span class=\"wpcf7-form-control-wrap\" data-name=\"your-message\"><textarea cols=\"40\" rows=\"10\" maxlength=\"2000\" class=\"wpcf7-form-control wpcf7-textarea wpcf7-validates-as-required\" aria-required=\"true\" aria-invalid=\"false\" placeholder=\"Comment pouvons-nous vous aider?\" name=\"your-message\"><\/textarea><\/span>\n<\/p>\n<p><span class=\"wpcf7-form-control-wrap\" data-name=\"acceptance-789\"><span class=\"wpcf7-form-control wpcf7-acceptance\"><span class=\"wpcf7-list-item\"><label><input type=\"checkbox\" name=\"acceptance-789\" value=\"1\" class=\"enlinea\" aria-invalid=\"false\" \/><span class=\"wpcf7-list-item-label\">J'ai lu et accepte les conditions d'utilisation et <a href=\"\/politica-privacidad\" target=\"blank\" rel=\"nofollow\">Politique de confidentialit\u00e9 <\/a><\/span><\/label><\/span><\/span><\/span>\n<\/p>\n\n<p><input class=\"wpcf7-form-control wpcf7-submit has-spinner button black\" type=\"submit\" value=\"Envoyer\" \/>\n<\/p><div class=\"wpcf7-response-output\" aria-hidden=\"true\"><\/div>\n<\/form>\n<\/div>\n<\/div>[\/vc_column_inner][vc_column_inner width=\u00a0\u00bb1\/6&Prime;][\/vc_column_inner][\/vc_row_inner][\/vc_column][\/vc_row][vc_row][vc_column][vc_column_text][\/vc_column_text][\/vc_column][\/vc_row][vc_row type=\u00a0\u00bbfull-width-content\u00a0\u00bb equal_height=\u00a0\u00bbyes\u00a0\u00bb parallax_background=\u00a0\u00bb\u00a0\u00bb css=\u00a0\u00bb.vc_custom_1535996738009{margin-bottom: 0px !important;}\u00a0\u00bb][vc_column width=\u00a0\u00bb1\/2&Prime; css=\u00a0\u00bb.vc_custom_1432457862905{background-color: #a1b1bc !important;}\u00a0\u00bb]\n\n<script type=\"text\/javascript\">\n\n\"use strict\";\nfunction initializet2pjz() {\n\nvar latlng = new google.maps.LatLng(40.4342622 , -3.6316242,17);\n\nvar grayStyles = [\n        {\n          featureType: \"all\",\n          stylers: [\n            { saturation: -10 },\n            { lightness: 10 }\n          ]\n        },\n      ];\n\nvar optionst2pjz = {\n\ncenter : latlng,\n\nscrollwheel :  false,\n\n\nmapTypeId: google.maps.MapTypeId.ROADMAP,\n\nzoomControl : true,\n\nstyles: grayStyles,\n\nzoomControlOptions :\n\n{\n\nstyle: google.maps.ZoomControlStyle.SMALL,\n\nposition: google.maps.ControlPosition.TOP_LEFT\n\n},\n\nmapTypeControl : true,\n\nmapTypeControlOptions :\n\n{\n\nstyle: google.maps.MapTypeControlStyle.HORIZONTAL_BAR,\n\nposition: google.maps.ControlPosition.TOP_RIGHT\n\n},\n\nscaleControl : true,\n\nscaleControlOptions :\n\n{\n\nposition: google.maps.ControlPosition.TOP_LEFT\n\n},\n\nstreetViewControl : true,\n\nstreetViewControlOptions :\n\n{\n\nposition: google.maps.ControlPosition.TOP_LEFT\n\n},\n\npanControl : false,  zoom : 12\n\n};\n\nvar mapt2pjz = new google.maps.Map(document.getElementById(\"gm_t2pjz\"), optionst2pjz);\n\nvar marker = new google.maps.Marker({\n\nposition: latlng,\n\n\nmap: mapt2pjz,\n\ntitle:\"ByLebron\"\n\n});\n\n}\n\njQuery(document).ready(function () {\n   initializet2pjz();\n\n    jQuery(\".tabs-wrapper ul.tabs li\").click(function (e) {\n\tsetTimeout(function(){\n\tgoogle.maps.event.trigger(window, 'resize', {});},400);\n\t});\n\n    jQuery(\".tabs-wrapper ul.tabs li a\").click(function (e) {\n\tsetTimeout(function(){\n\tgoogle.maps.event.trigger(window, 'resize', {});},400);\n\t});\n\n\n\tjQuery('.wpb_accordion_section h3 > a').click(function(){\n\tsetTimeout(function(){\n\tgoogle.maps.event.trigger(window, 'resize', {});},400);\n\t});\n\n\n\n})\n<\/script>\n<div class=\"map_canvas_body\">\n<div id=\"gm_t2pjz\" class=\"map_canvas\" style=\"height:500px;\"><\/div>\n<\/div>\n\n[\/vc_column][vc_column width=\u00a0\u00bb1\/2&Prime; css=\u00a0\u00bb.vc_custom_1432457907502{padding: 5% !important;background-color: #2f2933 !important;}\u00a0\u00bb][vc_custom_heading text=\u00a0\u00bbContactez-nous\u00a0\u00bb font_container=\u00a0\u00bbtag:h3|font_size:16|text_align:left|color:%230089e2|line_height:24px\u00a0\u00bb google_fonts=\u00a0\u00bbfont_family:Playfair%20Display%3Aregular%2Citalic%2C700%2C700italic%2C900%2C900italic|font_style:400%20regular%3A400%3Anormal\u00a0\u00bb css=\u00a0\u00bb.vc_custom_1540554930167{margin-bottom: 10px !important;}\u00a0\u00bb el_class=\u00a0\u00bbletterspacing-1&Prime;][vc_custom_heading text=\u00a0\u00bbByLebron\u00a0\u00bb font_container=\u00a0\u00bbtag:h2|font_size:30|text_align:left|color:%23ffffff|line_height:32px\u00a0\u00bb google_fonts=\u00a0\u00bbfont_family:Raleway%3A100%2C200%2C300%2Cregular%2C500%2C600%2C700%2C800%2C900|font_style:900%20bold%20regular%3A900%3Anormal\u00a0\u00bb css=\u00a0\u00bb.vc_custom_1535996800961{margin-bottom: 10px !important;}\u00a0\u00bb el_class=\u00a0\u00bbtext_uppercase letterspacing-2-5&Prime;]<style type=\"text\/css\" >#l_yb6p093iioluv8jnxpf0{width:50px;}#l_yb6p093iioluv8jnxpf0.sc_line ,#l_yb6p093iioluv8jnxpf0 .sc_line {border-top:3px solid #a1b1bc;}#l_yb6p093iioluv8jnxpf0 {margin:3px 0 12px 0; padding:0;}<\/style><div class=\"clearfix\"><\/div><div id=\"l_yb6p093iioluv8jnxpf0\"  class=\"sc_line rd_line_bold\" ><\/div>[vc_column_text css=\u00a0\u00bb.vc_custom_1540554943304{margin-bottom: 15px !important;}\u00a0\u00bb]ByLebron est un projet n\u00e9 du besoin d&rsquo;expression cr\u00e9ative et de l&#8217;empathie avec les professionnels qui animent les s\u00e9ances d&rsquo;entra\u00eenement et qui se consacrent au monde de l\u2019EMS, qui sont coinc\u00e9s et prisonniers de leur propre \u00e9quipement car ils n\u2019ont pas d\u2019autres alternatives\u00a0 pour renouveler leurs gilets d&rsquo;\u00e9lectrostimulation, ceux-l\u00e0, ce sont nos clients\u00a0![\/vc_column_text][vc_custom_heading text=\u00a0\u00bbAdresse postale\u00a0\u00bb font_container=\u00a0\u00bbtag:h3|font_size:13|text_align:left|color:%230089e2|line_height:24px\u00a0\u00bb google_fonts=\u00a0\u00bbfont_family:Playfair%20Display%3Aregular%2Citalic%2C700%2C700italic%2C900%2C900italic|font_style:700%20bold%20regular%3A700%3Anormal\u00a0\u00bb css=\u00a0\u00bb.vc_custom_1540554957497{margin-bottom: 0px !important;}\u00a0\u00bb][vc_column_text css=\u00a0\u00bb.vc_custom_1533559674910{margin-bottom: 25px !important;}\u00a0\u00bb]Calle\u00a0Juli\u00e1n Camarillo n\u00ba47.\u00a0Edificio A.<br \/>\nC.P. 28037 \u2013 Madrid[\/vc_column_text][vc_custom_heading text=\u00a0\u00bbT\u00e9l\u00e9phone \/ Email\u00a0\u00bb font_container=\u00a0\u00bbtag:h3|font_size:13|text_align:left|color:%230089e2|line_height:24px\u00a0\u00bb google_fonts=\u00a0\u00bbfont_family:Playfair%20Display%3Aregular%2Citalic%2C700%2C700italic%2C900%2C900italic|font_style:700%20bold%20regular%3A700%3Anormal\u00a0\u00bb css=\u00a0\u00bb.vc_custom_1540554973309{margin-bottom: 0px !important;}\u00a0\u00bb][vc_column_text css=\u00a0\u00bb.vc_custom_1557766723887{margin-bottom: 0px !important;}\u00a0\u00bb]+34 910 712 689<br \/>\n<a href=\"mailto:info@bylebron.com\">info@bylebron.com<\/a>[\/vc_column_text][\/vc_column][\/vc_row][vc_row parallax_background=\u00a0\u00bb\u00a0\u00bb css=\u00a0\u00bb.vc_custom_1432462190579{margin-bottom: 0px !important;padding-top: 85px !important;padding-bottom: 50px !important;}\u00a0\u00bb][vc_column][vc_custom_heading text=\u00a0\u00bb<strong>Formulaire de contact<\/strong>.\u00a0\u00bb font_container=\u00a0\u00bbtag:h2|font_size:24|text_align:center|color:%23686b6b|line_height:45px\u00a0\u00bb google_fonts=\u00a0\u00bbfont_family:Playfair%20Display%3Aregular%2Citalic%2C700%2C700italic%2C900%2C900italic|font_style:400%20regular%3A400%3Anormal\u00a0\u00bb el_class=\u00a0\u00bbstrong_colored letterspacing-2&Prime; css=\u00a0\u00bb.vc_custom_1540554996982{margin-bottom: 23px !important;}\u00a0\u00bb]<style type=\"text\/css\" >#l_5q1erg7uifztngzqgqlw{width:50px;}#l_5q1erg7uifztngzqgqlw.sc_line ,#l_5q1erg7uifztngzqgqlw .sc_line {border-top:3px solid #a1b1bc;}#l_5q1erg7uifztngzqgqlw.sc_line ,#l_5q1erg7uifztngzqgqlw .sc_line{margin-left:auto!important; margin-right:auto!important;}#l_5q1erg7uifztngzqgqlw {margin:0px 0 75px 0; padding:0;}<\/style><div class=\"clearfix\"><\/div><div id=\"l_5q1erg7uifztngzqgqlw\"  class=\"sc_line rd_line_bold\" ><\/div>[vc_row_inner css=\u00a0\u00bb.vc_custom_1432462466896{margin-bottom: 0px !important;}\u00a0\u00bb][vc_column_inner width=\u00a0\u00bb1\/6&Prime;][\/vc_column_inner][vc_column_inner width=\u00a0\u00bb2\/3&Prime;]<style type=\"text\/css\" >#rd_km6p795tc0ntqny3xpep .wpcf7,#rd_km6p795tc0ntqny3xpep input:not([type=submit]):not([type=checkbox]),#rd_km6p795tc0ntqny3xpep textarea,#rd_km6p795tc0ntqny3xpep .wpcf7 select,#rd_km6p795tc0ntqny3xpep .wpcf7 input[type=\"checkbox\"]:checked{color:#3d404b;}#rd_km6p795tc0ntqny3xpep .wpcf7 input[type=\"checkbox\"]{background:rgba(0,0,0,0); color:rgba(0,0,0,0);}#rd_km6p795tc0ntqny3xpep .wpcf7 {font-family:\"Raleway\"; font-size:12px; letter-spacing:1.5px; text-transform:uppercase;}#rd_km6p795tc0ntqny3xpep .wpcf7 {font-weight:900;}#rd_km6p795tc0ntqny3xpep .wpcf7 input[type=submit]{font-size:14px; font-weight:800; font-family:\"Raleway\"; border-radius:0px; padding:17px 15px 18px; border:2px solid; letter-spacing: 1.5px; margin-top:13px; width:100%;}#rd_km6p795tc0ntqny3xpep .wpcf7 input[type=submit]:hover {background:#2f2933; border-color:#2f2933; color:#ffffff !important;}#rd_km6p795tc0ntqny3xpep .wpcf7 input:not([type=submit]):not([type=checkbox]),#rd_km6p795tc0ntqny3xpep textarea,#rd_km6p795tc0ntqny3xpep .wpcf7 select{border-radius:0px;}#rd_km6p795tc0ntqny3xpep .wpcf7 input:not([type=submit]),#rd_km6p795tc0ntqny3xpep textarea,#rd_km6p795tc0ntqny3xpep .wpcf7 input[type=submit],#rd_km6p795tc0ntqny3xpep .wpcf7 select{margin-top:3px;}#rd_km6p795tc0ntqny3xpep p{margin-bottom:23px;}#rd_km6p795tc0ntqny3xpep .wpcf7 input:not([type=submit]):not([type=checkbox]),#rd_km6p795tc0ntqny3xpep .wpcf7  textarea,#rd_km6p795tc0ntqny3xpep .wpcf7 select{border:1px solid #ebebeb; background:#fbfbfc;}#rd_km6p795tc0ntqny3xpep .wpcf7 input[type=submit]{background:#ffffff; color:#2f2933 !important;}<\/style><div id=\"rd_km6p795tc0ntqny3xpep\" class=\"\">\n<div class=\"wpcf7 no-js\" id=\"wpcf7-f2250-o7\" lang=\"en-US\" dir=\"ltr\" data-wpcf7-id=\"2250\">\n<div class=\"screen-reader-response\"><p role=\"status\" aria-live=\"polite\" aria-atomic=\"true\"><\/p> <ul><\/ul><\/div>\n<form action=\"\/fr\/wp-json\/wp\/v2\/pages\/1257#wpcf7-f2250-o7\" method=\"post\" class=\"wpcf7-form init\" aria-label=\"Contact form\" novalidate=\"novalidate\" data-status=\"init\">\n<fieldset class=\"hidden-fields-container\"><input type=\"hidden\" name=\"_wpcf7\" value=\"2250\" \/><input type=\"hidden\" name=\"_wpcf7_version\" value=\"6.1.1\" \/><input type=\"hidden\" name=\"_wpcf7_locale\" value=\"en_US\" \/><input type=\"hidden\" name=\"_wpcf7_unit_tag\" value=\"wpcf7-f2250-o7\" \/><input type=\"hidden\" name=\"_wpcf7_container_post\" value=\"0\" \/><input type=\"hidden\" name=\"_wpcf7_posted_data_hash\" value=\"\" \/><input type=\"hidden\" name=\"_wpcf7_recaptcha_response\" value=\"\" \/>\n<\/fieldset>\n<p><span class=\"wpcf7-form-control-wrap\" data-name=\"your-name\"><input size=\"40\" maxlength=\"400\" class=\"wpcf7-form-control wpcf7-text wpcf7-validates-as-required\" aria-required=\"true\" aria-invalid=\"false\" placeholder=\"Nom\" value=\"\" type=\"text\" name=\"your-name\" \/><\/span><br \/>\n<span class=\"wpcf7-form-control-wrap\" data-name=\"your-email\"><input size=\"40\" maxlength=\"400\" class=\"wpcf7-form-control wpcf7-email wpcf7-validates-as-required wpcf7-text wpcf7-validates-as-email\" aria-required=\"true\" aria-invalid=\"false\" placeholder=\"Email\" value=\"\" type=\"email\" name=\"your-email\" \/><\/span><br \/>\n<span class=\"wpcf7-form-control-wrap\" data-name=\"your-centro\"><input size=\"40\" maxlength=\"400\" class=\"wpcf7-form-control wpcf7-text wpcf7-validates-as-required\" aria-required=\"true\" aria-invalid=\"false\" placeholder=\"Centre EMS\" value=\"\" type=\"text\" name=\"your-centro\" \/><\/span><br \/>\n<span class=\"wpcf7-form-control-wrap\" data-name=\"your-pais\"><input size=\"40\" maxlength=\"400\" class=\"wpcf7-form-control wpcf7-text wpcf7-validates-as-required\" aria-required=\"true\" aria-invalid=\"false\" placeholder=\"Pays\" value=\"\" type=\"text\" name=\"your-pais\" \/><\/span><br \/>\n<span class=\"wpcf7-form-control-wrap\" data-name=\"your-message\"><textarea cols=\"40\" rows=\"10\" maxlength=\"2000\" class=\"wpcf7-form-control wpcf7-textarea wpcf7-validates-as-required\" aria-required=\"true\" aria-invalid=\"false\" placeholder=\"Comment pouvons-nous vous aider?\" name=\"your-message\"><\/textarea><\/span>\n<\/p>\n<p><span class=\"wpcf7-form-control-wrap\" data-name=\"acceptance-789\"><span class=\"wpcf7-form-control wpcf7-acceptance\"><span class=\"wpcf7-list-item\"><label><input type=\"checkbox\" name=\"acceptance-789\" value=\"1\" class=\"enlinea\" aria-invalid=\"false\" \/><span class=\"wpcf7-list-item-label\">J'ai lu et accepte les conditions d'utilisation et <a href=\"\/politica-privacidad\" target=\"blank\" rel=\"nofollow\">Politique de confidentialit\u00e9 <\/a><\/span><\/label><\/span><\/span><\/span>\n<\/p>\n\n<p><input class=\"wpcf7-form-control wpcf7-submit has-spinner button black\" type=\"submit\" value=\"Envoyer\" \/>\n<\/p><div class=\"wpcf7-response-output\" aria-hidden=\"true\"><\/div>\n<\/form>\n<\/div>\n<\/div>[\/vc_column_inner][vc_column_inner width=\u00a0\u00bb1\/6&Prime;][\/vc_column_inner][\/vc_row_inner][\/vc_column][\/vc_row]<\/p>\n<\/div>","protected":false},"excerpt":{"rendered":"<p>[\/vc_column_text][\/vc_column][\/vc_row][vc_row type=\u00a0\u00bbfull-width-content\u00a0\u00bb equal_height=\u00a0\u00bbyes\u00a0\u00bb parallax_background=\u00a0\u00bb\u00a0\u00bb css=\u00a0\u00bb.vc_custom_1535996738009{margin-bottom: 0px !important;}\u00a0\u00bb][vc_column width=\u00a0\u00bb1\/2&Prime; css=\u00a0\u00bb.vc_custom_1432457862905{background-color: #a1b1bc !important;}\u00a0\u00bb] [\/vc_column][vc_column width=\u00a0\u00bb1\/2&Prime; css=\u00a0\u00bb.vc_custom_1432457907502{padding: 5% !important;background-color: #2f2933 !important;}\u00a0\u00bb][vc_custom_heading text=\u00a0\u00bbContactez-nous\u00a0\u00bb font_container=\u00a0\u00bbtag:h3|font_size:16|text_align:left|color:%230089e2|line_height:24px\u00a0\u00bb google_fonts=\u00a0\u00bbfont_family:Playfair%20Display%3Aregular%2Citalic%2C700%2C700italic%2C900%2C900italic|font_style:400%20regular%3A400%3Anormal\u00a0\u00bb css=\u00a0\u00bb.vc_custom_1540554930167{margin-bottom: 10px !important;}\u00a0\u00bb el_class=\u00a0\u00bbletterspacing-1&Prime;][vc_custom_heading text=\u00a0\u00bbByLebron\u00a0\u00bb font_container=\u00a0\u00bbtag:h2|font_size:30|text_align:left|color:%23ffffff|line_height:32px\u00a0\u00bb google_fonts=\u00a0\u00bbfont_family:Raleway%3A100%2C200%2C300%2Cregular%2C500%2C600%2C700%2C800%2C900|font_style:900%20bold%20regular%3A900%3Anormal\u00a0\u00bb css=\u00a0\u00bb.vc_custom_1535996800961{margin-bottom: 10px !important;}\u00a0\u00bb el_class=\u00a0\u00bbtext_uppercase letterspacing-2-5&Prime;][vc_column_text css=\u00a0\u00bb.vc_custom_1540554943304{margin-bottom: 15px !important;}\u00a0\u00bb]ByLebron est un projet n\u00e9 du besoin d&rsquo;expression cr\u00e9ative et de l&#8217;empathie avec les professionnels qui animent les s\u00e9ances d&rsquo;entra\u00eenement<br \/><a href=\"https:\/\/bylebron.com\/fr\/contacto\/\" class=\"more\">Read more<\/a><\/p>\n","protected":false},"author":1,"featured_media":0,"parent":0,"menu_order":0,"comment_status":"closed","ping_status":"closed","template":"","meta":{"footnotes":""},"class_list":["post-1257","page","type-page","status-publish","hentry"],"_links":{"self":[{"href":"https:\/\/bylebron.com\/fr\/wp-json\/wp\/v2\/pages\/1257","targetHints":{"allow":["GET"]}}],"collection":[{"href":"https:\/\/bylebron.com\/fr\/wp-json\/wp\/v2\/pages"}],"about":[{"href":"https:\/\/bylebron.com\/fr\/wp-json\/wp\/v2\/types\/page"}],"author":[{"embeddable":true,"href":"https:\/\/bylebron.com\/fr\/wp-json\/wp\/v2\/users\/1"}],"replies":[{"embeddable":true,"href":"https:\/\/bylebron.com\/fr\/wp-json\/wp\/v2\/comments?post=1257"}],"version-history":[{"count":116,"href":"https:\/\/bylebron.com\/fr\/wp-json\/wp\/v2\/pages\/1257\/revisions"}],"predecessor-version":[{"id":6113,"href":"https:\/\/bylebron.com\/fr\/wp-json\/wp\/v2\/pages\/1257\/revisions\/6113"}],"wp:attachment":[{"href":"https:\/\/bylebron.com\/fr\/wp-json\/wp\/v2\/media?parent=1257"}],"curies":[{"name":"wp","href":"https:\/\/api.w.org\/{rel}","templated":true}]}}