{"id":2592,"date":"2018-08-06T10:59:06","date_gmt":"2018-08-06T10:59:06","guid":{"rendered":"https:\/\/bylebron.com\/?page_id=2592"},"modified":"2025-03-21T10:10:47","modified_gmt":"2025-03-21T09:10:47","slug":"electroestimulacion","status":"publish","type":"page","link":"https:\/\/bylebron.com\/fr\/electroestimulacion\/","title":{"rendered":"\u00c9lectrostimulation"},"content":{"rendered":"<div class=\"wpb-content-wrapper\"><p>[vc_row type=\u00a0\u00bbfull-width-content\u00a0\u00bb parallax_background=\u00a0\u00bb\u00a0\u00bb css=\u00a0\u00bb.vc_custom_1535985290327{margin-bottom: 0px !important;padding-top: 7% !important;padding-right: 20% !important;padding-bottom: 8% !important;padding-left: 20% !important;background: #f2f2f2 url(https:\/\/bylebron.com\/wp-content\/uploads\/2018\/08\/cabecera-bylebron.png?id=2854) !important;background-position: center !important;background-repeat: no-repeat !important;background-size: cover !important;}\u00a0\u00bb font_color=\u00a0\u00bb#f9f9f9&Prime;][vc_column][vc_custom_heading text=\u00a0\u00bbProduits\u00a0\u00bb font_container=\u00a0\u00bbtag:h2|font_size:30|text_align:center|color:%23ffffff|line_height:45px\u00a0\u00bb google_fonts=\u00a0\u00bbfont_family:Playfair%20Display%3Aregular%2Citalic%2C700%2C700italic%2C900%2C900italic|font_style:400%20regular%3A400%3Anormal\u00a0\u00bb el_class=\u00a0\u00bbstrong_colored letterspacing-2&Prime; css=\u00a0\u00bb.vc_custom_1540553087384{margin-bottom: 23px !important;}\u00a0\u00bb][\/vc_column][\/vc_row][vc_row type=\u00a0\u00bbfull-width-content\u00a0\u00bb parallax_background=\u00a0\u00bb\u00a0\u00bb css=\u00a0\u00bb.vc_custom_1535975856822{margin-bottom: 0px !important;padding-top: 5% !important;padding-right: 5% !important;padding-bottom: 5% !important;padding-left: 5% !important;background-color: #f2f2f2 !important;background-position: center !important;background-repeat: no-repeat !important;background-size: cover !important;}\u00a0\u00bb font_color=\u00a0\u00bb#8c8c8c\u00a0\u00bb][vc_column][vc_column_text font_size=\u00a0\u00bb18&Prime;]<\/p>\n<p style=\"text-align: center;\">Nous sommes \u00e0 un moment tr\u00e8s sp\u00e9cial, o\u00f9 le monde EMS r\u00e9clame \u00e0 grands cris un changement. Les professionnels et les utilisateurs sont asphyxi\u00e9s par les restrictions et les co\u00fbts impos\u00e9s par l\u2019entreprise \u00e0 qui ils ont achet\u00e9 l\u2019\u00e9quipement, cherchant d\u2019autres options pour renouveler leurs gilets sans avois \u00e0 acheter une nouvelle machine.<\/p>\n<p style=\"text-align: center;\">Tout notre travail garantit la satisfaction totale de nos clients, puisque nous augmentons la durabilit\u00e9 des gilets d&rsquo;\u00e9lectrostimulation que d&rsquo;autres marques ont fabriqu\u00e9s jusqu&rsquo;\u00e0 pr\u00e9sent. Ce projet est n\u00e9 gr\u00e2ce aux informations que nous avons recueillies concernant les besoins de nos clients et il est con\u00e7u pour que tous nos articles soient compatibles entre eux. De cette mani\u00e8re, le professionnel personnalise non seulement la s\u00e9ance, mais \u00e9galement l\u2019\u00e9quipement avec laquelle l\u2019utilisateur final travaillera.<\/p>\n<p>[\/vc_column_text][\/vc_column][\/vc_row][vc_row type=\u00a0\u00bbfull-width-content\u00a0\u00bb parallax_background=\u00a0\u00bb\u00a0\u00bb css=\u00a0\u00bb.vc_custom_1534935916204{margin-bottom: 0px !important;background-color: #4f4f4f !important;}\u00a0\u00bb font_color=\u00a0\u00bb#ffffff\u00a0\u00bb][vc_column width=\u00a0\u00bb1\/3&Prime; animation=\u00a0\u00bbrda_flipInY\u00a0\u00bb css=\u00a0\u00bb.vc_custom_1534935877459{padding-top: 8% !important;padding-right: 5% !important;padding-bottom: 8% !important;padding-left: 10% !important;background-image: url(https:\/\/bylebron.com\/wp-content\/uploads\/2018\/08\/mini_Tren-superior.jpg?id=2661) !important;background-position: center !important;background-repeat: no-repeat !important;background-size: cover !important;}\u00a0\u00bb font_color=\u00a0\u00bb#ffffff\u00a0\u00bb el_class=\u00a0\u00bbbloques-electroestimulacion\u00a0\u00bb][vc_custom_heading text=\u00a0\u00bb\u00c9lectrostimulation\u00a0\u00bb font_container=\u00a0\u00bbtag:h3|font_size:16|text_align:left|color:%23ffffff|line_height:24px\u00a0\u00bb google_fonts=\u00a0\u00bbfont_family:Playfair%20Display%3Aregular%2Citalic%2C700%2C700italic%2C900%2C900italic|font_style:400%20regular%3A400%3Anormal\u00a0\u00bb css=\u00a0\u00bb.vc_custom_1540553113254{margin-bottom: 5px !important;}\u00a0\u00bb el_class=\u00a0\u00bbletterspacing-1&Prime;][vc_custom_heading text=\u00a0\u00bbPARTIE SUP\u00c9RIEUR\u00a0\u00bb font_container=\u00a0\u00bbtag:h2|font_size:24|text_align:left|color:%23ffffff|line_height:32px\u00a0\u00bb google_fonts=\u00a0\u00bbfont_family:Raleway%3A100%2C200%2C300%2Cregular%2C500%2C600%2C700%2C800%2C900|font_style:900%20bold%20regular%3A900%3Anormal\u00a0\u00bb css=\u00a0\u00bb.vc_custom_1540553155625{margin-bottom: 10px !important;}\u00a0\u00bb el_class=\u00a0\u00bbtext_uppercase letterspacing-2-5&Prime;]<style type=\"text\/css\" >#l_mnyq21e8y39qv48lr9xn{width:50px;}#l_mnyq21e8y39qv48lr9xn.sc_line ,#l_mnyq21e8y39qv48lr9xn .sc_line {border-top:3px solid #ffffff;}#l_mnyq21e8y39qv48lr9xn {margin:3px 0 12px 0; padding:0;}<\/style><div class=\"clearfix\"><\/div><div id=\"l_mnyq21e8y39qv48lr9xn\"  class=\"sc_line rd_line_bold\" ><\/div>[vc_empty_space height=\u00a0\u00bb42px\u00a0\u00bb]<style type=\"text\/css\" >#b_5gmzh7dlui2ypk2x8uhx a{color:#ffffff; background:rgba(255,255,255,0.01); border-style:solid; border-color:#ffffff; margin-top:0px; margin-bottom:0px;  margin-left:0px; margin-right:0px; font-weight:900; border-radius:0px;}#b_5gmzh7dlui2ypk2x8uhx a:hover{color:#ffffff ; background:#0089e2 ; border-color:#0089e2;}<\/style><div class=\"ta_left tf_btn_pos\" id=\"b_5gmzh7dlui2ypk2x8uhx\" ><a class=\"rd_stroke_bt smallmedium_rd_bt border_1px  bt_icon_right   \" href=\"\/electroestimulacion\/\/tren-superior\" target=\"\"   ><span>Voir plus<\/span><i class=\"elg-arrow_right\" ><\/i><\/a><\/div><style type=\"text\/css\" >#b_5gmzh7dlui2ypk2x8uhx i {color:#ffffff;}#b_5gmzh7dlui2ypk2x8uhx a:hover i{color:#ffffff;}<\/style><style type='text\/css'> @font-face{font-family: 'elg'; src:url('https:\/\/bylebron.com\/wp-content\/themes\/thefox\/includes\/4k-icons\/icons\/4k-icons-pack02\/icons\/fonts\/elg.eot'); src:url('https:\/\/bylebron.com\/wp-content\/themes\/thefox\/includes\/4k-icons\/icons\/4k-icons-pack02\/icons\/fonts\/elg.eot?#iefix') format('embedded-opentype'), url('https:\/\/bylebron.com\/wp-content\/themes\/thefox\/includes\/4k-icons\/icons\/4k-icons-pack02\/icons\/fonts\/elg.woff') format('woff'), url('https:\/\/bylebron.com\/wp-content\/themes\/thefox\/includes\/4k-icons\/icons\/4k-icons-pack02\/icons\/fonts\/elg.ttf') format('truetype'), url('https:\/\/bylebron.com\/wp-content\/themes\/thefox\/includes\/4k-icons\/icons\/4k-icons-pack02\/icons\/fonts\/elg.svg#oi') format('svg'); font-weight: normal; font-style: normal;}#b_5gmzh7dlui2ypk2x8uhx .elg-arrow_right:before{font-family: 'elg'; font-weight: normal; font-style: normal;}#b_5gmzh7dlui2ypk2x8uhx .elg-arrow_right:before{content: \"\\24\";}<\/style>\n[\/vc_column][vc_column width=\u00a0\u00bb1\/3&Prime; animation=\u00a0\u00bbrda_flipInY\u00a0\u00bb css=\u00a0\u00bb.vc_custom_1534935882362{padding-top: 8% !important;padding-right: 5% !important;padding-bottom: 8% !important;padding-left: 5% !important;background-image: url(https:\/\/bylebron.com\/wp-content\/uploads\/2018\/08\/mini_Tren-inferior.jpg?id=2660) !important;background-position: center !important;background-repeat: no-repeat !important;background-size: cover !important;}\u00a0\u00bb font_color=\u00a0\u00bb#ffffff\u00a0\u00bb el_class=\u00a0\u00bbbloques-electroestimulacion\u00a0\u00bb][vc_custom_heading text=\u00a0\u00bb\u00c9lectrostimulation\u00a0\u00bb font_container=\u00a0\u00bbtag:h3|font_size:16|text_align:left|color:%23ffffff|line_height:24px\u00a0\u00bb google_fonts=\u00a0\u00bbfont_family:Playfair%20Display%3Aregular%2Citalic%2C700%2C700italic%2C900%2C900italic|font_style:400%20regular%3A400%3Anormal\u00a0\u00bb css=\u00a0\u00bb.vc_custom_1540553118559{margin-bottom: 5px !important;}\u00a0\u00bb el_class=\u00a0\u00bbletterspacing-1&Prime;][vc_custom_heading text=\u00a0\u00bbPARTIE INF\u00c9RIEURE\u00a0\u00bb font_container=\u00a0\u00bbtag:h2|font_size:24|text_align:left|color:%23ffffff|line_height:32px\u00a0\u00bb google_fonts=\u00a0\u00bbfont_family:Raleway%3A100%2C200%2C300%2Cregular%2C500%2C600%2C700%2C800%2C900|font_style:900%20bold%20regular%3A900%3Anormal\u00a0\u00bb css=\u00a0\u00bb.vc_custom_1540553169107{margin-bottom: 10px !important;}\u00a0\u00bb el_class=\u00a0\u00bbtext_uppercase letterspacing-2-5&Prime;]<style type=\"text\/css\" >#l_z9gw16h4l6a2x9z1vyri{width:50px;}#l_z9gw16h4l6a2x9z1vyri.sc_line ,#l_z9gw16h4l6a2x9z1vyri .sc_line {border-top:3px solid #ffffff;}#l_z9gw16h4l6a2x9z1vyri {margin:3px 0 12px 0; padding:0;}<\/style><div class=\"clearfix\"><\/div><div id=\"l_z9gw16h4l6a2x9z1vyri\"  class=\"sc_line rd_line_bold\" ><\/div>[vc_empty_space height=\u00a0\u00bb42px\u00a0\u00bb]<style type=\"text\/css\" >#b_l06isi2i54hdkburfy2u a{color:#ffffff; background:rgba(255,255,255,0.01); border-style:solid; border-color:#ffffff; margin-top:0px; margin-bottom:0px;  margin-left:0px; margin-right:0px; font-weight:900; border-radius:0px;}#b_l06isi2i54hdkburfy2u a:hover{color:#ffffff ; background:#0089e2 ; border-color:#0089e2;}<\/style><div class=\"ta_left tf_btn_pos\" id=\"b_l06isi2i54hdkburfy2u\" ><a class=\"rd_stroke_bt smallmedium_rd_bt border_1px  bt_icon_right   \" href=\"\/electroestimulacion\/\/tren-inferior\" target=\"\"   ><span>Voir plus<\/span><i class=\"elg-arrow_right\" ><\/i><\/a><\/div><style type=\"text\/css\" >#b_l06isi2i54hdkburfy2u i {color:#ffffff;}#b_l06isi2i54hdkburfy2u a:hover i{color:#ffffff;}<\/style><style type='text\/css'> @font-face{font-family: 'elg'; src:url('https:\/\/bylebron.com\/wp-content\/themes\/thefox\/includes\/4k-icons\/icons\/4k-icons-pack02\/icons\/fonts\/elg.eot'); src:url('https:\/\/bylebron.com\/wp-content\/themes\/thefox\/includes\/4k-icons\/icons\/4k-icons-pack02\/icons\/fonts\/elg.eot?#iefix') format('embedded-opentype'), url('https:\/\/bylebron.com\/wp-content\/themes\/thefox\/includes\/4k-icons\/icons\/4k-icons-pack02\/icons\/fonts\/elg.woff') format('woff'), url('https:\/\/bylebron.com\/wp-content\/themes\/thefox\/includes\/4k-icons\/icons\/4k-icons-pack02\/icons\/fonts\/elg.ttf') format('truetype'), url('https:\/\/bylebron.com\/wp-content\/themes\/thefox\/includes\/4k-icons\/icons\/4k-icons-pack02\/icons\/fonts\/elg.svg#oi') format('svg'); font-weight: normal; font-style: normal;}#b_l06isi2i54hdkburfy2u .elg-arrow_right:before{font-family: 'elg'; font-weight: normal; font-style: normal;}#b_l06isi2i54hdkburfy2u .elg-arrow_right:before{content: \"\\24\";}<\/style>\n[\/vc_column][vc_column width=\u00a0\u00bb1\/3&Prime; animation=\u00a0\u00bbrda_flipInY\u00a0\u00bb css=\u00a0\u00bb.vc_custom_1534935897234{padding-top: 8% !important;padding-right: 5% !important;padding-bottom: 8% !important;padding-left: 5% !important;background-image: url(https:\/\/bylebron.com\/wp-content\/uploads\/2018\/08\/mini_Accesorios.jpg?id=2659) !important;background-position: center !important;background-repeat: no-repeat !important;background-size: cover !important;}\u00a0\u00bb font_color=\u00a0\u00bb#ffffff\u00a0\u00bb el_class=\u00a0\u00bbbloques-electroestimulacion\u00a0\u00bb][vc_custom_heading text=\u00a0\u00bb\u00c9lectrostimulation\u00a0\u00bb font_container=\u00a0\u00bbtag:h3|font_size:16|text_align:left|color:%23ffffff|line_height:24px\u00a0\u00bb google_fonts=\u00a0\u00bbfont_family:Playfair%20Display%3Aregular%2Citalic%2C700%2C700italic%2C900%2C900italic|font_style:400%20regular%3A400%3Anormal\u00a0\u00bb css=\u00a0\u00bb.vc_custom_1540553123731{margin-bottom: 5px !important;}\u00a0\u00bb el_class=\u00a0\u00bbletterspacing-1&Prime;][vc_custom_heading text=\u00a0\u00bbACCESSOIRES\u00a0\u00bb font_container=\u00a0\u00bbtag:h2|font_size:24|text_align:left|color:%23ffffff|line_height:32px\u00a0\u00bb google_fonts=\u00a0\u00bbfont_family:Raleway%3A100%2C200%2C300%2Cregular%2C500%2C600%2C700%2C800%2C900|font_style:900%20bold%20regular%3A900%3Anormal\u00a0\u00bb css=\u00a0\u00bb.vc_custom_1540553174151{margin-bottom: 10px !important;}\u00a0\u00bb el_class=\u00a0\u00bbtext_uppercase letterspacing-2-5&Prime;]<style type=\"text\/css\" >#l_vusvdjsmwpc9axdn4yn5{width:50px;}#l_vusvdjsmwpc9axdn4yn5.sc_line ,#l_vusvdjsmwpc9axdn4yn5 .sc_line {border-top:3px solid #ffffff;}#l_vusvdjsmwpc9axdn4yn5 {margin:3px 0 12px 0; padding:0;}<\/style><div class=\"clearfix\"><\/div><div id=\"l_vusvdjsmwpc9axdn4yn5\"  class=\"sc_line rd_line_bold\" ><\/div>[vc_empty_space height=\u00a0\u00bb42px\u00a0\u00bb]<style type=\"text\/css\" >#b_p6ke9pn04y7gi3ucw9kr a{color:#ffffff; background:rgba(255,255,255,0.01); border-style:solid; border-color:#ffffff; margin-top:0px; margin-bottom:0px;  margin-left:0px; margin-right:0px; font-weight:900; border-radius:0px;}#b_p6ke9pn04y7gi3ucw9kr a:hover{color:#ffffff ; background:#0089e2 ; border-color:#0089e2;}<\/style><div class=\"ta_left tf_btn_pos\" id=\"b_p6ke9pn04y7gi3ucw9kr\" ><a class=\"rd_stroke_bt smallmedium_rd_bt border_1px  bt_icon_right   \" href=\"\/electroestimulacion\/accesorios\" target=\"\"   ><span>Voir plus<\/span><i class=\"elg-arrow_right\" ><\/i><\/a><\/div><style type=\"text\/css\" >#b_p6ke9pn04y7gi3ucw9kr i {color:#ffffff;}#b_p6ke9pn04y7gi3ucw9kr a:hover i{color:#ffffff;}<\/style><style type='text\/css'> @font-face{font-family: 'elg'; src:url('https:\/\/bylebron.com\/wp-content\/themes\/thefox\/includes\/4k-icons\/icons\/4k-icons-pack02\/icons\/fonts\/elg.eot'); src:url('https:\/\/bylebron.com\/wp-content\/themes\/thefox\/includes\/4k-icons\/icons\/4k-icons-pack02\/icons\/fonts\/elg.eot?#iefix') format('embedded-opentype'), url('https:\/\/bylebron.com\/wp-content\/themes\/thefox\/includes\/4k-icons\/icons\/4k-icons-pack02\/icons\/fonts\/elg.woff') format('woff'), url('https:\/\/bylebron.com\/wp-content\/themes\/thefox\/includes\/4k-icons\/icons\/4k-icons-pack02\/icons\/fonts\/elg.ttf') format('truetype'), url('https:\/\/bylebron.com\/wp-content\/themes\/thefox\/includes\/4k-icons\/icons\/4k-icons-pack02\/icons\/fonts\/elg.svg#oi') format('svg'); font-weight: normal; font-style: normal;}#b_p6ke9pn04y7gi3ucw9kr .elg-arrow_right:before{font-family: 'elg'; font-weight: normal; font-style: normal;}#b_p6ke9pn04y7gi3ucw9kr .elg-arrow_right:before{content: \"\\24\";}<\/style>\n[\/vc_column][\/vc_row][vc_row type=\u00a0\u00bbfull-width-content\u00a0\u00bb parallax_background=\u00a0\u00bb\u00a0\u00bb css=\u00a0\u00bb.vc_custom_1536061199558{margin-bottom: 0px !important;padding-top: 2% !important;padding-right: 20% !important;padding-bottom: 2% !important;padding-left: 20% !important;background-position: center !important;background-repeat: no-repeat !important;background-size: cover !important;}\u00a0\u00bb font_color=\u00a0\u00bb#999999&Prime;][vc_column][vc_custom_heading text=\u00a0\u00bbTissu brevet\u00e9<\/p>\n<p>Flex Body Technology \u00ae\u00a0\u00bb font_container=\u00a0\u00bbtag:h2|font_size:24|text_align:center|color:%239b9b9b|line_height:45px\u00a0\u00bb use_theme_fonts=\u00a0\u00bbyes\u00a0\u00bb el_class=\u00a0\u00bbstrong_colored letterspacing-2&Prime; css=\u00a0\u00bb.vc_custom_1540553270961{margin-bottom: 23px !important;}\u00a0\u00bb]<style type=\"text\/css\" >#l_fquh8vosisgv52eu1l57{width:50px;}#l_fquh8vosisgv52eu1l57.sc_line ,#l_fquh8vosisgv52eu1l57 .sc_line {border-top:3px solid #f2f2f2;}#l_fquh8vosisgv52eu1l57.sc_line ,#l_fquh8vosisgv52eu1l57 .sc_line{margin-left:auto!important; margin-right:auto!important;}#l_fquh8vosisgv52eu1l57 {margin:0px 0 px 0; padding:0;}<\/style><div class=\"clearfix\"><\/div><div id=\"l_fquh8vosisgv52eu1l57\"  class=\"sc_line rd_line_bold\" ><\/div>[\/vc_column][\/vc_row][vc_row type=\u00a0\u00bbfull-width-content\u00a0\u00bb equal_height=\u00a0\u00bbyes\u00a0\u00bb parallax_background=\u00a0\u00bb\u00a0\u00bb css=\u00a0\u00bb.vc_custom_1536061168750{margin-bottom: 0px !important;background-position: center !important;background-repeat: no-repeat !important;background-size: contain !important;}\u00a0\u00bb][vc_column width=\u00a0\u00bb1\/2&Prime; css=\u00a0\u00bb.vc_custom_1536061067809{padding-right: 5% !important;padding-left: 5% !important;background-color: #2f2933 !important;background-position: center !important;background-repeat: no-repeat !important;background-size: cover !important;}\u00a0\u00bb][vc_row_inner content_placement=\u00a0\u00bbmiddle\u00a0\u00bb css=\u00a0\u00bb.vc_custom_1533555621204{padding-top: 60px !important;padding-right: 60px !important;padding-left: 60px !important;}\u00a0\u00bb][vc_column_inner][vc_column_text]<\/p>\n<div class=\"wpb_text_column wpb_content_element ct_377h1foimwcs1eql0clz\">\n<div class=\"wpb_wrapper\">\n<p>Gr\u00e2ce \u00e0 notre tissu Flex Body Technology\u00ae, nous sommes en mesure d&rsquo;offrir des fonctionnalit\u00e9s uniques pour la pratique de l&rsquo;EMS qui apportent \u00e0 l&rsquo;utilisateur les meilleures performances \u00e0 chaque exercice.<\/p>\n<p>De plus, nous personnalisons chacun de nos gilets d&rsquo;\u00e9lectrostimulation \u2014 pour hommes, femmes et unisexes \u2014 en l&rsquo;adaptant \u00e0 vos besoins et en apportant la valeur de nos designs exclusifs et innovants. La pratique de l&rsquo;EMS doit \u00eatre un entra\u00eenement sportif efficace, mais ne doit pas \u00eatre en contradiction avec le style et la sophistication. C&rsquo;est la raison pour laquelle nous proposons \u00e9galement diff\u00e9rentes tailles pour une adaptabilit\u00e9 totale \u00e0 chaque silhouette.<\/p>\n<\/div>\n<\/div>\n<p>[\/vc_column_text]<style type=\"text\/css\" >#l_zj2vzqgnyda6rpudh2g4{width:50px;}#l_zj2vzqgnyda6rpudh2g4.sc_line ,#l_zj2vzqgnyda6rpudh2g4 .sc_line {border-top:3px solid #f2f2f2;}#l_zj2vzqgnyda6rpudh2g4.sc_line ,#l_zj2vzqgnyda6rpudh2g4 .sc_line{margin-left:auto!important; margin-right:auto!important;}#l_zj2vzqgnyda6rpudh2g4 {margin:0px 0 px 0; padding:0;}<\/style><div class=\"clearfix\"><\/div><div id=\"l_zj2vzqgnyda6rpudh2g4\"  class=\"sc_line rd_line_bold\" ><\/div>[vc_empty_space height=\u00a0\u00bb42px\u00a0\u00bb]<style type=\"text\/css\" >#b_wt677xxjk3hypo6ltx5r a{color:#ffffff; background:#0089e2; margin-top:0px; margin-bottom:0px;  margin-left:0px; margin-right:0px; font-weight:900; border-radius:10px;}#b_wt677xxjk3hypo6ltx5r a:hover{color:#0089e2 ; background:rgba(4,139,226,0.16) ;}<\/style><div class=\"ta_left tf_btn_pos\" id=\"b_wt677xxjk3hypo6ltx5r\" ><a class=\"rd_normal_bt medium_rd_bt rda_fadeInDown \" href=\"\/tejido-flex-body-technology\/\" target=\"\"   >Plus d&rsquo;informations<\/a><\/div>[\/vc_column_inner][\/vc_row_inner][\/vc_column][vc_column width=\u00a0\u00bb1\/2&Prime; css=\u00a0\u00bb.vc_custom_1535974820543{background-position: center !important;background-repeat: no-repeat !important;background-size: cover !important;}\u00a0\u00bb][vc_row_inner][vc_column_inner css=\u00a0\u00bb.vc_custom_1535975147327{padding-top: 70% !important;background-image: url(https:\/\/bylebron.com\/wp-content\/uploads\/2018\/08\/Tejido-Flex-Body-Technology.jpg?id=2975) !important;background-position: center !important;background-repeat: no-repeat !important;background-size: cover !important;}\u00a0\u00bb][\/vc_column_inner][\/vc_row_inner][\/vc_column][\/vc_row][vc_row type=\u00a0\u00bbfull-width-section\u00a0\u00bb css=\u00a0\u00bb.vc_custom_1536061304979{margin-bottom: 0px !important;padding-top: 80px !important;padding-bottom: 80px !important;background-color: #0089e2 !important;}\u00a0\u00bb font_color=\u00a0\u00bb#ffffff\u00a0\u00bb parallax_background=\u00a0\u00bb\u00a0\u00bb][vc_column][vc_custom_heading text=\u00a0\u00bbConsultez nos prix.\u00a0\u00bb font_container=\u00a0\u00bbtag:h2|font_size:36|text_align:center|color:%23ffffff|line_height:40px\u00a0\u00bb google_fonts=\u00a0\u00bbfont_family:Lato%3A100%2C100italic%2C300%2C300italic%2Cregular%2Citalic%2C700%2C700italic%2C900%2C900italic|font_style:300%20light%20regular%3A300%3Anormal\u00a0\u00bb css=\u00a0\u00bb.vc_custom_1540553336943{margin-bottom: 10px !important;}\u00a0\u00bb][vc_custom_heading text=\u00a0\u00bbNous travaillons avec les meilleurs mat\u00e9riaux\u00a0\u00bb font_container=\u00a0\u00bbtag:h3|font_size:22|text_align:center|color:%23ffffff|line_height:30px\u00a0\u00bb google_fonts=\u00a0\u00bbfont_family:Lato%3A100%2C100italic%2C300%2C300italic%2Cregular%2Citalic%2C700%2C700italic%2C900%2C900italic|font_style:300%20light%20regular%3A300%3Anormal\u00a0\u00bb css=\u00a0\u00bb.vc_custom_1540553348302{margin-bottom: 35px !important;}\u00a0\u00bb]<style type=\"text\/css\" >#b_cczyqtz1d18p5poufa92 a{color:#ffffff; background:rgba(255,255,255,0.01); border-style:solid; border-color:#ffffff; margin-top:0px; margin-bottom:0px;  margin-left:0px; margin-right:0px; font-weight:500; border-radius:5px;}#b_cczyqtz1d18p5poufa92 a:hover{color:#ffffff ; background:#0f0000 ; border-color:#0f0000;}<\/style><div class=\"ta_center tf_btn_pos\" id=\"b_cczyqtz1d18p5poufa92\" ><a class=\"rd_stroke_bt smallmedium_rd_bt border_1px rda_fadeInUp \" href=\"\/contacto\/\" target=\"yes\"   >Contactez-nous<\/a><\/div>[\/vc_column][\/vc_row][vc_column width=\u00a0\u00bb1\/2&Prime; css=\u00a0\u00bb.vc_custom_1431702659457{padding-top: 40px !important;}\u00a0\u00bb][\/vc_column]<\/p>\n<\/div>","protected":false},"excerpt":{"rendered":"<p>[vc_row type=\u00a0\u00bbfull-width-content\u00a0\u00bb parallax_background=\u00a0\u00bb\u00a0\u00bb css=\u00a0\u00bb.vc_custom_1535985290327{margin-bottom: 0px !important;padding-top: 7% !important;padding-right: 20% !important;padding-bottom: 8% !important;padding-left: 20% !important;background: #f2f2f2 url(https:\/\/bylebron.com\/wp-content\/uploads\/2018\/08\/cabecera-bylebron.png?id=2854) !important;background-position: center !important;background-repeat: no-repeat !important;background-size: cover !important;}\u00a0\u00bb font_color=\u00a0\u00bb#f9f9f9&Prime;][vc_column][vc_custom_heading text=\u00a0\u00bbProduits\u00a0\u00bb font_container=\u00a0\u00bbtag:h2|font_size:30|text_align:center|color:%23ffffff|line_height:45px\u00a0\u00bb google_fonts=\u00a0\u00bbfont_family:Playfair%20Display%3Aregular%2Citalic%2C700%2C700italic%2C900%2C900italic|font_style:400%20regular%3A400%3Anormal\u00a0\u00bb el_class=\u00a0\u00bbstrong_colored letterspacing-2&Prime; css=\u00a0\u00bb.vc_custom_1540553087384{margin-bottom: 23px !important;}\u00a0\u00bb][\/vc_column][\/vc_row][vc_row type=\u00a0\u00bbfull-width-content\u00a0\u00bb parallax_background=\u00a0\u00bb\u00a0\u00bb css=\u00a0\u00bb.vc_custom_1535975856822{margin-bottom: 0px !important;padding-top: 5% !important;padding-right: 5% !important;padding-bottom: 5% !important;padding-left: 5% !important;background-color: #f2f2f2 !important;background-position: center !important;background-repeat: no-repeat !important;background-size: cover !important;}\u00a0\u00bb font_color=\u00a0\u00bb#8c8c8c\u00a0\u00bb][vc_column][vc_column_text font_size=\u00a0\u00bb18&Prime;]<br \/><a href=\"https:\/\/bylebron.com\/fr\/electroestimulacion\/\" class=\"more\">Read more<\/a><\/p>\n","protected":false},"author":4,"featured_media":0,"parent":0,"menu_order":0,"comment_status":"closed","ping_status":"closed","template":"","meta":{"footnotes":""},"class_list":["post-2592","page","type-page","status-publish","hentry"],"_links":{"self":[{"href":"https:\/\/bylebron.com\/fr\/wp-json\/wp\/v2\/pages\/2592","targetHints":{"allow":["GET"]}}],"collection":[{"href":"https:\/\/bylebron.com\/fr\/wp-json\/wp\/v2\/pages"}],"about":[{"href":"https:\/\/bylebron.com\/fr\/wp-json\/wp\/v2\/types\/page"}],"author":[{"embeddable":true,"href":"https:\/\/bylebron.com\/fr\/wp-json\/wp\/v2\/users\/4"}],"replies":[{"embeddable":true,"href":"https:\/\/bylebron.com\/fr\/wp-json\/wp\/v2\/comments?post=2592"}],"version-history":[{"count":172,"href":"https:\/\/bylebron.com\/fr\/wp-json\/wp\/v2\/pages\/2592\/revisions"}],"predecessor-version":[{"id":5924,"href":"https:\/\/bylebron.com\/fr\/wp-json\/wp\/v2\/pages\/2592\/revisions\/5924"}],"wp:attachment":[{"href":"https:\/\/bylebron.com\/fr\/wp-json\/wp\/v2\/media?parent=2592"}],"curies":[{"name":"wp","href":"https:\/\/api.w.org\/{rel}","templated":true}]}}