{"id":2894,"date":"2018-08-21T17:35:25","date_gmt":"2018-08-21T16:35:25","guid":{"rendered":"https:\/\/bylebron.com\/?page_id=2894"},"modified":"2025-03-20T20:40:54","modified_gmt":"2025-03-20T19:40:54","slug":"tren-superior","status":"publish","type":"page","link":"https:\/\/bylebron.com\/fr\/electroestimulacion\/tren-superior\/","title":{"rendered":"Partie Sup\u00e9rieur"},"content":{"rendered":"<div class=\"wpb-content-wrapper\"><p>[vc_row type=\u00a0\u00bbfull-width-content\u00a0\u00bb overlay=\u00a0\u00bb1&Prime; overlay_color=\u00a0\u00bbrgba(35,35,35,0.3)\u00a0\u00bb enable_overlay=\u00a0\u00bbenable_overlay_value\u00a0\u00bb overlay_pattern=\u00a0\u00bb01.png\u00a0\u00bb overlay_pattern_opacity=\u00a0\u00bb80&Prime; parallax_background=\u00a0\u00bb\u00a0\u00bb css=\u00a0\u00bb.vc_custom_1534873197502{margin-bottom: 0px !important;padding-top: 15% !important;padding-right: 20% !important;padding-bottom: 15% !important;padding-left: 20% !important;background-image: url(https:\/\/bylebron.com\/wp-content\/uploads\/2018\/08\/Portada-tren-superior-e1534869659202.jpg?id=2902) !important;background-position: center !important;background-repeat: no-repeat !important;background-size: cover !important;}\u00a0\u00bb][vc_column][vc_custom_heading text=\u00a0\u00bb\u00c9lectroestimulation Partie Sup\u00e9rieur\u00a0\u00bb font_container=\u00a0\u00bbtag:h1|text_align:center|color:%23ffffff\u00a0\u00bb use_theme_fonts=\u00a0\u00bbyes\u00a0\u00bb][\/vc_column][\/vc_row][vc_row type=\u00a0\u00bbfull-width-section\u00a0\u00bb parallax_background=\u00a0\u00bb\u00a0\u00bb css=\u00a0\u00bb.vc_custom_1534871006729{margin-bottom: 0px !important;padding-top: 5% !important;padding-bottom: 50px !important;background-color: #f9fafb !important;}\u00a0\u00bb][vc_column width=\u00a0\u00bb1\/3&Prime; el_id=\u00a0\u00bbhombre\u00a0\u00bb][vc_custom_heading text=\u00a0\u00bbGilet EMS Homme\u00a0\u00bb font_container=\u00a0\u00bbtag:h2|font_size:20|text_align:left|line_height:1&Prime;]<style type=\"text\/css\" >#l_3alctbh1rukmlcotbusr.sc_line ,#l_3alctbh1rukmlcotbusr .sc_line { height:1px; background:;}#l_3alctbh1rukmlcotbusr {margin:0px 0 0px 0; padding:0;}<\/style><div class=\"clearfix\"><\/div><div id=\"l_3alctbh1rukmlcotbusr\"  class=\"sc_line rd_line_normal\" ><\/div>[vc_column_text font_size=\u00a0\u00bb22&Prime;]Mod\u00e8le con\u00e7u pour les hommes avec des \u00e9paules r\u00e9glables et ajustement au niveau de la taille. Gr\u00e2ce au design et au tissu, nous avons fait en sorte qu&rsquo;il s&rsquo;adapte \u00e0 la silhouette masculine. Avec des d\u00e9tails bleus, chaque taille permet plusieurs options de morphologie pour s\u2019adapter \u00e0 tous les types de corps.[\/vc_column_text]<style type=\"text\/css\" >#b_e3q0pmy1an7t4y8y2d50 a{color:#ffffff; background: #1d96e5; background: -moz-linear-gradient(-45deg,  #1d96e5 0%, #62b1e5 100%); background: -webkit-gradient(linear, left top, right bottom, color-stop(0%,#1d96e5), color-stop(100%,#62b1e5)); background: -webkit-linear-gradient(-45deg,  #1d96e5 0%,#62b1e5 100%); background: -o-linear-gradient(-45deg,  #1d96e5 0%,#62b1e5 100%); background: -ms-linear-gradient(-45deg,  #1d96e5 0%,#62b1e5 100%); background: linear-gradient(135deg,  #1d96e5 0%,#62b1e5 100%); filter: progid:DXImageTransform.Microsoft.gradient( startColorstr=\"#1d96e5\", endColorstr=\"#62b1e5\",GradientType=1 );  margin-top:0px; margin-bottom:0px;  margin-left:0px; margin-right:0px; font-weight:900; border-radius:10px;}#b_e3q0pmy1an7t4y8y2d50 a:hover{color:#f2f2f2 ; background: ;}<\/style><div class=\"ta_center tf_btn_pos\" id=\"b_e3q0pmy1an7t4y8y2d50\" ><a class=\"rd_normal_bt medium_rd_bt  \" href=\"\/contacto\" target=\"yes\"   >Consultez nos prix<\/a><\/div>[\/vc_column][vc_column width=\u00a0\u00bb2\/3&Prime;][vc_row_inner][vc_column_inner width=\u00a0\u00bb1\/2&Prime;][vc_single_image image=\u00a0\u00bb3242&Prime; img_size=\u00a0\u00bbfull\u00a0\u00bb style=\u00a0\u00bbvc_box_rounded\u00a0\u00bb][\/vc_column_inner][vc_column_inner width=\u00a0\u00bb1\/2&Prime;][vc_single_image image=\u00a0\u00bb4649&Prime; img_size=\u00a0\u00bbfull\u00a0\u00bb style=\u00a0\u00bbvc_box_rounded\u00a0\u00bb][\/vc_column_inner][\/vc_row_inner][\/vc_column][\/vc_row][vc_row type=\u00a0\u00bbfull-width-section\u00a0\u00bb parallax_background=\u00a0\u00bb\u00a0\u00bb css=\u00a0\u00bb.vc_custom_1534871508504{margin-bottom: 0px !important;padding-top: 5% !important;padding-bottom: 50px !important;background-color: #ffffff !important;}\u00a0\u00bb el_id=\u00a0\u00bbmujer\u00a0\u00bb][vc_column width=\u00a0\u00bb1\/3&Prime;][vc_custom_heading text=\u00a0\u00bbGilet EMS Femme\u00a0\u00bb font_container=\u00a0\u00bbtag:h2|font_size:20|text_align:left|line_height:1&Prime;]<style type=\"text\/css\" >#l_4lttgz93gfzs570xq7z3.sc_line ,#l_4lttgz93gfzs570xq7z3 .sc_line { height:1px; background:;}#l_4lttgz93gfzs570xq7z3 {margin:0px 0 0px 0; padding:0;}<\/style><div class=\"clearfix\"><\/div><div id=\"l_4lttgz93gfzs570xq7z3\"  class=\"sc_line rd_line_normal\" ><\/div>[vc_column_text font_size=\u00a0\u00bb22&Prime;]Mod\u00e8le con\u00e7u pour s&rsquo;adapter \u00e0 toutes les tailles et aux courbes de la silhouette f\u00e9minine. Avec des d\u00e9tails en fuchsia, il est con\u00e7u pour que les femmes se sentent belles, attirantes et motiv\u00e9es au moment de faire du sport. Ses \u00e9paules r\u00e9glables permettent un ajustement \u00e0 toutes les tailles.[\/vc_column_text]<style type=\"text\/css\" >#b_fp6mqffe1cii83boxcvc a{color:#ffffff; background: #1d96e5; background: -moz-linear-gradient(-45deg,  #1d96e5 0%, #62b1e5 100%); background: -webkit-gradient(linear, left top, right bottom, color-stop(0%,#1d96e5), color-stop(100%,#62b1e5)); background: -webkit-linear-gradient(-45deg,  #1d96e5 0%,#62b1e5 100%); background: -o-linear-gradient(-45deg,  #1d96e5 0%,#62b1e5 100%); background: -ms-linear-gradient(-45deg,  #1d96e5 0%,#62b1e5 100%); background: linear-gradient(135deg,  #1d96e5 0%,#62b1e5 100%); filter: progid:DXImageTransform.Microsoft.gradient( startColorstr=\"#1d96e5\", endColorstr=\"#62b1e5\",GradientType=1 );  margin-top:0px; margin-bottom:0px;  margin-left:0px; margin-right:0px; font-weight:900; border-radius:10px;}#b_fp6mqffe1cii83boxcvc a:hover{color:#f2f2f2 ; background: ;}<\/style><div class=\"ta_center tf_btn_pos\" id=\"b_fp6mqffe1cii83boxcvc\" ><a class=\"rd_normal_bt medium_rd_bt  \" href=\"\/contacto\" target=\"yes\"   >Consultez nos prix<\/a><\/div>[\/vc_column][vc_column width=\u00a0\u00bb2\/3&Prime;][vc_row_inner][vc_column_inner width=\u00a0\u00bb1\/2&Prime;][vc_single_image image=\u00a0\u00bb3244&Prime; img_size=\u00a0\u00bbfull\u00a0\u00bb style=\u00a0\u00bbvc_box_rounded\u00a0\u00bb][\/vc_column_inner][vc_column_inner width=\u00a0\u00bb1\/2&Prime;][vc_single_image image=\u00a0\u00bb3245&Prime; img_size=\u00a0\u00bbfull\u00a0\u00bb style=\u00a0\u00bbvc_box_rounded\u00a0\u00bb][\/vc_column_inner][\/vc_row_inner][\/vc_column][\/vc_row][vc_row type=\u00a0\u00bbfull-width-section\u00a0\u00bb parallax_background=\u00a0\u00bb\u00a0\u00bb css=\u00a0\u00bb.vc_custom_1534871583251{margin-bottom: 0px !important;padding-top: 5% !important;padding-bottom: 50px !important;background-color: #f9fafb !important;}\u00a0\u00bb el_id=\u00a0\u00bbunisex\u00a0\u00bb][vc_column width=\u00a0\u00bb1\/3&Prime;][vc_custom_heading text=\u00a0\u00bbGilet EMS Unisexe\u00a0\u00bb font_container=\u00a0\u00bbtag:h2|font_size:20|text_align:left|line_height:1&Prime;]<style type=\"text\/css\" >#l_hruiz2g5x6pffvewuhfu.sc_line ,#l_hruiz2g5x6pffvewuhfu .sc_line { height:1px; background:;}#l_hruiz2g5x6pffvewuhfu {margin:0px 0 0px 0; padding:0;}<\/style><div class=\"clearfix\"><\/div><div id=\"l_hruiz2g5x6pffvewuhfu\"  class=\"sc_line rd_line_normal\" ><\/div>[vc_column_text font_size=\u00a0\u00bb22&Prime;]Notre tissu Flex Body Technology et une \u00e9tude rigoureuse du corps des hommes et des femmes ont permis de cr\u00e9er un mod\u00e8le adaptable aux deux silhouettes. Les \u00e9paules r\u00e9glables facilitent l&rsquo;ajustement \u00e0 tous les types de tailles. Fabriqu\u00e9 en noir, c&rsquo;est la combinaison parfaite de la sobri\u00e9t\u00e9 et du design.[\/vc_column_text]<style type=\"text\/css\" >#b_xa9dmqbopz8n126ubde6 a{color:#ffffff; background: #1d96e5; background: -moz-linear-gradient(-45deg,  #1d96e5 0%, #62b1e5 100%); background: -webkit-gradient(linear, left top, right bottom, color-stop(0%,#1d96e5), color-stop(100%,#62b1e5)); background: -webkit-linear-gradient(-45deg,  #1d96e5 0%,#62b1e5 100%); background: -o-linear-gradient(-45deg,  #1d96e5 0%,#62b1e5 100%); background: -ms-linear-gradient(-45deg,  #1d96e5 0%,#62b1e5 100%); background: linear-gradient(135deg,  #1d96e5 0%,#62b1e5 100%); filter: progid:DXImageTransform.Microsoft.gradient( startColorstr=\"#1d96e5\", endColorstr=\"#62b1e5\",GradientType=1 );  margin-top:0px; margin-bottom:0px;  margin-left:0px; margin-right:0px; font-weight:900; border-radius:10px;}#b_xa9dmqbopz8n126ubde6 a:hover{color:#f2f2f2 ; background: ;}<\/style><div class=\"ta_center tf_btn_pos\" id=\"b_xa9dmqbopz8n126ubde6\" ><a class=\"rd_normal_bt medium_rd_bt  \" href=\"\/contacto\" target=\"yes\"   >Consultez nos prix<\/a><\/div>[\/vc_column][vc_column width=\u00a0\u00bb2\/3&Prime;][vc_row_inner][vc_column_inner width=\u00a0\u00bb1\/2&Prime;][vc_single_image image=\u00a0\u00bb3246&Prime; img_size=\u00a0\u00bbfull\u00a0\u00bb style=\u00a0\u00bbvc_box_rounded\u00a0\u00bb css=\u00a0\u00bb.vc_custom_1535993438023{padding-bottom: 1% !important;}\u00a0\u00bb][\/vc_column_inner][vc_column_inner width=\u00a0\u00bb1\/2&Prime;][vc_single_image image=\u00a0\u00bb4647&Prime; img_size=\u00a0\u00bbfull\u00a0\u00bb style=\u00a0\u00bbvc_box_rounded\u00a0\u00bb][\/vc_column_inner][\/vc_row_inner][\/vc_column][\/vc_row][vc_column width=\u00a0\u00bb1\/2&Prime; css=\u00a0\u00bb.vc_custom_1431702659457{padding-top: 40px !important;}\u00a0\u00bb][\/vc_column]<\/p>\n<\/div>","protected":false},"excerpt":{"rendered":"<p>[vc_row type=\u00a0\u00bbfull-width-content\u00a0\u00bb overlay=\u00a0\u00bb1&Prime; overlay_color=\u00a0\u00bbrgba(35,35,35,0.3)\u00a0\u00bb enable_overlay=\u00a0\u00bbenable_overlay_value\u00a0\u00bb overlay_pattern=\u00a0\u00bb01.png\u00a0\u00bb overlay_pattern_opacity=\u00a0\u00bb80&Prime; parallax_background=\u00a0\u00bb\u00a0\u00bb css=\u00a0\u00bb.vc_custom_1534873197502{margin-bottom: 0px !important;padding-top: 15% !important;padding-right: 20% !important;padding-bottom: 15% !important;padding-left: 20% !important;background-image: url(https:\/\/bylebron.com\/wp-content\/uploads\/2018\/08\/Portada-tren-superior-e1534869659202.jpg?id=2902) !important;background-position: center !important;background-repeat: no-repeat !important;background-size: cover !important;}\u00a0\u00bb][vc_column][vc_custom_heading text=\u00a0\u00bb\u00c9lectroestimulation Partie Sup\u00e9rieur\u00a0\u00bb font_container=\u00a0\u00bbtag:h1|text_align:center|color:%23ffffff\u00a0\u00bb use_theme_fonts=\u00a0\u00bbyes\u00a0\u00bb][\/vc_column][\/vc_row][vc_row type=\u00a0\u00bbfull-width-section\u00a0\u00bb parallax_background=\u00a0\u00bb\u00a0\u00bb css=\u00a0\u00bb.vc_custom_1534871006729{margin-bottom: 0px !important;padding-top: 5% !important;padding-bottom: 50px !important;background-color: #f9fafb !important;}\u00a0\u00bb][vc_column width=\u00a0\u00bb1\/3&Prime; el_id=\u00a0\u00bbhombre\u00a0\u00bb][vc_custom_heading text=\u00a0\u00bbGilet EMS Homme\u00a0\u00bb font_container=\u00a0\u00bbtag:h2|font_size:20|text_align:left|line_height:1&Prime;][vc_column_text font_size=\u00a0\u00bb22&Prime;]Mod\u00e8le con\u00e7u pour les hommes avec<br \/><a href=\"https:\/\/bylebron.com\/fr\/electroestimulacion\/tren-superior\/\" class=\"more\">Read more<\/a><\/p>\n","protected":false},"author":4,"featured_media":0,"parent":2592,"menu_order":0,"comment_status":"closed","ping_status":"closed","template":"","meta":{"footnotes":""},"class_list":["post-2894","page","type-page","status-publish","hentry"],"_links":{"self":[{"href":"https:\/\/bylebron.com\/fr\/wp-json\/wp\/v2\/pages\/2894","targetHints":{"allow":["GET"]}}],"collection":[{"href":"https:\/\/bylebron.com\/fr\/wp-json\/wp\/v2\/pages"}],"about":[{"href":"https:\/\/bylebron.com\/fr\/wp-json\/wp\/v2\/types\/page"}],"author":[{"embeddable":true,"href":"https:\/\/bylebron.com\/fr\/wp-json\/wp\/v2\/users\/4"}],"replies":[{"embeddable":true,"href":"https:\/\/bylebron.com\/fr\/wp-json\/wp\/v2\/comments?post=2894"}],"version-history":[{"count":109,"href":"https:\/\/bylebron.com\/fr\/wp-json\/wp\/v2\/pages\/2894\/revisions"}],"predecessor-version":[{"id":5912,"href":"https:\/\/bylebron.com\/fr\/wp-json\/wp\/v2\/pages\/2894\/revisions\/5912"}],"up":[{"embeddable":true,"href":"https:\/\/bylebron.com\/fr\/wp-json\/wp\/v2\/pages\/2592"}],"wp:attachment":[{"href":"https:\/\/bylebron.com\/fr\/wp-json\/wp\/v2\/media?parent=2894"}],"curies":[{"name":"wp","href":"https:\/\/api.w.org\/{rel}","templated":true}]}}