{"id":2896,"date":"2018-08-21T17:36:02","date_gmt":"2018-08-21T16:36:02","guid":{"rendered":"https:\/\/bylebron.com\/?page_id=2896"},"modified":"2025-03-20T20:37:45","modified_gmt":"2025-03-20T19:37:45","slug":"tren-inferior","status":"publish","type":"page","link":"https:\/\/bylebron.com\/fr\/electroestimulacion\/tren-inferior\/","title":{"rendered":"Partie Inf\u00e9rieure"},"content":{"rendered":"<div class=\"wpb-content-wrapper\"><p>[vc_row type=\u00a0\u00bbfull-width-content\u00a0\u00bb overlay=\u00a0\u00bb1&Prime; overlay_color=\u00a0\u00bbrgba(35,35,35,0.3)\u00a0\u00bb enable_overlay=\u00a0\u00bbenable_overlay_value\u00a0\u00bb overlay_pattern=\u00a0\u00bb01.png\u00a0\u00bb overlay_pattern_opacity=\u00a0\u00bb80&Prime; parallax_background=\u00a0\u00bb\u00a0\u00bb css=\u00a0\u00bb.vc_custom_1534947297220{margin-bottom: 0px !important;padding-top: 15% !important;padding-right: 20% !important;padding-bottom: 15% !important;padding-left: 20% !important;background-image: url(https:\/\/bylebron.com\/wp-content\/uploads\/2018\/08\/Portada-tren-inferior.jpg?id=3016) !important;background-position: center !important;background-repeat: no-repeat !important;background-size: cover !important;}\u00a0\u00bb][vc_column][vc_custom_heading text=\u00a0\u00bb\u00c9lectroestimulation Partie Inf\u00e9rieure\u00a0\u00bb font_container=\u00a0\u00bbtag:h1|text_align:center|color:%23ffffff\u00a0\u00bb use_theme_fonts=\u00a0\u00bbyes\u00a0\u00bb][\/vc_column][\/vc_row][vc_row type=\u00a0\u00bbfull-width-section\u00a0\u00bb parallax_background=\u00a0\u00bb\u00a0\u00bb css=\u00a0\u00bb.vc_custom_1534948906444{margin-bottom: 0px !important;padding-top: 5% !important;padding-bottom: 50px !important;background-color: #f9fafb !important;}\u00a0\u00bb el_id=\u00a0\u00bbcinturon\u00a0\u00bb][vc_column width=\u00a0\u00bb1\/2&Prime; el_id=\u00a0\u00bbhombre\u00a0\u00bb][vc_custom_heading text=\u00a0\u00bbCeinture du fessier\u00a0\u00bb font_container=\u00a0\u00bbtag:h1|font_size:25|text_align:left|line_height:0&Prime;]<style type=\"text\/css\" >#l_cqwfodyvp69phiaxon8l.sc_line ,#l_cqwfodyvp69phiaxon8l .sc_line { height:1px; background:;}#l_cqwfodyvp69phiaxon8l {margin:0px 0 0px 0; padding:0;}<\/style><div class=\"clearfix\"><\/div><div id=\"l_cqwfodyvp69phiaxon8l\"  class=\"sc_line rd_line_normal\" ><\/div>[vc_empty_space][vc_column_text font_size=\u00a0\u00bb22&Prime;]C&rsquo;est une pi\u00e8ce cr\u00e9\u00e9e pour r\u00e9volutionner le monde des ceintures d&rsquo;\u00e9lectrostimulation. Nous avons corrig\u00e9 et am\u00e9lior\u00e9 le design en allongeant la partie centrale pour arriver \u00e0 ce qu&rsquo;il ne g\u00eane pas l&rsquo;abdomen lors de l\u2019exercice, quel qu\u2019il soit. Il se fixe enti\u00e8rement au fessier, \u00e9vitant ainsi qu&rsquo;il ne bouge et en assurant un maximum de confort lors des s\u00e9ances d&rsquo;entra\u00eenement.[\/vc_column_text]<style type=\"text\/css\" >#b_s1q94sl98nozez8u8lkt a{color:#ffffff; background: #1d96e5; background: -moz-linear-gradient(-45deg,  #1d96e5 0%, #62b1e5 100%); background: -webkit-gradient(linear, left top, right bottom, color-stop(0%,#1d96e5), color-stop(100%,#62b1e5)); background: -webkit-linear-gradient(-45deg,  #1d96e5 0%,#62b1e5 100%); background: -o-linear-gradient(-45deg,  #1d96e5 0%,#62b1e5 100%); background: -ms-linear-gradient(-45deg,  #1d96e5 0%,#62b1e5 100%); background: linear-gradient(135deg,  #1d96e5 0%,#62b1e5 100%); filter: progid:DXImageTransform.Microsoft.gradient( startColorstr=\"#1d96e5\", endColorstr=\"#62b1e5\",GradientType=1 );  margin-top:0px; margin-bottom:0px;  margin-left:0px; margin-right:0px; font-weight:900; border-radius:10px;}#b_s1q94sl98nozez8u8lkt a:hover{color:#f2f2f2 ; background: ;}<\/style><div class=\"ta_center tf_btn_pos\" id=\"b_s1q94sl98nozez8u8lkt\" ><a class=\"rd_normal_bt medium_rd_bt  \" href=\"\/contacto\" target=\"yes\"   >Consultez nos prix<\/a><\/div>[\/vc_column][vc_column width=\u00a0\u00bb1\/2&Prime;][vc_single_image image=\u00a0\u00bb3248&Prime; img_size=\u00a0\u00bbfull\u00a0\u00bb][\/vc_column][\/vc_row][vc_row type=\u00a0\u00bbfull-width-section\u00a0\u00bb parallax_background=\u00a0\u00bb\u00a0\u00bb css=\u00a0\u00bb.vc_custom_1534948918941{margin-bottom: 0px !important;padding-top: 5% !important;padding-bottom: 50px !important;background-color: #ffffff !important;}\u00a0\u00bb el_id=\u00a0\u00bbpantalon\u00a0\u00bb][vc_column width=\u00a0\u00bb1\/2&Prime;][vc_custom_heading text=\u00a0\u00bbPantalon culotte\u00a0\u00bb font_container=\u00a0\u00bbtag:h1|font_size:25|text_align:left|line_height:0&Prime;]<style type=\"text\/css\" >#l_p68v5br1islnkwbnet2j.sc_line ,#l_p68v5br1islnkwbnet2j .sc_line { height:1px; background:;}#l_p68v5br1islnkwbnet2j {margin:0px 0 0px 0; padding:0;}<\/style><div class=\"clearfix\"><\/div><div id=\"l_p68v5br1islnkwbnet2j\"  class=\"sc_line rd_line_normal\" ><\/div>[vc_empty_space][vc_column_text font_size=\u00a0\u00bb22&Prime;]De nombreux tests, des \u00e9tudes et un tissu de grande qualit\u00e9 ont abouti \u00e0 la fabrication d&rsquo;un pantalon r\u00e9sistant, flexible et durable. Confortable dans son int\u00e9gralit\u00e9, mais surtout dans l&rsquo;entrejambe, zone o\u00f9 il y a toujours eu des d\u00e9fauts.[\/vc_column_text]<style type=\"text\/css\" >#b_9oldsdqy1u2qxdns00uo a{color:#ffffff; background: #1d96e5; background: -moz-linear-gradient(-45deg,  #1d96e5 0%, #62b1e5 100%); background: -webkit-gradient(linear, left top, right bottom, color-stop(0%,#1d96e5), color-stop(100%,#62b1e5)); background: -webkit-linear-gradient(-45deg,  #1d96e5 0%,#62b1e5 100%); background: -o-linear-gradient(-45deg,  #1d96e5 0%,#62b1e5 100%); background: -ms-linear-gradient(-45deg,  #1d96e5 0%,#62b1e5 100%); background: linear-gradient(135deg,  #1d96e5 0%,#62b1e5 100%); filter: progid:DXImageTransform.Microsoft.gradient( startColorstr=\"#1d96e5\", endColorstr=\"#62b1e5\",GradientType=1 );  margin-top:0px; margin-bottom:0px;  margin-left:0px; margin-right:0px; font-weight:900; border-radius:10px;}#b_9oldsdqy1u2qxdns00uo a:hover{color:#f2f2f2 ; background: ;}<\/style><div class=\"ta_center tf_btn_pos\" id=\"b_9oldsdqy1u2qxdns00uo\" ><a class=\"rd_normal_bt medium_rd_bt  \" href=\"\/contacto\" target=\"yes\"   >Consultez nos prix<\/a><\/div>[\/vc_column][vc_column width=\u00a0\u00bb1\/2&Prime;]<style type=\"text\/css\" >#ic_rw6u00tu5fnyz6m0wjht {margin:0px auto 0px; }#ic_rw6u00tu5fnyz6m0wjht .ic_left,#ic_rw6u00tu5fnyz6m0wjht .ic_right,#ic_rw6u00tu5fnyz6m0wjht .ic_left:after,#ic_rw6u00tu5fnyz6m0wjht .ic_right:after{border-color:#ecf0f1; background:#ffffff; color:#a1b1bc; }#ic_rw6u00tu5fnyz6m0wjht .ic_left:hover,#ic_rw6u00tu5fnyz6m0wjht .ic_right:hover,#ic_rw6u00tu5fnyz6m0wjht .ic_left:hover:after,#ic_rw6u00tu5fnyz6m0wjht .ic_right:hover:after{background:#f9fafb; color:#2c3e50; }#ic_rw6u00tu5fnyz6m0wjht .rd_ic_pager a{border-color:#ecf0f1; background:#ffffff; color:#a1b1bc; }#ic_rw6u00tu5fnyz6m0wjht .rd_ic_pager a:hover{border-color:#288bd0; background:#288bd0; color:#ffffff; }<\/style><script type=\"text\/javascript\" charset=\"utf-8\">\n\t\t\t\t\n\t\tjQuery.noConflict();\n\t\/\/setup up Carousel\n\t\tjQuery(document).ready(function($) {\t\n\t\t\t\n\t\t\"use strict\";\n\t\t\n\t\t\t$(window).load(function(){\n\t\t$(\"#ic_rw6u00tu5fnyz6m0wjht .rd_img_carousel\").carouFredSel({\n\t\t\t\t\t\n\t\t\t\t\tresponsive: true,\n\t\t\t\t\twidth: \"100%\",scroll:  { items:1,duration: 1500},\n\t\t\t\t\tauto: true,\n\t\t\t\t\tprev: \"#ic_rw6u00tu5fnyz6m0wjht .ic_left\",\n\t\t\t\t\tnext: \"#ic_rw6u00tu5fnyz6m0wjht .ic_right\",\n\t\t\t\t\tpagination: \"#ic_rw6u00tu5fnyz6m0wjht_pager\",\n\t\t\t\t\theight : \"variable\",\n\t\t\t\t\tswipe       : {\n             \t\t   onTouch     : true,\n\t\t               onMouse     : false\n        \t\t    },\n\t\t\t\t\titems: {\n\t\t\t\t\theight : \"variable\",\n\t\t\t\t\t\tvisible: {\n\t\t\t\t\t\t\tmin: 1,\n\t\t\t\t\t\t\tmax: 1\n\t\t\t\t\t\t}\n\t\t\t\t\t}\n\t\t\t\t});\n\t\t\t\t});\n\t\t\t\t});\n\t<\/script><div class=\"rd_img_carousel_ctn  hover_nav_style\" id=\"ic_rw6u00tu5fnyz6m0wjht\"><div class=\"ic_nav\"><div class=\"ic_left\" ><\/div><div class=\"ic_right\" ><\/div><\/div><div class=\"rd_img_carousel\"><img loading=\"lazy\" decoding=\"async\" width=\"687\" height=\"480\" src=\"https:\/\/bylebron.com\/wp-content\/uploads\/2018\/09\/Pantal\u00f3n-culote-frontal-Peque\u00f1o.jpg\" class=\"attachment-full\" alt=\"pantalon frontal ems\" title=\"Pantal\u00f3n culote frontal (Peque\u00f1o)\" srcset=\"https:\/\/bylebron.com\/wp-content\/uploads\/2018\/09\/Pantal\u00f3n-culote-frontal-Peque\u00f1o.jpg 687w, https:\/\/bylebron.com\/wp-content\/uploads\/2018\/09\/Pantal\u00f3n-culote-frontal-Peque\u00f1o-600x419.jpg 600w, https:\/\/bylebron.com\/wp-content\/uploads\/2018\/09\/Pantal\u00f3n-culote-frontal-Peque\u00f1o-300x210.jpg 300w\" sizes=\"auto, (max-width: 687px) 100vw, 687px\" \/><img loading=\"lazy\" decoding=\"async\" width=\"720\" height=\"480\" src=\"https:\/\/bylebron.com\/wp-content\/uploads\/2018\/09\/pantal\u00f3n-por-atras-PNG-Peque\u00f1o.png\" class=\"attachment-full\" alt=\"pantalon ems\" title=\"pantal\u00f3n por atras PNG (Peque\u00f1o)\" srcset=\"https:\/\/bylebron.com\/wp-content\/uploads\/2018\/09\/pantal\u00f3n-por-atras-PNG-Peque\u00f1o.png 720w, https:\/\/bylebron.com\/wp-content\/uploads\/2018\/09\/pantal\u00f3n-por-atras-PNG-Peque\u00f1o-600x400.png 600w, https:\/\/bylebron.com\/wp-content\/uploads\/2018\/09\/pantal\u00f3n-por-atras-PNG-Peque\u00f1o-300x200.png 300w\" sizes=\"auto, (max-width: 720px) 100vw, 720px\" \/><\/div><\/div>[\/vc_column][\/vc_row][vc_column width=\u00a0\u00bb1\/2&Prime; css=\u00a0\u00bb.vc_custom_1431702659457{padding-top: 40px !important;}\u00a0\u00bb][\/vc_column]<\/p>\n<\/div>","protected":false},"excerpt":{"rendered":"<p>[vc_row type=\u00a0\u00bbfull-width-content\u00a0\u00bb overlay=\u00a0\u00bb1&Prime; overlay_color=\u00a0\u00bbrgba(35,35,35,0.3)\u00a0\u00bb enable_overlay=\u00a0\u00bbenable_overlay_value\u00a0\u00bb overlay_pattern=\u00a0\u00bb01.png\u00a0\u00bb overlay_pattern_opacity=\u00a0\u00bb80&Prime; parallax_background=\u00a0\u00bb\u00a0\u00bb css=\u00a0\u00bb.vc_custom_1534947297220{margin-bottom: 0px !important;padding-top: 15% !important;padding-right: 20% !important;padding-bottom: 15% !important;padding-left: 20% !important;background-image: url(https:\/\/bylebron.com\/wp-content\/uploads\/2018\/08\/Portada-tren-inferior.jpg?id=3016) !important;background-position: center !important;background-repeat: no-repeat !important;background-size: cover !important;}\u00a0\u00bb][vc_column][vc_custom_heading text=\u00a0\u00bb\u00c9lectroestimulation Partie Inf\u00e9rieure\u00a0\u00bb font_container=\u00a0\u00bbtag:h1|text_align:center|color:%23ffffff\u00a0\u00bb use_theme_fonts=\u00a0\u00bbyes\u00a0\u00bb][\/vc_column][\/vc_row][vc_row type=\u00a0\u00bbfull-width-section\u00a0\u00bb parallax_background=\u00a0\u00bb\u00a0\u00bb css=\u00a0\u00bb.vc_custom_1534948906444{margin-bottom: 0px !important;padding-top: 5% !important;padding-bottom: 50px !important;background-color: #f9fafb !important;}\u00a0\u00bb el_id=\u00a0\u00bbcinturon\u00a0\u00bb][vc_column width=\u00a0\u00bb1\/2&Prime; el_id=\u00a0\u00bbhombre\u00a0\u00bb][vc_custom_heading text=\u00a0\u00bbCeinture du fessier\u00a0\u00bb font_container=\u00a0\u00bbtag:h1|font_size:25|text_align:left|line_height:0&Prime;][vc_empty_space][vc_column_text font_size=\u00a0\u00bb22&Prime;]C&rsquo;est une pi\u00e8ce cr\u00e9\u00e9e pour<br \/><a href=\"https:\/\/bylebron.com\/fr\/electroestimulacion\/tren-inferior\/\" class=\"more\">Read more<\/a><\/p>\n","protected":false},"author":4,"featured_media":0,"parent":2592,"menu_order":0,"comment_status":"closed","ping_status":"closed","template":"","meta":{"footnotes":""},"class_list":["post-2896","page","type-page","status-publish","hentry"],"_links":{"self":[{"href":"https:\/\/bylebron.com\/fr\/wp-json\/wp\/v2\/pages\/2896","targetHints":{"allow":["GET"]}}],"collection":[{"href":"https:\/\/bylebron.com\/fr\/wp-json\/wp\/v2\/pages"}],"about":[{"href":"https:\/\/bylebron.com\/fr\/wp-json\/wp\/v2\/types\/page"}],"author":[{"embeddable":true,"href":"https:\/\/bylebron.com\/fr\/wp-json\/wp\/v2\/users\/4"}],"replies":[{"embeddable":true,"href":"https:\/\/bylebron.com\/fr\/wp-json\/wp\/v2\/comments?post=2896"}],"version-history":[{"count":32,"href":"https:\/\/bylebron.com\/fr\/wp-json\/wp\/v2\/pages\/2896\/revisions"}],"predecessor-version":[{"id":5911,"href":"https:\/\/bylebron.com\/fr\/wp-json\/wp\/v2\/pages\/2896\/revisions\/5911"}],"up":[{"embeddable":true,"href":"https:\/\/bylebron.com\/fr\/wp-json\/wp\/v2\/pages\/2592"}],"wp:attachment":[{"href":"https:\/\/bylebron.com\/fr\/wp-json\/wp\/v2\/media?parent=2896"}],"curies":[{"name":"wp","href":"https:\/\/api.w.org\/{rel}","templated":true}]}}