{"id":3363,"date":"2018-09-04T10:46:14","date_gmt":"2018-09-04T09:46:14","guid":{"rendered":"https:\/\/bylebron.com\/?page_id=3363"},"modified":"2022-11-15T11:15:49","modified_gmt":"2022-11-15T10:15:49","slug":"aviso-legal","status":"publish","type":"page","link":"https:\/\/bylebron.com\/fr\/aviso-legal\/","title":{"rendered":"Aviso Legal"},"content":{"rendered":"<div class=\"wpb-content-wrapper\"><p>[\/vc_column_text][\/vc_column][\/vc_row][vc_row][vc_column][vc_column_text]<\/p>\n<h2>Servicios de la Sociedad de la Informaci\u00f3n y de Comercio Electr\u00f3nico (LSSICE)<\/h2>\n<p>En cumplimiento de lo dispuesto en el art. 9 de la Ley 34\/2002, de 11 de Julio, de Servicios de la Sociedad de la Informaci\u00f3n y de Comercio Electr\u00f3nico (LSSICE), la empresa propietaria de este sitio web, pone a disposici\u00f3n de los visitantes de la mencionada una serie de datos que son de obligada disposici\u00f3n tanto a los destinatarios del servicio como a los \u00f3rganos competentes, y por ello se podr\u00e1n encontrar a continuaci\u00f3n, dispuestos de forma f\u00e1cil, directa y gratuita:<\/p>\n<p>Denominaci\u00f3n Social: BY LEBRON S.L<br \/>\nN.I.F: B-87713350<br \/>\nDomicilio de la empresa: c\/ Juli\u00e1n Camarillo, 47. Edificio A. 28037, Madrid<br \/>\nTel\u00e9fono de contacto: <a href=\"tel:+34 910 712 689\">+34 910 712 689<\/a><br \/>\nDirecci\u00f3n de Correo electr\u00f3nico:<a href=\"mailto:info@bylebron.com\">info@bylebron.com<\/a><br \/>\nNombre del dominio para identificaci\u00f3n: bylebron.com y bylebron.es<\/p>\n<p>&nbsp;<\/p>\n<p>BYLEBRON S.L., con CIF\/NIF n\u00ba: B87205803 y direcci\u00f3n en: Calle Juli\u00e1n Camarillo n\u00ba47. Edificio A. C.P. 28037 \u2013 Madrid, no puede asumir ninguna responsabilidad derivada del uso incorrecto, inapropiado o il\u00edcito de la informaci\u00f3n aparecida en las p\u00e1ginas web de: www.bylebron.com<\/p>\n<p>Que BYLEBRON S.L. consta inscrita en el Registro Mercantil de xxxxxxxxxxxxxxxxx<\/p>\n<p>Con los l\u00edmites establecidos en la ley, BYLEBRON S.L. no asume ninguna responsabilidad derivada de la falta de veracidad, integridad, actualizaci\u00f3n y precisi\u00f3n de los datos o informaciones que contienen sus p\u00e1ginas web.<\/p>\n<p>Los contenidos e informaci\u00f3n no vinculan a BYLEBRON S.L. ni constituyen opiniones, consejos o asesoramiento legal de ning\u00fan tipo pues se trata meramente de un servicio ofrecido con car\u00e1cter informativo y divulgativo.<\/p>\n<p>Las p\u00e1ginas de Internet de BYLEBRON S.L. pueden contener enlaces (links) a otras p\u00e1ginas de terceras partes que BYLEBRON S.L. no puede controlar. Por lo tanto, BYLEBRON S.L. no puede asumir responsabilidades por el contenido que pueda aparecer en p\u00e1ginas de terceros.<\/p>\n<p>Los textos, im\u00e1genes, sonidos, animaciones, software y el resto de contenidos incluidos en este website son propiedad exclusiva de BYLEBRON S.L. o sus licenciantes. Cualquier acto de transmisi\u00f3n, distribuci\u00f3n, cesi\u00f3n, reproducci\u00f3n, almacenamiento o comunicaci\u00f3n p\u00fablica total o parcial, deber\u00e1 contar con el consentimiento expreso de BYLEBRON S.L..<\/p>\n<h2>Pol\u00edtica de privacidad \/ protecci\u00f3n de datos<\/h2>\n<p>Asimismo, para acceder a algunos de los servicios que BYLEBRON S.L. ofrece a trav\u00e9s del sitio web, deber\u00e1 proporcionar algunos datos de car\u00e1cter personal. En cumplimiento de lo establecido en el Reglamento (UE) 2016\/679 del Parlamento Europeo y del Consejo, de 27 de abril de 2016, relativo a la protecci\u00f3n de las personas f\u00edsicas en lo que respecta al tratamiento de datos personales y a la libre circulaci\u00f3n de estos datos le informamos que, mediante la cumplimentaci\u00f3n de los presentes formularios, sus datos personales quedar\u00e1n incorporados y ser\u00e1n tratados en los ficheros de BYLEBRON S.L. con el fin de poderle prestar y ofrecer nuestros servicios as\u00ed como para informarle de las mejoras del sitio Web.<\/p>\n<p>Le informamos tambi\u00e9n de que tendr\u00e1 la posibilidad en todo momento de ejercer los derechos de acceso, rectificaci\u00f3n, cancelaci\u00f3n, oposici\u00f3n, limitaci\u00f3n y portabilidad de sus datos de car\u00e1cter personal, de manera gratuita mediante email a: info@bylebron.com o en la direcci\u00f3n: Calle Juli\u00e1n Camarillo n\u00ba47. Edificio A. C.P. 28037 \u2013 Madrid<\/p>\n<p><a href=\"https:\/\/bylebron.com\/politica-privacidad\/\">Ver documento completo de pol\u00edtica de proteccion de datos<\/a><\/p>\n<p>&nbsp;<\/p>\n<h2>Pol\u00edtica de cookies<\/h2>\n<p>Bylebron usamos cookies. Asumimos que usted acepta el uso de cookies. No obstante, muestra informaci\u00f3n sobre su Pol\u00edtica de cookies en la parte inferior o superior de cualquier p\u00e1gina del portal con cada inicio de sesi\u00f3n con el objeto de que usted sea consciente. Ante esta informaci\u00f3n es posible llevar a cabo las siguientes acciones:<\/p>\n<p>\u2022 Aceptar cookies: No se volver\u00e1 a visualizar este aviso al acceder a cualquier p\u00e1gina del portal durante la presente sesi\u00f3n.<br \/>\n\u2022 Cerrar: Se oculta el aviso en la presente p\u00e1gina.<br \/>\n\u2022 Modificar su configuraci\u00f3n: Podr\u00e1 obtener m\u00e1s informaci\u00f3n sobre qu\u00e9 son las cookies, conocer la Pol\u00edtica de cookies y modificar la configuraci\u00f3n de su navegador.<\/p>\n<p><a href=\"https:\/\/bylebron.com\/politica-de-cookies\/\">Ver documento completo de pol\u00edtica de cookies<\/a>[\/vc_column_text][\/vc_column][\/vc_row][vc_row][vc_column][vc_column_text][\/vc_column_text][\/vc_column][\/vc_row][vc_row][vc_column][vc_column_text][\/vc_column_text][\/vc_column][\/vc_row][vc_row][vc_column][vc_column_text]<\/p>\n<h2>Servicios de la Sociedad de la Informaci\u00f3n y de Comercio Electr\u00f3nico (LSSICE)<\/h2>\n<p>En cumplimiento de lo dispuesto en el art. 9 de la Ley 34\/2002, de 11 de Julio, de Servicios de la Sociedad de la Informaci\u00f3n y de Comercio Electr\u00f3nico (LSSICE), la empresa propietaria de este sitio web, pone a disposici\u00f3n de los visitantes de la mencionada una serie de datos que son de obligada disposici\u00f3n tanto a los destinatarios del servicio como a los \u00f3rganos competentes, y por ello se podr\u00e1n encontrar a continuaci\u00f3n, dispuestos de forma f\u00e1cil, directa y gratuita:<\/p>\n<p>Denominaci\u00f3n Social: BY LEBRON S.L<br \/>\nN.I.F: B-87713350<br \/>\nDomicilio de la empresa: c\/ Juli\u00e1n Camarillo, 47. Edificio A. 28037, Madrid<br \/>\nTel\u00e9fono de contacto: <a href=\"tel:+34 910 712 689\">+34 910 712 689<\/a><br \/>\nDirecci\u00f3n de Correo electr\u00f3nico:<a href=\"mailto:info@bylebron.com\">info@bylebron.com<\/a><br \/>\nNombre del dominio para identificaci\u00f3n: bylebron.com y bylebron.es<\/p>\n<p>&nbsp;<\/p>\n<p>BYLEBRON S.L., con CIF\/NIF n\u00ba: B87205803 y direcci\u00f3n en: Calle Juli\u00e1n Camarillo n\u00ba47. Edificio A. C.P. 28037 \u2013 Madrid, no puede asumir ninguna responsabilidad derivada del uso incorrecto, inapropiado o il\u00edcito de la informaci\u00f3n aparecida en las p\u00e1ginas web de: www.bylebron.com<\/p>\n<p>Que BYLEBRON S.L. consta inscrita en el Registro Mercantil de xxxxxxxxxxxxxxxxx<\/p>\n<p>Con los l\u00edmites establecidos en la ley, BYLEBRON S.L. no asume ninguna responsabilidad derivada de la falta de veracidad, integridad, actualizaci\u00f3n y precisi\u00f3n de los datos o informaciones que contienen sus p\u00e1ginas web.<\/p>\n<p>Los contenidos e informaci\u00f3n no vinculan a BYLEBRON S.L. ni constituyen opiniones, consejos o asesoramiento legal de ning\u00fan tipo pues se trata meramente de un servicio ofrecido con car\u00e1cter informativo y divulgativo.<\/p>\n<p>Las p\u00e1ginas de Internet de BYLEBRON S.L. pueden contener enlaces (links) a otras p\u00e1ginas de terceras partes que BYLEBRON S.L. no puede controlar. Por lo tanto, BYLEBRON S.L. no puede asumir responsabilidades por el contenido que pueda aparecer en p\u00e1ginas de terceros.<\/p>\n<p>Los textos, im\u00e1genes, sonidos, animaciones, software y el resto de contenidos incluidos en este website son propiedad exclusiva de BYLEBRON S.L. o sus licenciantes. Cualquier acto de transmisi\u00f3n, distribuci\u00f3n, cesi\u00f3n, reproducci\u00f3n, almacenamiento o comunicaci\u00f3n p\u00fablica total o parcial, deber\u00e1 contar con el consentimiento expreso de BYLEBRON S.L..<\/p>\n<h2>Pol\u00edtica de privacidad \/ protecci\u00f3n de datos<\/h2>\n<p>Asimismo, para acceder a algunos de los servicios que BYLEBRON S.L. ofrece a trav\u00e9s del sitio web, deber\u00e1 proporcionar algunos datos de car\u00e1cter personal. En cumplimiento de lo establecido en el Reglamento (UE) 2016\/679 del Parlamento Europeo y del Consejo, de 27 de abril de 2016, relativo a la protecci\u00f3n de las personas f\u00edsicas en lo que respecta al tratamiento de datos personales y a la libre circulaci\u00f3n de estos datos le informamos que, mediante la cumplimentaci\u00f3n de los presentes formularios, sus datos personales quedar\u00e1n incorporados y ser\u00e1n tratados en los ficheros de BYLEBRON S.L. con el fin de poderle prestar y ofrecer nuestros servicios as\u00ed como para informarle de las mejoras del sitio Web.<\/p>\n<p>Le informamos tambi\u00e9n de que tendr\u00e1 la posibilidad en todo momento de ejercer los derechos de acceso, rectificaci\u00f3n, cancelaci\u00f3n, oposici\u00f3n, limitaci\u00f3n y portabilidad de sus datos de car\u00e1cter personal, de manera gratuita mediante email a: info@bylebron.com o en la direcci\u00f3n: Calle Juli\u00e1n Camarillo n\u00ba47. Edificio A. C.P. 28037 \u2013 Madrid<\/p>\n<p><a href=\"https:\/\/bylebron.com\/politica-privacidad\/\">Ver documento completo de pol\u00edtica de proteccion de datos<\/a><\/p>\n<p>&nbsp;<\/p>\n<h2>Pol\u00edtica de cookies<\/h2>\n<p>Bylebron usamos cookies. Asumimos que usted acepta el uso de cookies. No obstante, muestra informaci\u00f3n sobre su Pol\u00edtica de cookies en la parte inferior o superior de cualquier p\u00e1gina del portal con cada inicio de sesi\u00f3n con el objeto de que usted sea consciente. Ante esta informaci\u00f3n es posible llevar a cabo las siguientes acciones:<\/p>\n<p>\u2022 Aceptar cookies: No se volver\u00e1 a visualizar este aviso al acceder a cualquier p\u00e1gina del portal durante la presente sesi\u00f3n.<br \/>\n\u2022 Cerrar: Se oculta el aviso en la presente p\u00e1gina.<br \/>\n\u2022 Modificar su configuraci\u00f3n: Podr\u00e1 obtener m\u00e1s informaci\u00f3n sobre qu\u00e9 son las cookies, conocer la Pol\u00edtica de cookies y modificar la configuraci\u00f3n de su navegador.<\/p>\n<p><a href=\"https:\/\/bylebron.com\/politica-de-cookies\/\">Ver documento completo de pol\u00edtica de cookies<\/a>[\/vc_column_text][\/vc_column][\/vc_row][vc_row][vc_column][vc_column_text][\/vc_column_text][\/vc_column][\/vc_row][\/vc_column_text][\/vc_column][\/vc_row][vc_row][vc_column][vc_column_text]<\/p>\n<h2>Servicios de la Sociedad de la Informaci\u00f3n y de Comercio Electr\u00f3nico (LSSICE)<\/h2>\n<p>En cumplimiento de lo dispuesto en el art. 9 de la Ley 34\/2002, de 11 de Julio, de Servicios de la Sociedad de la Informaci\u00f3n y de Comercio Electr\u00f3nico (LSSICE), la empresa propietaria de este sitio web, pone a disposici\u00f3n de los visitantes de la mencionada una serie de datos que son de obligada disposici\u00f3n tanto a los destinatarios del servicio como a los \u00f3rganos competentes, y por ello se podr\u00e1n encontrar a continuaci\u00f3n, dispuestos de forma f\u00e1cil, directa y gratuita:<\/p>\n<p>Denominaci\u00f3n Social: BY LEBRON S.L<br \/>\nN.I.F: B-87713350<br \/>\nDomicilio de la empresa: c\/ Juli\u00e1n Camarillo, 47. Edificio A. 28037, Madrid<br \/>\nTel\u00e9fono de contacto: <a href=\"tel:+34 910 712 689\">+34 910 712 689<\/a><br \/>\nDirecci\u00f3n de Correo electr\u00f3nico:<a href=\"mailto:info@bylebron.com\">info@bylebron.com<\/a><br \/>\nNombre del dominio para identificaci\u00f3n: bylebron.com y bylebron.es<\/p>\n<p>&nbsp;<\/p>\n<p>BYLEBRON S.L., con CIF\/NIF n\u00ba: B87205803 y direcci\u00f3n en: Calle Juli\u00e1n Camarillo n\u00ba47. Edificio A. C.P. 28037 \u2013 Madrid, no puede asumir ninguna responsabilidad derivada del uso incorrecto, inapropiado o il\u00edcito de la informaci\u00f3n aparecida en las p\u00e1ginas web de: www.bylebron.com<\/p>\n<p>Que BYLEBRON S.L. consta inscrita en el Registro Mercantil de xxxxxxxxxxxxxxxxx<\/p>\n<p>Con los l\u00edmites establecidos en la ley, BYLEBRON S.L. no asume ninguna responsabilidad derivada de la falta de veracidad, integridad, actualizaci\u00f3n y precisi\u00f3n de los datos o informaciones que contienen sus p\u00e1ginas web.<\/p>\n<p>Los contenidos e informaci\u00f3n no vinculan a BYLEBRON S.L. ni constituyen opiniones, consejos o asesoramiento legal de ning\u00fan tipo pues se trata meramente de un servicio ofrecido con car\u00e1cter informativo y divulgativo.<\/p>\n<p>Las p\u00e1ginas de Internet de BYLEBRON S.L. pueden contener enlaces (links) a otras p\u00e1ginas de terceras partes que BYLEBRON S.L. no puede controlar. Por lo tanto, BYLEBRON S.L. no puede asumir responsabilidades por el contenido que pueda aparecer en p\u00e1ginas de terceros.<\/p>\n<p>Los textos, im\u00e1genes, sonidos, animaciones, software y el resto de contenidos incluidos en este website son propiedad exclusiva de BYLEBRON S.L. o sus licenciantes. Cualquier acto de transmisi\u00f3n, distribuci\u00f3n, cesi\u00f3n, reproducci\u00f3n, almacenamiento o comunicaci\u00f3n p\u00fablica total o parcial, deber\u00e1 contar con el consentimiento expreso de BYLEBRON S.L..<\/p>\n<h2>Pol\u00edtica de privacidad \/ protecci\u00f3n de datos<\/h2>\n<p>Asimismo, para acceder a algunos de los servicios que BYLEBRON S.L. ofrece a trav\u00e9s del sitio web, deber\u00e1 proporcionar algunos datos de car\u00e1cter personal. En cumplimiento de lo establecido en el Reglamento (UE) 2016\/679 del Parlamento Europeo y del Consejo, de 27 de abril de 2016, relativo a la protecci\u00f3n de las personas f\u00edsicas en lo que respecta al tratamiento de datos personales y a la libre circulaci\u00f3n de estos datos le informamos que, mediante la cumplimentaci\u00f3n de los presentes formularios, sus datos personales quedar\u00e1n incorporados y ser\u00e1n tratados en los ficheros de BYLEBRON S.L. con el fin de poderle prestar y ofrecer nuestros servicios as\u00ed como para informarle de las mejoras del sitio Web.<\/p>\n<p>Le informamos tambi\u00e9n de que tendr\u00e1 la posibilidad en todo momento de ejercer los derechos de acceso, rectificaci\u00f3n, cancelaci\u00f3n, oposici\u00f3n, limitaci\u00f3n y portabilidad de sus datos de car\u00e1cter personal, de manera gratuita mediante email a: info@bylebron.com o en la direcci\u00f3n: Calle Juli\u00e1n Camarillo n\u00ba47. Edificio A. C.P. 28037 \u2013 Madrid<\/p>\n<p><a href=\"https:\/\/bylebron.com\/politica-privacidad\/\">Ver documento completo de pol\u00edtica de proteccion de datos<\/a><\/p>\n<p>&nbsp;<\/p>\n<h2>Pol\u00edtica de cookies<\/h2>\n<p>Bylebron usamos cookies. Asumimos que usted acepta el uso de cookies. No obstante, muestra informaci\u00f3n sobre su Pol\u00edtica de cookies en la parte inferior o superior de cualquier p\u00e1gina del portal con cada inicio de sesi\u00f3n con el objeto de que usted sea consciente. Ante esta informaci\u00f3n es posible llevar a cabo las siguientes acciones:<\/p>\n<p>\u2022 Aceptar cookies: No se volver\u00e1 a visualizar este aviso al acceder a cualquier p\u00e1gina del portal durante la presente sesi\u00f3n.<br \/>\n\u2022 Cerrar: Se oculta el aviso en la presente p\u00e1gina.<br \/>\n\u2022 Modificar su configuraci\u00f3n: Podr\u00e1 obtener m\u00e1s informaci\u00f3n sobre qu\u00e9 son las cookies, conocer la Pol\u00edtica de cookies y modificar la configuraci\u00f3n de su navegador.<\/p>\n<p><a href=\"https:\/\/bylebron.com\/politica-de-cookies\/\">Ver documento completo de pol\u00edtica de cookies<\/a>[\/vc_column_text][\/vc_column][\/vc_row][vc_row][vc_column][vc_column_text][\/vc_column_text][\/vc_column][\/vc_row][vc_row][vc_column][vc_column_text]<\/p>\n<h2>Servicios de la Sociedad de la Informaci\u00f3n y de Comercio Electr\u00f3nico (LSSICE)<\/h2>\n<p>En cumplimiento de lo dispuesto en el art. 9 de la Ley 34\/2002, de 11 de Julio, de Servicios de la Sociedad de la Informaci\u00f3n y de Comercio Electr\u00f3nico (LSSICE), la empresa propietaria de este sitio web, pone a disposici\u00f3n de los visitantes de la mencionada una serie de datos que son de obligada disposici\u00f3n tanto a los destinatarios del servicio como a los \u00f3rganos competentes, y por ello se podr\u00e1n encontrar a continuaci\u00f3n, dispuestos de forma f\u00e1cil, directa y gratuita:<\/p>\n<p>Denominaci\u00f3n Social: BY LEBRON S.L<br \/>\nN.I.F: B-87713350<br \/>\nDomicilio de la empresa: c\/ Juli\u00e1n Camarillo, 47. Edificio A. 28037, Madrid<br \/>\nTel\u00e9fono de contacto: <a href=\"tel:+34 910 712 689\">+34 910 712 689<\/a><br \/>\nDirecci\u00f3n de Correo electr\u00f3nico:<a href=\"mailto:info@bylebron.com\">info@bylebron.com<\/a><br \/>\nNombre del dominio para identificaci\u00f3n: bylebron.com y bylebron.es<\/p>\n<p>&nbsp;<\/p>\n<p>BYLEBRON S.L., con CIF\/NIF n\u00ba: B87205803 y direcci\u00f3n en: Calle Juli\u00e1n Camarillo n\u00ba47. Edificio A. C.P. 28037 \u2013 Madrid, no puede asumir ninguna responsabilidad derivada del uso incorrecto, inapropiado o il\u00edcito de la informaci\u00f3n aparecida en las p\u00e1ginas web de: www.bylebron.com<\/p>\n<p>Que BYLEBRON S.L. consta inscrita en el Registro Mercantil de xxxxxxxxxxxxxxxxx<\/p>\n<p>Con los l\u00edmites establecidos en la ley, BYLEBRON S.L. no asume ninguna responsabilidad derivada de la falta de veracidad, integridad, actualizaci\u00f3n y precisi\u00f3n de los datos o informaciones que contienen sus p\u00e1ginas web.<\/p>\n<p>Los contenidos e informaci\u00f3n no vinculan a BYLEBRON S.L. ni constituyen opiniones, consejos o asesoramiento legal de ning\u00fan tipo pues se trata meramente de un servicio ofrecido con car\u00e1cter informativo y divulgativo.<\/p>\n<p>Las p\u00e1ginas de Internet de BYLEBRON S.L. pueden contener enlaces (links) a otras p\u00e1ginas de terceras partes que BYLEBRON S.L. no puede controlar. Por lo tanto, BYLEBRON S.L. no puede asumir responsabilidades por el contenido que pueda aparecer en p\u00e1ginas de terceros.<\/p>\n<p>Los textos, im\u00e1genes, sonidos, animaciones, software y el resto de contenidos incluidos en este website son propiedad exclusiva de BYLEBRON S.L. o sus licenciantes. Cualquier acto de transmisi\u00f3n, distribuci\u00f3n, cesi\u00f3n, reproducci\u00f3n, almacenamiento o comunicaci\u00f3n p\u00fablica total o parcial, deber\u00e1 contar con el consentimiento expreso de BYLEBRON S.L..<\/p>\n<h2>Pol\u00edtica de privacidad \/ protecci\u00f3n de datos<\/h2>\n<p>Asimismo, para acceder a algunos de los servicios que BYLEBRON S.L. ofrece a trav\u00e9s del sitio web, deber\u00e1 proporcionar algunos datos de car\u00e1cter personal. En cumplimiento de lo establecido en el Reglamento (UE) 2016\/679 del Parlamento Europeo y del Consejo, de 27 de abril de 2016, relativo a la protecci\u00f3n de las personas f\u00edsicas en lo que respecta al tratamiento de datos personales y a la libre circulaci\u00f3n de estos datos le informamos que, mediante la cumplimentaci\u00f3n de los presentes formularios, sus datos personales quedar\u00e1n incorporados y ser\u00e1n tratados en los ficheros de BYLEBRON S.L. con el fin de poderle prestar y ofrecer nuestros servicios as\u00ed como para informarle de las mejoras del sitio Web.<\/p>\n<p>Le informamos tambi\u00e9n de que tendr\u00e1 la posibilidad en todo momento de ejercer los derechos de acceso, rectificaci\u00f3n, cancelaci\u00f3n, oposici\u00f3n, limitaci\u00f3n y portabilidad de sus datos de car\u00e1cter personal, de manera gratuita mediante email a: info@bylebron.com o en la direcci\u00f3n: Calle Juli\u00e1n Camarillo n\u00ba47. Edificio A. C.P. 28037 \u2013 Madrid<\/p>\n<p><a href=\"https:\/\/bylebron.com\/politica-privacidad\/\">Ver documento completo de pol\u00edtica de proteccion de datos<\/a><\/p>\n<p>&nbsp;<\/p>\n<h2>Pol\u00edtica de cookies<\/h2>\n<p>Bylebron usamos cookies. Asumimos que usted acepta el uso de cookies. No obstante, muestra informaci\u00f3n sobre su Pol\u00edtica de cookies en la parte inferior o superior de cualquier p\u00e1gina del portal con cada inicio de sesi\u00f3n con el objeto de que usted sea consciente. Ante esta informaci\u00f3n es posible llevar a cabo las siguientes acciones:<\/p>\n<p>\u2022 Aceptar cookies: No se volver\u00e1 a visualizar este aviso al acceder a cualquier p\u00e1gina del portal durante la presente sesi\u00f3n.<br \/>\n\u2022 Cerrar: Se oculta el aviso en la presente p\u00e1gina.<br \/>\n\u2022 Modificar su configuraci\u00f3n: Podr\u00e1 obtener m\u00e1s informaci\u00f3n sobre qu\u00e9 son las cookies, conocer la Pol\u00edtica de cookies y modificar la configuraci\u00f3n de su navegador.<\/p>\n<p><a href=\"https:\/\/bylebron.com\/politica-de-cookies\/\">Ver documento completo de pol\u00edtica de cookies<\/a>[\/vc_column_text][\/vc_column][\/vc_row]<\/p>\n<\/div>","protected":false},"excerpt":{"rendered":"<p>[\/vc_column_text][\/vc_column][\/vc_row][vc_row][vc_column][vc_column_text] Servicios de la Sociedad de la Informaci\u00f3n y de Comercio Electr\u00f3nico (LSSICE) En cumplimiento de lo dispuesto en el art. 9 de la Ley 34\/2002, de 11 de Julio, de Servicios de la Sociedad de la Informaci\u00f3n y de Comercio Electr\u00f3nico (LSSICE), la empresa propietaria de este sitio web, pone a disposici\u00f3n de los<br \/><a href=\"https:\/\/bylebron.com\/fr\/aviso-legal\/\" class=\"more\">Read more<\/a><\/p>\n","protected":false},"author":4,"featured_media":0,"parent":0,"menu_order":0,"comment_status":"closed","ping_status":"closed","template":"","meta":{"footnotes":""},"class_list":["post-3363","page","type-page","status-publish","hentry"],"_links":{"self":[{"href":"https:\/\/bylebron.com\/fr\/wp-json\/wp\/v2\/pages\/3363","targetHints":{"allow":["GET"]}}],"collection":[{"href":"https:\/\/bylebron.com\/fr\/wp-json\/wp\/v2\/pages"}],"about":[{"href":"https:\/\/bylebron.com\/fr\/wp-json\/wp\/v2\/types\/page"}],"author":[{"embeddable":true,"href":"https:\/\/bylebron.com\/fr\/wp-json\/wp\/v2\/users\/4"}],"replies":[{"embeddable":true,"href":"https:\/\/bylebron.com\/fr\/wp-json\/wp\/v2\/comments?post=3363"}],"version-history":[{"count":7,"href":"https:\/\/bylebron.com\/fr\/wp-json\/wp\/v2\/pages\/3363\/revisions"}],"predecessor-version":[{"id":5355,"href":"https:\/\/bylebron.com\/fr\/wp-json\/wp\/v2\/pages\/3363\/revisions\/5355"}],"wp:attachment":[{"href":"https:\/\/bylebron.com\/fr\/wp-json\/wp\/v2\/media?parent=3363"}],"curies":[{"name":"wp","href":"https:\/\/api.w.org\/{rel}","templated":true}]}}