{"id":3800,"date":"2019-09-19T15:31:47","date_gmt":"2019-09-19T14:31:47","guid":{"rendered":"https:\/\/bylebron.com\/?page_id=3800"},"modified":"2019-09-19T15:31:47","modified_gmt":"2019-09-19T14:31:47","slug":"gracias","status":"publish","type":"page","link":"https:\/\/bylebron.com\/fr\/gracias\/","title":{"rendered":"Merci!"},"content":{"rendered":"<p><\/p>\n<h2 style=\"text-align: center;\">Votre message a \u00e9t\u00e9 envoy\u00e9 avec succ\u00e8s, nous vous contacterons d\u00e8s que possible.<\/h2>\n<p><\/p>","protected":false},"excerpt":{"rendered":"<p>Votre message a \u00e9t\u00e9 envoy\u00e9 avec succ\u00e8s, nous vous contacterons d\u00e8s que possible.<br \/><a href=\"https:\/\/bylebron.com\/fr\/gracias\/\" class=\"more\">Read more<\/a><\/p>\n","protected":false},"author":1,"featured_media":0,"parent":0,"menu_order":0,"comment_status":"closed","ping_status":"closed","template":"","meta":{"footnotes":""},"class_list":["post-3800","page","type-page","status-publish","hentry"],"_links":{"self":[{"href":"https:\/\/bylebron.com\/fr\/wp-json\/wp\/v2\/pages\/3800","targetHints":{"allow":["GET"]}}],"collection":[{"href":"https:\/\/bylebron.com\/fr\/wp-json\/wp\/v2\/pages"}],"about":[{"href":"https:\/\/bylebron.com\/fr\/wp-json\/wp\/v2\/types\/page"}],"author":[{"embeddable":true,"href":"https:\/\/bylebron.com\/fr\/wp-json\/wp\/v2\/users\/1"}],"replies":[{"embeddable":true,"href":"https:\/\/bylebron.com\/fr\/wp-json\/wp\/v2\/comments?post=3800"}],"version-history":[{"count":2,"href":"https:\/\/bylebron.com\/fr\/wp-json\/wp\/v2\/pages\/3800\/revisions"}],"predecessor-version":[{"id":3802,"href":"https:\/\/bylebron.com\/fr\/wp-json\/wp\/v2\/pages\/3800\/revisions\/3802"}],"wp:attachment":[{"href":"https:\/\/bylebron.com\/fr\/wp-json\/wp\/v2\/media?parent=3800"}],"curies":[{"name":"wp","href":"https:\/\/api.w.org\/{rel}","templated":true}]}}