{"id":3857,"date":"2020-06-12T19:41:03","date_gmt":"2020-06-12T18:41:03","guid":{"rendered":"https:\/\/bylebron.com\/?page_id=3857"},"modified":"2020-06-12T19:46:07","modified_gmt":"2020-06-12T18:46:07","slug":"area-de-clientes","status":"publish","type":"page","link":"https:\/\/bylebron.com\/fr\/area-de-clientes\/","title":{"rendered":"(Espa\u00f1ol) \u00c1rea de clientes"},"content":{"rendered":"<p class=\"qtranxs-available-languages-message qtranxs-available-languages-message-fr\">D\u00e9sol\u00e9, cet article est seulement disponible en <a href=\"https:\/\/bylebron.com\/es\/wp-json\/wp\/v2\/pages\/3857\" class=\"qtranxs-available-language-link qtranxs-available-language-link-es\" title=\"Espa\u00f1ol\">Espa\u00f1ol<\/a>.<\/p>","protected":false},"excerpt":{"rendered":"<p>D\u00e9sol\u00e9, cet article est seulement disponible en Espa\u00f1ol.<br \/><a href=\"https:\/\/bylebron.com\/fr\/area-de-clientes\/\" class=\"more\">Read more<\/a><\/p>\n","protected":false},"author":1,"featured_media":0,"parent":0,"menu_order":0,"comment_status":"closed","ping_status":"closed","template":"","meta":{"footnotes":""},"class_list":["post-3857","page","type-page","status-publish","hentry"],"_links":{"self":[{"href":"https:\/\/bylebron.com\/fr\/wp-json\/wp\/v2\/pages\/3857","targetHints":{"allow":["GET"]}}],"collection":[{"href":"https:\/\/bylebron.com\/fr\/wp-json\/wp\/v2\/pages"}],"about":[{"href":"https:\/\/bylebron.com\/fr\/wp-json\/wp\/v2\/types\/page"}],"author":[{"embeddable":true,"href":"https:\/\/bylebron.com\/fr\/wp-json\/wp\/v2\/users\/1"}],"replies":[{"embeddable":true,"href":"https:\/\/bylebron.com\/fr\/wp-json\/wp\/v2\/comments?post=3857"}],"version-history":[{"count":2,"href":"https:\/\/bylebron.com\/fr\/wp-json\/wp\/v2\/pages\/3857\/revisions"}],"predecessor-version":[{"id":3863,"href":"https:\/\/bylebron.com\/fr\/wp-json\/wp\/v2\/pages\/3857\/revisions\/3863"}],"wp:attachment":[{"href":"https:\/\/bylebron.com\/fr\/wp-json\/wp\/v2\/media?parent=3857"}],"curies":[{"name":"wp","href":"https:\/\/api.w.org\/{rel}","templated":true}]}}