{"id":4980,"date":"2021-04-07T10:59:40","date_gmt":"2021-04-07T09:59:40","guid":{"rendered":"https:\/\/bylebron.com\/?page_id=4980"},"modified":"2025-05-06T11:00:11","modified_gmt":"2025-05-06T10:00:11","slug":"faqs","status":"publish","type":"page","link":"https:\/\/bylebron.com\/fr\/faqs\/","title":{"rendered":"FAQS"},"content":{"rendered":"<div class=\"wpb-content-wrapper\"><p>[vc_row][vc_column]<style type=\"text\/css\" >#l_y7mw28fjszbhbij4kjkq{width:full widthpx;}#l_y7mw28fjszbhbij4kjkq.sc_line ,#l_y7mw28fjszbhbij4kjkq .sc_line { height:1px; background:;}#l_y7mw28fjszbhbij4kjkq.sc_line ,#l_y7mw28fjszbhbij4kjkq .sc_line{margin-left:auto!important; margin-right:auto!important;}#l_y7mw28fjszbhbij4kjkq {margin:10px 0 0px 0; padding:0;}<\/style><div class=\"clearfix\"><\/div><div id=\"l_y7mw28fjszbhbij4kjkq\"  class=\"sc_line rd_line_normal\" ><\/div>[\/vc_column][\/vc_row][vc_row][vc_column][vc_column_text font_size=\u00a0\u00bb18&Prime;]<span class=\"VIiyi\" lang=\"fr\"><span class=\"JLqJ4b\" data-language-for-alternatives=\"fr\" data-language-to-translate-into=\"en\" data-phrase-index=\"0\"><strong>QUESTIONS FR\u00c9QUENTES<\/strong> <\/span><\/span><\/p>\n<p><span class=\"VIiyi\" lang=\"fr\"><span class=\"JLqJ4b\" data-language-for-alternatives=\"fr\" data-language-to-translate-into=\"en\" data-phrase-index=\"0\"><strong>\u00bfPuis-je mettre les \u00e9lectrodes d&rsquo;une autre combinaison sur le gilet BY Lebron?, \u00bfPuis-je mettre les \u00e9lectrodes By Lebron sur une autre combinaison?<\/strong> <\/span><\/span><\/p>\n<p><span class=\"VIiyi\" lang=\"fr\"><span class=\"JLqJ4b\" data-language-for-alternatives=\"fr\" data-language-to-translate-into=\"en\" data-phrase-index=\"0\">L&rsquo;int\u00e9rieur de nos gilets est en velcro doux et nos \u00e9lectrodes de pr\u00e9hension ont un velcro dur. <\/span><\/span><\/p>\n<p><span class=\"VIiyi\" lang=\"fr\"><span class=\"JLqJ4b\" data-language-for-alternatives=\"fr\" data-language-to-translate-into=\"en\" data-phrase-index=\"0\"><strong>\u00bfPuis-je mettre le c\u00e2ble d&rsquo;une autre combinaison sur des gilets By Lebron ?, \u00bfPuis-je mettre un c\u00e2ble By Lebron sur une autre combinaison?<\/strong> <\/span><\/span><\/p>\n<p><span class=\"VIiyi\" lang=\"fr\"><span class=\"JLqJ4b\" data-language-for-alternatives=\"fr\" data-language-to-translate-into=\"en\" data-phrase-index=\"0\">Oui, vous pouvez. Mais les mesures peuvent ne pas correspondre, car les c\u00e2bles sont fabriqu\u00e9s pour s&rsquo;adapter \u00e0 la conception de chaque gilet et chaque fabricant a des conceptions diff\u00e9rentes, c&rsquo;est-\u00e0-dire qu&rsquo;il y aura un exc\u00e8s de c\u00e2ble dans certains muscles et qu&rsquo;il peut manquer dans d&rsquo;autres muscles. Mais il peut s\u00fbrement \u00eatre adapt\u00e9. <\/span><\/span><\/p>\n<p><span class=\"VIiyi\" lang=\"fr\"><span class=\"JLqJ4b\" data-language-for-alternatives=\"fr\" data-language-to-translate-into=\"en\" data-phrase-index=\"0\"><strong>\u00bfPuis-je connecter le c\u00e2ble d&rsquo;une autre combinaison aux \u00e9lectrodes By Lebron?, \u00bfPuis-je connecter le c\u00e2ble By Lebron \u00e0 d&rsquo;autres \u00e9lectrodes?<\/strong> <\/span><\/span><\/p>\n<p><span class=\"VIiyi\" lang=\"fr\"><span class=\"JLqJ4b\" data-language-for-alternatives=\"fr\" data-language-to-translate-into=\"en\" data-phrase-index=\"0\">A peine depuis que les c\u00e2bles (c\u00f4t\u00e9 m\u00e2le) se connectent au mousqueton d&rsquo;\u00e9lectrode (c\u00f4t\u00e9 femelle) et chaque fabricant a ses propres mesures \/ conception des deux. <\/span><\/span><\/p>\n<p><span class=\"VIiyi\" lang=\"fr\"><span class=\"JLqJ4b\" data-language-for-alternatives=\"fr\" data-language-to-translate-into=\"en\" data-phrase-index=\"0\"><strong>\u00bfPuis-je adapter les gilets By Lebron \u00e0 des pantalons ou des ceintures d&rsquo;autres entreprises?<\/strong><br \/>\n<\/span><\/span><\/p>\n<p><span class=\"VIiyi\" lang=\"fr\"><span class=\"JLqJ4b\" data-language-for-alternatives=\"fr\" data-language-to-translate-into=\"en\" data-phrase-index=\"0\">Oui, vous pouvez. Comme ce sont des pi\u00e8ces s\u00e9par\u00e9es, vous pouvez les adapter et nos pantalons ont une ceinture pour maintenir la taille et ajuster les \u00e9lectrodes des fesses. <\/span><\/span><\/p>\n<p><span class=\"VIiyi\" lang=\"fr\"><span class=\"JLqJ4b\" data-language-for-alternatives=\"fr\" data-language-to-translate-into=\"en\" data-phrase-index=\"0\"><strong>* V\u00c9RIFIEZ LES MESURES SELON NOS TABLEAUX DE TAILLES, CHAQUE FABRICANT A NOS TAILLES.<\/strong> <\/span><\/span><\/p>\n<p><strong><span class=\"VIiyi\" lang=\"fr\"><span class=\"JLqJ4b\" data-language-for-alternatives=\"fr\" data-language-to-translate-into=\"en\" data-phrase-index=\"0\">* NOS GILETS HACE DES GUIDES INTERNES POUR CACHER LES C\u00c2BLES, LES C\u00c2BLES SE CONNECTENT AUX \u00c9LECTRODES DE L&rsquo;INT\u00c9RIEUR.<\/span><\/span> <\/strong>[\/vc_column_text][\/vc_column][\/vc_row]<\/p>\n<\/div>","protected":false},"excerpt":{"rendered":"<p>[vc_row][vc_column][\/vc_column][\/vc_row][vc_row][vc_column][vc_column_text font_size=\u00a0\u00bb18&Prime;]QUESTIONS FR\u00c9QUENTES \u00bfPuis-je mettre les \u00e9lectrodes d&rsquo;une autre combinaison sur le gilet BY Lebron?, \u00bfPuis-je mettre les \u00e9lectrodes By Lebron sur une autre combinaison? L&rsquo;int\u00e9rieur de nos gilets est en velcro doux et nos \u00e9lectrodes de pr\u00e9hension ont un velcro dur. \u00bfPuis-je mettre le c\u00e2ble d&rsquo;une autre combinaison sur des gilets By Lebron ?,<br \/><a href=\"https:\/\/bylebron.com\/fr\/faqs\/\" class=\"more\">Read more<\/a><\/p>\n","protected":false},"author":1,"featured_media":0,"parent":0,"menu_order":0,"comment_status":"closed","ping_status":"closed","template":"","meta":{"footnotes":""},"class_list":["post-4980","page","type-page","status-publish","hentry"],"_links":{"self":[{"href":"https:\/\/bylebron.com\/fr\/wp-json\/wp\/v2\/pages\/4980","targetHints":{"allow":["GET"]}}],"collection":[{"href":"https:\/\/bylebron.com\/fr\/wp-json\/wp\/v2\/pages"}],"about":[{"href":"https:\/\/bylebron.com\/fr\/wp-json\/wp\/v2\/types\/page"}],"author":[{"embeddable":true,"href":"https:\/\/bylebron.com\/fr\/wp-json\/wp\/v2\/users\/1"}],"replies":[{"embeddable":true,"href":"https:\/\/bylebron.com\/fr\/wp-json\/wp\/v2\/comments?post=4980"}],"version-history":[{"count":21,"href":"https:\/\/bylebron.com\/fr\/wp-json\/wp\/v2\/pages\/4980\/revisions"}],"predecessor-version":[{"id":6131,"href":"https:\/\/bylebron.com\/fr\/wp-json\/wp\/v2\/pages\/4980\/revisions\/6131"}],"wp:attachment":[{"href":"https:\/\/bylebron.com\/fr\/wp-json\/wp\/v2\/media?parent=4980"}],"curies":[{"name":"wp","href":"https:\/\/api.w.org\/{rel}","templated":true}]}}