{"id":4997,"date":"2021-05-12T00:53:16","date_gmt":"2021-05-11T23:53:16","guid":{"rendered":"https:\/\/bylebron.com\/?page_id=4997"},"modified":"2022-01-25T21:15:19","modified_gmt":"2022-01-25T20:15:19","slug":"promocion","status":"publish","type":"page","link":"https:\/\/bylebron.com\/fr\/promocion\/","title":{"rendered":"promotion"},"content":{"rendered":"<p class=\"qtranxs-available-languages-message qtranxs-available-languages-message-fr\">D\u00e9sol\u00e9, cet article est seulement disponible en <a href=\"https:\/\/bylebron.com\/es\/wp-json\/wp\/v2\/pages\/4997\" class=\"qtranxs-available-language-link qtranxs-available-language-link-es\" title=\"Espa\u00f1ol\">Espa\u00f1ol<\/a> et <a href=\"https:\/\/bylebron.com\/en\/wp-json\/wp\/v2\/pages\/4997\" class=\"qtranxs-available-language-link qtranxs-available-language-link-en\" title=\"English\">English<\/a>.<\/p>","protected":false},"excerpt":{"rendered":"<p>D\u00e9sol\u00e9, cet article est seulement disponible en Espa\u00f1ol et English.<br \/><a href=\"https:\/\/bylebron.com\/fr\/promocion\/\" class=\"more\">Read more<\/a><\/p>\n","protected":false},"author":7,"featured_media":0,"parent":0,"menu_order":0,"comment_status":"closed","ping_status":"closed","template":"","meta":{"footnotes":""},"class_list":["post-4997","page","type-page","status-publish","hentry"],"_links":{"self":[{"href":"https:\/\/bylebron.com\/fr\/wp-json\/wp\/v2\/pages\/4997","targetHints":{"allow":["GET"]}}],"collection":[{"href":"https:\/\/bylebron.com\/fr\/wp-json\/wp\/v2\/pages"}],"about":[{"href":"https:\/\/bylebron.com\/fr\/wp-json\/wp\/v2\/types\/page"}],"author":[{"embeddable":true,"href":"https:\/\/bylebron.com\/fr\/wp-json\/wp\/v2\/users\/7"}],"replies":[{"embeddable":true,"href":"https:\/\/bylebron.com\/fr\/wp-json\/wp\/v2\/comments?post=4997"}],"version-history":[{"count":23,"href":"https:\/\/bylebron.com\/fr\/wp-json\/wp\/v2\/pages\/4997\/revisions"}],"predecessor-version":[{"id":5235,"href":"https:\/\/bylebron.com\/fr\/wp-json\/wp\/v2\/pages\/4997\/revisions\/5235"}],"wp:attachment":[{"href":"https:\/\/bylebron.com\/fr\/wp-json\/wp\/v2\/media?parent=4997"}],"curies":[{"name":"wp","href":"https:\/\/api.w.org\/{rel}","templated":true}]}}