{"id":5124,"date":"2021-11-30T13:50:27","date_gmt":"2021-11-30T12:50:27","guid":{"rendered":"https:\/\/bylebron.com\/?page_id=5124"},"modified":"2022-11-14T12:42:50","modified_gmt":"2022-11-14T11:42:50","slug":"by-ems-nuestra-marca-blanca","status":"publish","type":"page","link":"https:\/\/bylebron.com\/fr\/by-ems-nuestra-marca-blanca\/","title":{"rendered":"BY EMS, notre marque blanche"},"content":{"rendered":"<div class=\"wpb-content-wrapper\"><p>[vc_row type=\u00a0\u00bbfull-width-content\u00a0\u00bb overlay=\u00a0\u00bb1&Prime; overlay_color=\u00a0\u00bbrgba(0,0,0,0.18)\u00a0\u00bb enable_overlay=\u00a0\u00bbenable_overlay_value\u00a0\u00bb parallax_background=\u00a0\u00bb\u00a0\u00bb css=\u00a0\u00bb.vc_custom_1638450475894{margin-bottom: 0px !important;padding-top: 10% !important;padding-right: 20% !important;padding-bottom: 6% !important;padding-left: 20% !important;background: rgba(2,2,2,0.47) url(https:\/\/bylebron.com\/wp-content\/uploads\/2021\/12\/by_lebron_made_in_spain_opt.jpg?id=5160) !important;background-position: center !important;background-repeat: no-repeat !important;background-size: cover !important;*background-color: rgb(2,2,2) !important;}\u00a0\u00bb][vc_column][vc_custom_heading text=\u00a0\u00bb<strong>BY EMS, notre marque blanche<\/strong>\u00a0\u00bb font_container=\u00a0\u00bbtag:h1|font_size:24|text_align:left|color:%23ffffff|line_height:45px\u00a0\u00bb google_fonts=\u00a0\u00bbfont_family:Playfair%20Display%3Aregular%2Citalic%2C700%2C700italic%2C900%2C900italic|font_style:400%20regular%3A400%3Anormal\u00a0\u00bb css=\u00a0\u00bb.vc_custom_1642103502586{margin-bottom: 23px !important;}\u00a0\u00bb]<style type=\"text\/css\" >#l_k7f8561on0kh4gl2ns5n{width:50px;}#l_k7f8561on0kh4gl2ns5n.sc_line ,#l_k7f8561on0kh4gl2ns5n .sc_line {border-top:3px solid #a1b1bc;}#l_k7f8561on0kh4gl2ns5n.sc_line ,#l_k7f8561on0kh4gl2ns5n .sc_line{margin-left:auto!important;}#l_k7f8561on0kh4gl2ns5n {margin:0px 0 23px 0; padding:0;}<\/style><div class=\"clearfix\"><\/div><div id=\"l_k7f8561on0kh4gl2ns5n\"  class=\"sc_line rd_line_bold\" ><\/div>[vc_empty_space][\/vc_column][\/vc_row][vc_row parallax_background=\u00a0\u00bb\u00a0\u00bb css=\u00a0\u00bb.vc_custom_1535047309106{margin-bottom: 0px !important;padding-top: 50px !important;}\u00a0\u00bb][vc_column][vc_empty_space height=\u00a0\u00bb55px\u00a0\u00bb][vc_column_text font_size=\u00a0\u00bb20&Prime; line_height=\u00a0\u00bb30&Prime; animation=\u00a0\u00bbrda_bounceInLeft\u00a0\u00bb]<strong>BY EMS est notre marque blanche<\/strong>, avec le design et le motif de BY LEBRON, en n\u00e9opr\u00e8ne EMS sp\u00e9cial (en raison de sa finition, de son \u00e9paisseur et de son int\u00e9rieur).[\/vc_column_text][\/vc_column][\/vc_row][vc_row parallax_background=\u00a0\u00bb\u00a0\u00bb css=\u00a0\u00bb.vc_custom_1535048510746{margin-bottom: 0px !important;padding-top: 50px !important;background-color: #ffffff !important;}\u00a0\u00bb][vc_column width=\u00a0\u00bb1\/2&Prime;][vc_column_text font_size=\u00a0\u00bb20&Prime; line_height=\u00a0\u00bb30&Prime; animation=\u00a0\u00bbrda_bounceInLeft\u00a0\u00bb]Id\u00e9al pour couvrir les entreprises EMS qui avaient besoin de leur propre gilet personnalis\u00e9, des clients tels que:<\/p>\n<ul>\n<li>Concessionnaires.<\/li>\n<li>Fabricants de machines avec leur propre signature et besoin de gilet.<\/li>\n<li>Cha\u00eenes des centres EMS avec votre propre gilet personnalis\u00e9.<\/li>\n<\/ul>\n<p>[\/vc_column_text][vc_column_text font_size=\u00a0\u00bb20&Prime; line_height=\u00a0\u00bb30&Prime; animation=\u00a0\u00bbrda_bounceInLeft\u00a0\u00bb]Bas\u00e9 sur le m\u00eame motif, chaque signature est personnalis\u00e9e avec:<\/p>\n<ul>\n<li>\u00c9chantillon de combinaisons en couleur, imprim\u00e9s et sculptures.<\/li>\n<li>\u00c9chantillon de couleur de fermeture \u00e0 glissi\u00e8re et de fils.<\/li>\n<li>Conception de logos et d&rsquo;\u00e9tiquettes.<\/li>\n<\/ul>\n<p>Offrir la possibilit\u00e9 \u00e0 chaque entreprise d&rsquo;avoir son propre design de gilet exclusif, \u00e0 faible co\u00fbt et dans un d\u00e9lai imm\u00e9diat. Des temps et des r\u00e9sultats que le client obtient avec un produit d\u00e9j\u00e0 test\u00e9 sur le march\u00e9 avec plus de 4 ans et des r\u00e9sultats 100% optimaux.[\/vc_column_text][\/vc_column][vc_column width=\u00a0\u00bb1\/2&Prime;][vc_single_image image=\u00a0\u00bb5109&Prime; img_size=\u00a0\u00bblarge\u00a0\u00bb alignment=\u00a0\u00bbcenter\u00a0\u00bb style=\u00a0\u00bbvc_box_rounded\u00a0\u00bb][\/vc_column][\/vc_row][vc_row css=\u00a0\u00bb.vc_custom_1638277454264{margin-top: 5% !important;}\u00a0\u00bb][vc_column width=\u00a0\u00bb1\/2&Prime;][vc_empty_space height=\u00a0\u00bb64px\u00a0\u00bb][vc_column_text font_size=\u00a0\u00bb20&Prime; line_height=\u00a0\u00bb30&Prime; animation=\u00a0\u00bbrda_bounceInLeft\u00a0\u00bb]<strong>BY EMS<\/strong>, complet avec guides internes pour les c\u00e2bles. Ces guides imperceptibles cachent les c\u00e2bles et les positionnent jusqu&rsquo;\u00e0 l&rsquo;\u00e9lectrode, r\u00e9sultant en une combinaison au design \u00e9pur\u00e9 (ext\u00e9rieur et int\u00e9rieur) et sans possibilit\u00e9 que les \u00e9lectrodes bougent pendant la s\u00e9ance ou desserrent un c\u00e2ble, lorsqu&rsquo;elles restent \u00e0 l&rsquo;int\u00e9rieur et \u00e0 l&rsquo;arri\u00e8re combinaison.<\/p>\n<p>L&rsquo;\u00e9tude exhaustive du motif des deux sexes, nous conduit \u00e0 un costume UNISEXE parfait pour les deux conformations, souple, confortable, r\u00e9sistant, lavable et adapt\u00e9 \u00e0 tous les contours, r\u00e9alis\u00e9 en 7 tailles.[\/vc_column_text]<style type=\"text\/css\" >#b_egk570b8zqi766mwlzvp a{color:#ffffff; background: #1d96e5; background: -moz-linear-gradient(-45deg,  #1d96e5 0%, #62b1e5 100%); background: -webkit-gradient(linear, left top, right bottom, color-stop(0%,#1d96e5), color-stop(100%,#62b1e5)); background: -webkit-linear-gradient(-45deg,  #1d96e5 0%,#62b1e5 100%); background: -o-linear-gradient(-45deg,  #1d96e5 0%,#62b1e5 100%); background: -ms-linear-gradient(-45deg,  #1d96e5 0%,#62b1e5 100%); background: linear-gradient(135deg,  #1d96e5 0%,#62b1e5 100%); filter: progid:DXImageTransform.Microsoft.gradient( startColorstr=\"#1d96e5\", endColorstr=\"#62b1e5\",GradientType=1 );  margin-top:0px; margin-bottom:0px;  margin-left:0px; margin-right:0px; font-weight:900; border-radius:10px;}#b_egk570b8zqi766mwlzvp a:hover{color:#f2f2f2 ; background: ;}<\/style><div class=\"ta_center tf_btn_pos\" id=\"b_egk570b8zqi766mwlzvp\" ><a class=\"rd_normal_bt medium_rd_bt  \" href=\"\/contacto\" target=\"yes\"   >Demander des informations<\/a><\/div>[\/vc_column][vc_column width=\u00a0\u00bb1\/2&Prime;]<style type=\"text\/css\" >#ic_21il1969zpelsulotzr6 {margin:0px auto 0px; }#ic_21il1969zpelsulotzr6 .ic_left,#ic_21il1969zpelsulotzr6 .ic_right,#ic_21il1969zpelsulotzr6 .ic_left:after,#ic_21il1969zpelsulotzr6 .ic_right:after{border-color:#ecf0f1; background:#ffffff; color:#a1b1bc; }#ic_21il1969zpelsulotzr6 .ic_left:hover,#ic_21il1969zpelsulotzr6 .ic_right:hover,#ic_21il1969zpelsulotzr6 .ic_left:hover:after,#ic_21il1969zpelsulotzr6 .ic_right:hover:after{background:#f9fafb; color:#2c3e50; }#ic_21il1969zpelsulotzr6 .rd_ic_pager a{border-color:#ecf0f1; background:#ffffff; color:#a1b1bc; }#ic_21il1969zpelsulotzr6 .rd_ic_pager a:hover{border-color:#288bd0; background:#288bd0; color:#ffffff; }<\/style><script type=\"text\/javascript\" charset=\"utf-8\">\n\t\t\t\t\n\t\tjQuery.noConflict();\n\t\/\/setup up Carousel\n\t\tjQuery(document).ready(function($) {\t\n\t\t\t\n\t\t\"use strict\";\n\t\t\n\t\t\t$(window).load(function(){\n\t\t$(\"#ic_21il1969zpelsulotzr6 .rd_img_carousel\").carouFredSel({\n\t\t\t\t\t\n\t\t\t\t\tresponsive: true,\n\t\t\t\t\twidth: \"100%\",scroll:  { items:1,duration: 800},\n\t\t\t\t\tauto: true,\n\t\t\t\t\tprev: \"#ic_21il1969zpelsulotzr6 .ic_left\",\n\t\t\t\t\tnext: \"#ic_21il1969zpelsulotzr6 .ic_right\",\n\t\t\t\t\tpagination: \"#ic_21il1969zpelsulotzr6_pager\",\n\t\t\t\t\theight : \"variable\",\n\t\t\t\t\tswipe       : {\n             \t\t   onTouch     : true,\n\t\t               onMouse     : false\n        \t\t    },\n\t\t\t\t\titems: {\n\t\t\t\t\theight : \"variable\",\n\t\t\t\t\t\tvisible: {\n\t\t\t\t\t\t\tmin: 1,\n\t\t\t\t\t\t\tmax: 1\n\t\t\t\t\t\t}\n\t\t\t\t\t}\n\t\t\t\t});\n\t\t\t\t});\n\t\t\t\t});\n\t<\/script><div class=\"rd_img_carousel_ctn  \" id=\"ic_21il1969zpelsulotzr6\"><div class=\"ic_nav\"><div class=\"ic_left\" >Previous<\/div><div class=\"ic_right\" >Next<\/div><\/div><div class=\"rd_img_carousel\"><a href=\"https:\/\/bylebron.com\/wp-content\/uploads\/2021\/12\/bylebron-by-ems-1024x1024.jpg\"  rel=\"prettyPhoto[rel-21il1969zpelsulotzr6]\" ><img loading=\"lazy\" decoding=\"async\" width=\"1920\" height=\"1921\" src=\"https:\/\/bylebron.com\/wp-content\/uploads\/2021\/12\/bylebron-by-ems-e1638453372572.jpg\" class=\"attachment-full\" alt=\"\" title=\"bylebron-by-ems\" srcset=\"https:\/\/bylebron.com\/wp-content\/uploads\/2021\/12\/bylebron-by-ems-e1638453372572.jpg 1920w, https:\/\/bylebron.com\/wp-content\/uploads\/2021\/12\/bylebron-by-ems-e1638453372572-600x600.jpg 600w\" sizes=\"auto, (max-width: 1920px) 100vw, 1920px\" \/><\/a><a href=\"https:\/\/bylebron.com\/wp-content\/uploads\/2021\/12\/foto-corte-by-ems-by-lebron-1024x1024.jpg\"  rel=\"prettyPhoto[rel-21il1969zpelsulotzr6]\" ><img loading=\"lazy\" decoding=\"async\" width=\"1920\" height=\"1919\" src=\"https:\/\/bylebron.com\/wp-content\/uploads\/2021\/12\/foto-corte-by-ems-by-lebron.jpg\" class=\"attachment-full\" alt=\"\" title=\"foto-corte-by-ems-by-lebron\" srcset=\"https:\/\/bylebron.com\/wp-content\/uploads\/2021\/12\/foto-corte-by-ems-by-lebron.jpg 1920w, https:\/\/bylebron.com\/wp-content\/uploads\/2021\/12\/foto-corte-by-ems-by-lebron-300x300.jpg 300w, https:\/\/bylebron.com\/wp-content\/uploads\/2021\/12\/foto-corte-by-ems-by-lebron-1024x1024.jpg 1024w, https:\/\/bylebron.com\/wp-content\/uploads\/2021\/12\/foto-corte-by-ems-by-lebron-150x150.jpg 150w, https:\/\/bylebron.com\/wp-content\/uploads\/2021\/12\/foto-corte-by-ems-by-lebron-768x768.jpg 768w, https:\/\/bylebron.com\/wp-content\/uploads\/2021\/12\/foto-corte-by-ems-by-lebron-1536x1536.jpg 1536w, https:\/\/bylebron.com\/wp-content\/uploads\/2021\/12\/foto-corte-by-ems-by-lebron-570x570.jpg 570w, https:\/\/bylebron.com\/wp-content\/uploads\/2021\/12\/foto-corte-by-ems-by-lebron-600x600.jpg 600w, https:\/\/bylebron.com\/wp-content\/uploads\/2021\/12\/foto-corte-by-ems-by-lebron-100x100.jpg 100w\" sizes=\"auto, (max-width: 1920px) 100vw, 1920px\" \/><\/a><a href=\"https:\/\/bylebron.com\/wp-content\/uploads\/2021\/11\/mini__MG_9915.jpg\"  rel=\"prettyPhoto[rel-21il1969zpelsulotzr6]\" ><img loading=\"lazy\" decoding=\"async\" width=\"900\" height=\"600\" src=\"https:\/\/bylebron.com\/wp-content\/uploads\/2021\/11\/mini__MG_9915.jpg\" class=\"attachment-full\" alt=\"\" title=\"mini__MG_9915\" srcset=\"https:\/\/bylebron.com\/wp-content\/uploads\/2021\/11\/mini__MG_9915.jpg 900w, https:\/\/bylebron.com\/wp-content\/uploads\/2021\/11\/mini__MG_9915-300x200.jpg 300w, https:\/\/bylebron.com\/wp-content\/uploads\/2021\/11\/mini__MG_9915-768x512.jpg 768w, https:\/\/bylebron.com\/wp-content\/uploads\/2021\/11\/mini__MG_9915-600x400.jpg 600w\" sizes=\"auto, (max-width: 900px) 100vw, 900px\" \/><\/a><a href=\"https:\/\/bylebron.com\/wp-content\/uploads\/2021\/11\/mini__MG_0083.jpg\"  rel=\"prettyPhoto[rel-21il1969zpelsulotzr6]\" ><img loading=\"lazy\" decoding=\"async\" width=\"900\" height=\"600\" src=\"https:\/\/bylebron.com\/wp-content\/uploads\/2021\/11\/mini__MG_0083.jpg\" class=\"attachment-full\" alt=\"byems\" title=\"mini__MG_0083\" srcset=\"https:\/\/bylebron.com\/wp-content\/uploads\/2021\/11\/mini__MG_0083.jpg 900w, https:\/\/bylebron.com\/wp-content\/uploads\/2021\/11\/mini__MG_0083-300x200.jpg 300w, https:\/\/bylebron.com\/wp-content\/uploads\/2021\/11\/mini__MG_0083-768x512.jpg 768w, https:\/\/bylebron.com\/wp-content\/uploads\/2021\/11\/mini__MG_0083-600x400.jpg 600w\" sizes=\"auto, (max-width: 900px) 100vw, 900px\" \/><\/a><a href=\"https:\/\/bylebron.com\/wp-content\/uploads\/2021\/11\/mini__MG_9895.jpg\"  rel=\"prettyPhoto[rel-21il1969zpelsulotzr6]\" ><img loading=\"lazy\" decoding=\"async\" width=\"900\" height=\"600\" src=\"https:\/\/bylebron.com\/wp-content\/uploads\/2021\/11\/mini__MG_9895.jpg\" class=\"attachment-full\" alt=\"byems\" title=\"mini__MG_9895\" srcset=\"https:\/\/bylebron.com\/wp-content\/uploads\/2021\/11\/mini__MG_9895.jpg 900w, https:\/\/bylebron.com\/wp-content\/uploads\/2021\/11\/mini__MG_9895-300x200.jpg 300w, https:\/\/bylebron.com\/wp-content\/uploads\/2021\/11\/mini__MG_9895-768x512.jpg 768w, https:\/\/bylebron.com\/wp-content\/uploads\/2021\/11\/mini__MG_9895-600x400.jpg 600w\" sizes=\"auto, (max-width: 900px) 100vw, 900px\" \/><\/a><\/div><div id=\"ic_21il1969zpelsulotzr6_pager\" class=\"rd_ic_pager\"><\/div><\/div>[\/vc_column][\/vc_row]<\/p>\n<\/div>","protected":false},"excerpt":{"rendered":"<p>[vc_row type=\u00a0\u00bbfull-width-content\u00a0\u00bb overlay=\u00a0\u00bb1&Prime; overlay_color=\u00a0\u00bbrgba(0,0,0,0.18)\u00a0\u00bb enable_overlay=\u00a0\u00bbenable_overlay_value\u00a0\u00bb parallax_background=\u00a0\u00bb\u00a0\u00bb css=\u00a0\u00bb.vc_custom_1638450475894{margin-bottom: 0px !important;padding-top: 10% !important;padding-right: 20% !important;padding-bottom: 6% !important;padding-left: 20% !important;background: rgba(2,2,2,0.47) url(https:\/\/bylebron.com\/wp-content\/uploads\/2021\/12\/by_lebron_made_in_spain_opt.jpg?id=5160) !important;background-position: center !important;background-repeat: no-repeat !important;background-size: cover !important;*background-color: rgb(2,2,2) !important;}\u00a0\u00bb][vc_column][vc_custom_heading text=\u00a0\u00bbBY EMS, notre marque blanche\u00a0\u00bb font_container=\u00a0\u00bbtag:h1|font_size:24|text_align:left|color:%23ffffff|line_height:45px\u00a0\u00bb google_fonts=\u00a0\u00bbfont_family:Playfair%20Display%3Aregular%2Citalic%2C700%2C700italic%2C900%2C900italic|font_style:400%20regular%3A400%3Anormal\u00a0\u00bb css=\u00a0\u00bb.vc_custom_1642103502586{margin-bottom: 23px !important;}\u00a0\u00bb][vc_empty_space][\/vc_column][\/vc_row][vc_row parallax_background=\u00a0\u00bb\u00a0\u00bb css=\u00a0\u00bb.vc_custom_1535047309106{margin-bottom: 0px !important;padding-top: 50px !important;}\u00a0\u00bb][vc_column][vc_empty_space height=\u00a0\u00bb55px\u00a0\u00bb][vc_column_text font_size=\u00a0\u00bb20&Prime; line_height=\u00a0\u00bb30&Prime; animation=\u00a0\u00bbrda_bounceInLeft\u00a0\u00bb]BY EMS est notre marque blanche, avec le<br \/><a href=\"https:\/\/bylebron.com\/fr\/by-ems-nuestra-marca-blanca\/\" class=\"more\">Read more<\/a><\/p>\n","protected":false},"author":1,"featured_media":0,"parent":0,"menu_order":0,"comment_status":"closed","ping_status":"closed","template":"","meta":{"footnotes":""},"class_list":["post-5124","page","type-page","status-publish","hentry"],"_links":{"self":[{"href":"https:\/\/bylebron.com\/fr\/wp-json\/wp\/v2\/pages\/5124","targetHints":{"allow":["GET"]}}],"collection":[{"href":"https:\/\/bylebron.com\/fr\/wp-json\/wp\/v2\/pages"}],"about":[{"href":"https:\/\/bylebron.com\/fr\/wp-json\/wp\/v2\/types\/page"}],"author":[{"embeddable":true,"href":"https:\/\/bylebron.com\/fr\/wp-json\/wp\/v2\/users\/1"}],"replies":[{"embeddable":true,"href":"https:\/\/bylebron.com\/fr\/wp-json\/wp\/v2\/comments?post=5124"}],"version-history":[{"count":45,"href":"https:\/\/bylebron.com\/fr\/wp-json\/wp\/v2\/pages\/5124\/revisions"}],"predecessor-version":[{"id":5324,"href":"https:\/\/bylebron.com\/fr\/wp-json\/wp\/v2\/pages\/5124\/revisions\/5324"}],"wp:attachment":[{"href":"https:\/\/bylebron.com\/fr\/wp-json\/wp\/v2\/media?parent=5124"}],"curies":[{"name":"wp","href":"https:\/\/api.w.org\/{rel}","templated":true}]}}