{"id":5142,"date":"2021-11-30T16:54:31","date_gmt":"2021-11-30T15:54:31","guid":{"rendered":"https:\/\/bylebron.com\/?page_id=5142"},"modified":"2022-11-23T15:37:34","modified_gmt":"2022-11-23T14:37:34","slug":"by-shape-ems-nuestro-modelo-estetico","status":"publish","type":"page","link":"https:\/\/bylebron.com\/fr\/by-shape-ems-nuestro-modelo-estetico\/","title":{"rendered":"By SHAPE EMS, notre mod\u00e8le esth\u00e9tique"},"content":{"rendered":"<div class=\"wpb-content-wrapper\"><p>[vc_row type=\u00a0\u00bbfull-width-content\u00a0\u00bb overlay=\u00a0\u00bb1&Prime; overlay_color=\u00a0\u00bbrgba(0,0,0,0.18)\u00a0\u00bb enable_overlay=\u00a0\u00bbenable_overlay_value\u00a0\u00bb parallax_background=\u00a0\u00bb\u00a0\u00bb css=\u00a0\u00bb.vc_custom_1638450518916{margin-bottom: 0px !important;padding-top: 10% !important;padding-right: 20% !important;padding-bottom: 6% !important;padding-left: 20% !important;background: rgba(2,2,2,0.47) url(https:\/\/bylebron.com\/wp-content\/uploads\/2021\/12\/by_lebron_made_in_spain_opt.jpg?id=5160) !important;background-position: center !important;background-repeat: no-repeat !important;background-size: cover !important;*background-color: rgb(2,2,2) !important;}\u00a0\u00bb][vc_column][vc_custom_heading text=\u00a0\u00bb<strong>BY SHAPE EMS, notre mod\u00e8le esth\u00e9tique<\/strong>\u00a0\u00bb font_container=\u00a0\u00bbtag:h1|font_size:24|text_align:left|color:%23ffffff|line_height:45px\u00a0\u00bb google_fonts=\u00a0\u00bbfont_family:Playfair%20Display%3Aregular%2Citalic%2C700%2C700italic%2C900%2C900italic|font_style:400%20regular%3A400%3Anormal\u00a0\u00bb css=\u00a0\u00bb.vc_custom_1642103878436{margin-bottom: 23px !important;}\u00a0\u00bb]<style type=\"text\/css\" >#l_0l3wb2sv2qlltki7l4c0{width:50px;}#l_0l3wb2sv2qlltki7l4c0.sc_line ,#l_0l3wb2sv2qlltki7l4c0 .sc_line {border-top:3px solid #a1b1bc;}#l_0l3wb2sv2qlltki7l4c0.sc_line ,#l_0l3wb2sv2qlltki7l4c0 .sc_line{margin-left:auto!important;}#l_0l3wb2sv2qlltki7l4c0 {margin:0px 0 23px 0; padding:0;}<\/style><div class=\"clearfix\"><\/div><div id=\"l_0l3wb2sv2qlltki7l4c0\"  class=\"sc_line rd_line_bold\" ><\/div>[vc_empty_space][\/vc_column][\/vc_row][vc_row parallax_background=\u00a0\u00bb\u00a0\u00bb css=\u00a0\u00bb.vc_custom_1535047309106{margin-bottom: 0px !important;padding-top: 50px !important;}\u00a0\u00bb][vc_column][vc_empty_space height=\u00a0\u00bb55px\u00a0\u00bb][vc_column_text font_size=\u00a0\u00bb20&Prime; line_height=\u00a0\u00bb30&Prime; animation=\u00a0\u00bbrda_bounceInLeft\u00a0\u00bb]Comme toujours <strong>BY LEBRON<\/strong> s&rsquo;adaptant aux derni\u00e8res tendances et collaborant \u00e0 la croissance de l&rsquo;EMS, cette fois dans l&rsquo;esth\u00e9tique et d&rsquo;une mani\u00e8re tr\u00e8s sp\u00e9cifique.<\/p>\n<p><strong>BY SHAPE<\/strong> c&rsquo;est notre mod\u00e8le esth\u00e9tique, un pantalon avec une ceinture int\u00e9gr\u00e9e pour que seul le bas du corps soit travaill\u00e9 (l&rsquo;abdomen et les bras sont \u00e9galement inclus) et que le client l&rsquo;ex\u00e9cute passivement, quelque chose de tr\u00e8s destin\u00e9 aux femmes et aux zones les plus localis\u00e9es de la corps de travail.[\/vc_column_text][\/vc_column][\/vc_row][vc_row parallax_background=\u00a0\u00bb\u00a0\u00bb css=\u00a0\u00bb.vc_custom_1535048510746{margin-bottom: 0px !important;padding-top: 50px !important;background-color: #ffffff !important;}\u00a0\u00bb][vc_column width=\u00a0\u00bb1\/2&Prime;][vc_single_image image=\u00a0\u00bb5102&Prime; img_size=\u00a0\u00bblarge\u00a0\u00bb alignment=\u00a0\u00bbcenter\u00a0\u00bb style=\u00a0\u00bbvc_box_rounded\u00a0\u00bb][\/vc_column][vc_column width=\u00a0\u00bb1\/2&Prime;][vc_column_text font_size=\u00a0\u00bb20&Prime; line_height=\u00a0\u00bb30&Prime; animation=\u00a0\u00bbrda_bounceInLeft\u00a0\u00bb]<\/p>\n<ul>\n<li><strong>Pantalon en Flex Body<\/strong>: Ceci \u00e9tant un mat\u00e9riau plus l\u00e9ger et plus confortable pour que le client soit allong\u00e9. FLEX BODY TECNOLOGY est un tissu super \u00e9lastique et l\u00e9ger comme une seconde peau, mais en m\u00eame temps r\u00e9sistant et durable, lavable et respirant. Double face, avec poids et finitions sp\u00e9ciales, le lycra externe et le velcro \u00e9lastique interne, pour donner la possibilit\u00e9 de positionner des \u00e9lectrodes mobiles. Notre tissu \u00ab\u00a0Premium\u00a0\u00bb de BY LEBRON. Mod\u00e8le propre ajustant et am\u00e9liorant le contour de la femme.<\/li>\n<li><strong>Ceinture en n\u00e9opr\u00e8ne<\/strong>\u00a0; pour renforcer davantage la ceinture de retenue et soutenir le module d&rsquo;accueil. <strong>NEOPRENE<\/strong> de la plus haute qualit\u00e9, sp\u00e9cial EMS (en raison de son \u00e9paisseur et des mat\u00e9riaux utilis\u00e9s). Egalement double face, le lycra externe et le velcro \u00e9lastique interne, pour donner la possibilit\u00e9 de positionner des \u00e9lectrodes mobiles.R\u00e9sistant, lavable, souple.<\/li>\n<\/ul>\n<p>[\/vc_column_text][\/vc_column][\/vc_row][vc_row css=\u00a0\u00bb.vc_custom_1638277454264{margin-top: 5% !important;}\u00a0\u00bb][vc_column width=\u00a0\u00bb1\/2&Prime; css=\u00a0\u00bb.vc_custom_1638452699820{padding-top: 3% !important;}\u00a0\u00bb][vc_column_text font_size=\u00a0\u00bb20&Prime; line_height=\u00a0\u00bb30&Prime; animation=\u00a0\u00bbrda_bounceInLeft\u00a0\u00bb]<strong>Fabriqu\u00e9 dans nos deux mat\u00e9riaux, <a href=\"https:\/\/bylebron.com\/tejido-flex-body-technology\/\">Flex Body Tecnology<\/a>\u00ae\u00a0 (notre tissu brevet\u00e9) et n\u00e9opr\u00e8ne.<\/strong>[\/vc_column_text][vc_column_text font_size=\u00a0\u00bb20&Prime; line_height=\u00a0\u00bb30&Prime; animation=\u00a0\u00bbrda_bounceInLeft\u00a0\u00bb]<strong>BY SHAPE<\/strong>, complet de guides internes pour les c\u00e2bles. Ces guides imperceptibles cachent les c\u00e2bles et les positionnent jusqu&rsquo;\u00e0 l&rsquo;\u00e9lectrode, r\u00e9sultant en une combinaison propre (ext\u00e9rieur et int\u00e9rieur) et sans possibilit\u00e9 que les \u00e9lectrodes bougent dans la s\u00e9ance ou desserrent un c\u00e2ble, car il reste \u00e0 l&rsquo;int\u00e9rieur et \u00e0 l&rsquo;arri\u00e8re de la combinaison ajust\u00e9e.[\/vc_column_text][vc_empty_space height=\u00a0\u00bb64px\u00a0\u00bb]<style type=\"text\/css\" >#b_5g925aouc722pe5bmbwg a{color:#ffffff; background: #1d96e5; background: -moz-linear-gradient(-45deg,  #1d96e5 0%, #62b1e5 100%); background: -webkit-gradient(linear, left top, right bottom, color-stop(0%,#1d96e5), color-stop(100%,#62b1e5)); background: -webkit-linear-gradient(-45deg,  #1d96e5 0%,#62b1e5 100%); background: -o-linear-gradient(-45deg,  #1d96e5 0%,#62b1e5 100%); background: -ms-linear-gradient(-45deg,  #1d96e5 0%,#62b1e5 100%); background: linear-gradient(135deg,  #1d96e5 0%,#62b1e5 100%); filter: progid:DXImageTransform.Microsoft.gradient( startColorstr=\"#1d96e5\", endColorstr=\"#62b1e5\",GradientType=1 );  margin-top:0px; margin-bottom:0px;  margin-left:0px; margin-right:0px; font-weight:900; border-radius:10px;}#b_5g925aouc722pe5bmbwg a:hover{color:#f2f2f2 ; background: ;}<\/style><div class=\"ta_center tf_btn_pos\" id=\"b_5g925aouc722pe5bmbwg\" ><a class=\"rd_normal_bt medium_rd_bt  \" href=\"\/contacto\" target=\"yes\"   >Demander des informations<\/a><\/div>[\/vc_column][vc_column width=\u00a0\u00bb1\/2&Prime;]<style type=\"text\/css\" >#ic_yzx1n9oad3eqlwo7qdne {margin:0px auto 0px; }#ic_yzx1n9oad3eqlwo7qdne .ic_left,#ic_yzx1n9oad3eqlwo7qdne .ic_right,#ic_yzx1n9oad3eqlwo7qdne .ic_left:after,#ic_yzx1n9oad3eqlwo7qdne .ic_right:after{border-color:#ecf0f1; background:#ffffff; color:#a1b1bc; }#ic_yzx1n9oad3eqlwo7qdne .ic_left:hover,#ic_yzx1n9oad3eqlwo7qdne .ic_right:hover,#ic_yzx1n9oad3eqlwo7qdne .ic_left:hover:after,#ic_yzx1n9oad3eqlwo7qdne .ic_right:hover:after{background:#f9fafb; color:#2c3e50; }#ic_yzx1n9oad3eqlwo7qdne .rd_ic_pager a{border-color:#ecf0f1; background:#ffffff; color:#a1b1bc; }#ic_yzx1n9oad3eqlwo7qdne .rd_ic_pager a:hover{border-color:#288bd0; background:#288bd0; color:#ffffff; }<\/style><script type=\"text\/javascript\" charset=\"utf-8\">\n\t\t\t\t\n\t\tjQuery.noConflict();\n\t\/\/setup up Carousel\n\t\tjQuery(document).ready(function($) {\t\n\t\t\t\n\t\t\"use strict\";\n\t\t\n\t\t\t$(window).load(function(){\n\t\t$(\"#ic_yzx1n9oad3eqlwo7qdne .rd_img_carousel\").carouFredSel({\n\t\t\t\t\t\n\t\t\t\t\tresponsive: true,\n\t\t\t\t\twidth: \"100%\",scroll:  { items:1,duration: 800},\n\t\t\t\t\tauto: true,\n\t\t\t\t\tprev: \"#ic_yzx1n9oad3eqlwo7qdne .ic_left\",\n\t\t\t\t\tnext: \"#ic_yzx1n9oad3eqlwo7qdne .ic_right\",\n\t\t\t\t\tpagination: \"#ic_yzx1n9oad3eqlwo7qdne_pager\",\n\t\t\t\t\theight : \"variable\",\n\t\t\t\t\tswipe       : {\n             \t\t   onTouch     : true,\n\t\t               onMouse     : false\n        \t\t    },\n\t\t\t\t\titems: {\n\t\t\t\t\theight : \"variable\",\n\t\t\t\t\t\tvisible: {\n\t\t\t\t\t\t\tmin: 1,\n\t\t\t\t\t\t\tmax: 1\n\t\t\t\t\t\t}\n\t\t\t\t\t}\n\t\t\t\t});\n\t\t\t\t});\n\t\t\t\t});\n\t<\/script><div class=\"rd_img_carousel_ctn  \" id=\"ic_yzx1n9oad3eqlwo7qdne\"><div class=\"rd_img_carousel\"><a href=\"https:\/\/bylebron.com\/wp-content\/uploads\/2021\/11\/mini__DSF6275b2.jpg\"  rel=\"prettyPhoto[rel-yzx1n9oad3eqlwo7qdne]\" ><img loading=\"lazy\" decoding=\"async\" width=\"441\" height=\"600\" src=\"https:\/\/bylebron.com\/wp-content\/uploads\/2021\/11\/mini__DSF6275b2.jpg\" class=\"attachment-full\" alt=\"byshape\" title=\"mini__DSF6275b2\" srcset=\"https:\/\/bylebron.com\/wp-content\/uploads\/2021\/11\/mini__DSF6275b2.jpg 441w, https:\/\/bylebron.com\/wp-content\/uploads\/2021\/11\/mini__DSF6275b2-221x300.jpg 221w\" sizes=\"auto, (max-width: 441px) 100vw, 441px\" \/><\/a><a href=\"https:\/\/bylebron.com\/wp-content\/uploads\/2021\/11\/mini__DSF6320b.jpg\"  rel=\"prettyPhoto[rel-yzx1n9oad3eqlwo7qdne]\" ><img loading=\"lazy\" decoding=\"async\" width=\"400\" height=\"600\" src=\"https:\/\/bylebron.com\/wp-content\/uploads\/2021\/11\/mini__DSF6320b.jpg\" class=\"attachment-full\" alt=\"byshape\" title=\"mini__DSF6320b\" srcset=\"https:\/\/bylebron.com\/wp-content\/uploads\/2021\/11\/mini__DSF6320b.jpg 400w, https:\/\/bylebron.com\/wp-content\/uploads\/2021\/11\/mini__DSF6320b-200x300.jpg 200w\" sizes=\"auto, (max-width: 400px) 100vw, 400px\" \/><\/a><a href=\"https:\/\/bylebron.com\/wp-content\/uploads\/2021\/11\/mini__DSF6331b.jpg\"  rel=\"prettyPhoto[rel-yzx1n9oad3eqlwo7qdne]\" ><img loading=\"lazy\" decoding=\"async\" width=\"400\" height=\"600\" src=\"https:\/\/bylebron.com\/wp-content\/uploads\/2021\/11\/mini__DSF6331b.jpg\" class=\"attachment-full\" alt=\"byshape bylebron\" title=\"mini__DSF6331b\" srcset=\"https:\/\/bylebron.com\/wp-content\/uploads\/2021\/11\/mini__DSF6331b.jpg 400w, https:\/\/bylebron.com\/wp-content\/uploads\/2021\/11\/mini__DSF6331b-200x300.jpg 200w\" sizes=\"auto, (max-width: 400px) 100vw, 400px\" \/><\/a><a href=\"https:\/\/bylebron.com\/wp-content\/uploads\/2021\/12\/DSF6511b-vertical-op-819x1024.jpg\"  rel=\"prettyPhoto[rel-yzx1n9oad3eqlwo7qdne]\" ><img loading=\"lazy\" decoding=\"async\" width=\"1920\" height=\"2400\" src=\"https:\/\/bylebron.com\/wp-content\/uploads\/2021\/12\/DSF6511b-vertical-op.jpg\" class=\"attachment-full\" alt=\"byshape\" title=\"_DSF6511b vertical op\" srcset=\"https:\/\/bylebron.com\/wp-content\/uploads\/2021\/12\/DSF6511b-vertical-op.jpg 1920w, https:\/\/bylebron.com\/wp-content\/uploads\/2021\/12\/DSF6511b-vertical-op-240x300.jpg 240w, https:\/\/bylebron.com\/wp-content\/uploads\/2021\/12\/DSF6511b-vertical-op-819x1024.jpg 819w, https:\/\/bylebron.com\/wp-content\/uploads\/2021\/12\/DSF6511b-vertical-op-768x960.jpg 768w, https:\/\/bylebron.com\/wp-content\/uploads\/2021\/12\/DSF6511b-vertical-op-1229x1536.jpg 1229w, https:\/\/bylebron.com\/wp-content\/uploads\/2021\/12\/DSF6511b-vertical-op-1638x2048.jpg 1638w, https:\/\/bylebron.com\/wp-content\/uploads\/2021\/12\/DSF6511b-vertical-op-600x750.jpg 600w\" sizes=\"auto, (max-width: 1920px) 100vw, 1920px\" \/><\/a><\/div><div id=\"ic_yzx1n9oad3eqlwo7qdne_pager\" class=\"rd_ic_pager\"><\/div><\/div>[\/vc_column][\/vc_row]<\/p>\n<\/div>","protected":false},"excerpt":{"rendered":"<p>[vc_row type=\u00a0\u00bbfull-width-content\u00a0\u00bb overlay=\u00a0\u00bb1&Prime; overlay_color=\u00a0\u00bbrgba(0,0,0,0.18)\u00a0\u00bb enable_overlay=\u00a0\u00bbenable_overlay_value\u00a0\u00bb parallax_background=\u00a0\u00bb\u00a0\u00bb css=\u00a0\u00bb.vc_custom_1638450518916{margin-bottom: 0px !important;padding-top: 10% !important;padding-right: 20% !important;padding-bottom: 6% !important;padding-left: 20% !important;background: rgba(2,2,2,0.47) url(https:\/\/bylebron.com\/wp-content\/uploads\/2021\/12\/by_lebron_made_in_spain_opt.jpg?id=5160) !important;background-position: center !important;background-repeat: no-repeat !important;background-size: cover !important;*background-color: rgb(2,2,2) !important;}\u00a0\u00bb][vc_column][vc_custom_heading text=\u00a0\u00bbBY SHAPE EMS, notre mod\u00e8le esth\u00e9tique\u00a0\u00bb font_container=\u00a0\u00bbtag:h1|font_size:24|text_align:left|color:%23ffffff|line_height:45px\u00a0\u00bb google_fonts=\u00a0\u00bbfont_family:Playfair%20Display%3Aregular%2Citalic%2C700%2C700italic%2C900%2C900italic|font_style:400%20regular%3A400%3Anormal\u00a0\u00bb css=\u00a0\u00bb.vc_custom_1642103878436{margin-bottom: 23px !important;}\u00a0\u00bb][vc_empty_space][\/vc_column][\/vc_row][vc_row parallax_background=\u00a0\u00bb\u00a0\u00bb css=\u00a0\u00bb.vc_custom_1535047309106{margin-bottom: 0px !important;padding-top: 50px !important;}\u00a0\u00bb][vc_column][vc_empty_space height=\u00a0\u00bb55px\u00a0\u00bb][vc_column_text font_size=\u00a0\u00bb20&Prime; line_height=\u00a0\u00bb30&Prime; animation=\u00a0\u00bbrda_bounceInLeft\u00a0\u00bb]Comme toujours BY LEBRON s&rsquo;adaptant aux derni\u00e8res<br \/><a href=\"https:\/\/bylebron.com\/fr\/by-shape-ems-nuestro-modelo-estetico\/\" class=\"more\">Read more<\/a><\/p>\n","protected":false},"author":1,"featured_media":0,"parent":0,"menu_order":0,"comment_status":"closed","ping_status":"closed","template":"","meta":{"footnotes":""},"class_list":["post-5142","page","type-page","status-publish","hentry"],"_links":{"self":[{"href":"https:\/\/bylebron.com\/fr\/wp-json\/wp\/v2\/pages\/5142","targetHints":{"allow":["GET"]}}],"collection":[{"href":"https:\/\/bylebron.com\/fr\/wp-json\/wp\/v2\/pages"}],"about":[{"href":"https:\/\/bylebron.com\/fr\/wp-json\/wp\/v2\/types\/page"}],"author":[{"embeddable":true,"href":"https:\/\/bylebron.com\/fr\/wp-json\/wp\/v2\/users\/1"}],"replies":[{"embeddable":true,"href":"https:\/\/bylebron.com\/fr\/wp-json\/wp\/v2\/comments?post=5142"}],"version-history":[{"count":42,"href":"https:\/\/bylebron.com\/fr\/wp-json\/wp\/v2\/pages\/5142\/revisions"}],"predecessor-version":[{"id":5397,"href":"https:\/\/bylebron.com\/fr\/wp-json\/wp\/v2\/pages\/5142\/revisions\/5397"}],"wp:attachment":[{"href":"https:\/\/bylebron.com\/fr\/wp-json\/wp\/v2\/media?parent=5142"}],"curies":[{"name":"wp","href":"https:\/\/api.w.org\/{rel}","templated":true}]}}