{"id":96,"date":"2015-05-24T17:39:12","date_gmt":"2015-05-24T17:39:12","guid":{"rendered":"http:\/\/thefoxtrending.wpengine.com\/?page_id=96"},"modified":"2018-10-26T12:54:23","modified_gmt":"2018-10-26T11:54:23","slug":"blog","status":"publish","type":"page","link":"https:\/\/bylebron.com\/fr\/blog\/","title":{"rendered":"Blog"},"content":{"rendered":"<div class=\"wpb-content-wrapper\"><p>[vc_row type=\u00a0\u00bbfull-width-section\u00a0\u00bb parallax_background=\u00a0\u00bb1&Prime; css=\u00a0\u00bb.vc_custom_1535993826829{margin-bottom: 0px !important;padding-top: 95px !important;padding-bottom: 65px !important;background-color: #68b1e2 !important;background-position: center !important;background-repeat: no-repeat !important;background-size: cover !important;}\u00a0\u00bb font_color=\u00a0\u00bb#ffffff\u00a0\u00bb][vc_column][vc_custom_heading text=\u00a0\u00bbBlog\u00a0\u00bb font_container=\u00a0\u00bbtag:h1|font_size:30|text_align:center|color:%23ffffff|line_height:32px\u00a0\u00bb google_fonts=\u00a0\u00bbfont_family:Raleway%3A100%2C200%2C300%2Cregular%2C500%2C600%2C700%2C800%2C900|font_style:900%20bold%20regular%3A900%3Anormal\u00a0\u00bb css=\u00a0\u00bb.vc_custom_1535993737613{margin-bottom: 10px !important;}\u00a0\u00bb el_class=\u00a0\u00bbtext_uppercase letterspacing-2-5&Prime;]<style type=\"text\/css\" >#l_0ezcip3mvstr73oqyses{width:50px;}#l_0ezcip3mvstr73oqyses.sc_line ,#l_0ezcip3mvstr73oqyses .sc_line {border-top:3px solid #ffffff;}#l_0ezcip3mvstr73oqyses.sc_line ,#l_0ezcip3mvstr73oqyses .sc_line{margin-left:auto!important; margin-right:auto!important;}#l_0ezcip3mvstr73oqyses {margin:3px 0 12px 0; padding:0;}<\/style><div class=\"clearfix\"><\/div><div id=\"l_0ezcip3mvstr73oqyses\"  class=\"sc_line rd_line_bold\" ><\/div>[vc_column_text]<\/p>\n<p style=\"text-align: center;\">Notre blog a \u00e9t\u00e9 con\u00e7u pour que vous sachiez tout concernant l&rsquo;\u00e9lectrostimulation\u00a0: entra\u00eenements, curiosit\u00e9s, actualit\u00e9s, conseils&#8230;<br \/>\nVous voulez en savoir plus\u00a0?<\/p>\n<p>[\/vc_column_text][\/vc_column][\/vc_row][vc_row type=\u00a0\u00bbfull-width-section\u00a0\u00bb parallax_background=\u00a0\u00bb\u00a0\u00bb css=\u00a0\u00bb.vc_custom_1432556706096{margin-bottom: 0px !important;padding-top: 100px !important;padding-bottom: 40px !important;background-color: #f9fafb !important;}\u00a0\u00bb][vc_column]<style type=\"text\/css\" >.post-title h2 a{color:#3d404b;}.post-title h2 a:hover{color:#2f2933;}.post,.post .post-info a{color:#a1b1bc;}.mejs-container .mejs-controls,.audio_ctn{background:#a1b1bc !important;}.post_quote_text,.post_quote_author{background:#2f2933; color:#ffffff;}.post a{color:#0089e2;}.post a:hover,.post .post-info a:hover{color:#2f2933;}.post .more-link{color:#3d404b; border:1px solid #3d404b;}.post .more-link:hover{background:#3d404b; color:#ffffff;}.mejs-controls .mejs-time-rail .mejs-time-current{background:#3d404b !important;}.post .post-info{border-bottom:1px solid #f1f5f6;}.blog_load_more_cont .btn_load_more{background:#2f2933; color:#ffffff; border:1px solid #2f2933;}.blog_load_more_cont .btn_load_more .refresh_icn:before{color:#ffffff;}.blog_load_more_cont .btn_load_more:hover{background:#0089e2; color:#ffffff; border:1px solid #0089e2;}.blog_load_more_cont .btn_load_more:hover .refresh_icn:before{color:#ffffff;}.navigation .pagination span,.navigation .pagination a{border:1px solid #ecf0f1; color:#a1b1bc; background:#ffffff;}.navigation .pagination .current,.navigation .pagination span:hover,.navigation .pagination a:hover{ color:#ffffff !important; background:#222533; border:1px solid #222533; }.navigation{border-top:1px solid #ecf0f1;}.pagination_current_position{color:#a1b1bc;}.standard_trend_post_wrapper .post-title h2:after{color:#a1b1bc;}.standard_trend_post_wrapper .post-info,.standard_trend_post_wrapper .post-info a{color:#0089e2;}.standard_trend_post_wrapper .more{background:#2f2933; color:#fff;}.standard_trend_post_wrapper .more:hover{background:#0089e2; color:#fff;}.standard_trend_post_wrapper .post-info-bottom{border-top:1px solid #f1f5f6; color:#a1b1bc;}.standard_trend_post_wrapper .post-info-bottom a{color:#a1b1bc;}.masonry_post_wrapper,.masonry_post_wrapper .post-info a,.masonry_post_wrapper .post-bottom-info a{color:#a1b1bc;}.masonry_post_wrapper a{color:#0089e2;}.masonry_post_wrapper a:hover,.masonry_post_wrapper .post-info a:hover,.masonry_post_wrapper .post-bottom-info a:hover{color:#2f2933;}.masonry_post_wrapper .more-link{color:#3d404b; border:1px solid #3d404b;}.masonry_post_wrapper .more-link:hover{background:#3d404b; color:#ffffff;}.masonry_post_wrapper{background:#ffffff; border:1px solid #f1f5f6;}.masonry_post_wrapper .post-info{border-bottom:1px solid #f1f5f6;}.masonry_post_wrapper .post-bottom-info{border-top:1px solid #f1f5f6;}.masonry_post_wrapper .flex-direction-nav li a{color:#3d404b; background:#ffffff;}.post_masonry .more-link,.post_timeline .more{color:#ffffff; border:1px solid #3d404b; background:#3d404b}.post_masonry .more-link:hover{background:#2f2933; color:#ffffff; border:1px solid #2f2933;}.grid_blog_post .more{color:#3d404b; border:1px solid #3d404b; background:#ffffff}.grid_blog_post .more:hover{background:#3d404b; color:#ffffff; border:1px solid #3d404b;}.post.multi_author_post .more-link{color:#3d404b;  background:none; border:none;}.post.multi_author_post .more-link:hover{color:#2f2933; background:none; border:none; }.trending_post_wrapper,.standard_trend_post_wrapper{background:#ffffff; border:1px solid #f1f5f6}div.post_timeline:after,div.post_timeline:before{background:#ffffff; box-shadow: 0 0 0 3px #ffffff; border:1px solid #0089e2}.timeline_ctn .v_line{background: #288bd0; background: -moz-linear-gradient(top, #288bd0 1%, #2396e6 100%); background: -webkit-gradient(linear, left top, left bottom, color-stop(1%,#288bd0), color-stop(100%,#2396e6)); background: -webkit-linear-gradient(top, #288bd0 1%,#2396e6 100%); background: -o-linear-gradient(top, #288bd0 1%,#2396e6 100%); background: -ms-linear-gradient(top, #288bd0 1%,#2396e6 100%); background: linear-gradient(to bottom, #288bd0 1%,#2396e6 100%); filter: progid:DXImageTransform.Microsoft.gradient( startColorstr=\"#288bd0\", endColorstr=\"#2396e6\",GradientType=0 );}.timeline_month{background:#ffffff;}.post_timeline .arrow_l,.post_timeline .arrow_r{color:#3d404b;}.post_timeline:hover .arrow_l,.post_timeline:hover .arrow_r{color:#2f2933;}.timeline_pd_l,.timeline_pd_r{background:#3d404b; color:#ffffff;}.timeline_pd_l:before,.timeline_pd_r:before{border-color:transparent #3d404b transparent;}.post-attachement a.blog_img_overlay:before{background:#2f2933;}.masonry_post_wrapper{box-shadow:0 0px 0px #ffffff, 0 10px 0 -1px #ffffff, 0 0px 0px 0px #ffffff,0 0px 0px #ffffff, 0 10px 0 0px #f1f5f6, 0px 0px 0px 0px #ffffff;}.author_date_ctn .rounded_date_ctn{border-color:#ffffff; color:#ffffff; background:#3d404b;}.multi_author_post:hover .rounded_date_ctn,.author_date_ctn:before{background:#0089e2;}.multi_author_ctn,.multi_author_ctn:after,.author_date_ctn img{background:#ffffff; border:1px solid #f1f5f6; }.business_author_post .post_b_author a{color:#3d404b; }.business_author_post .post_b_date{color:#999999; }.business_author_post .entry,.business_author_post .entry p{color:#a1b1bc; }.business_author_post .post_b_category a{background:#f6f7f8; border:1px solid #f1f5f6; color:#999999; }.business_author_post .post-info a:first-child{color:#0089e2; }.business_author_post .post-info a:hover:first-child{color:#3d404b; }.business_author_post .post-info a,.business_author_post .post-info{color:#999999;}.business_author_post .post-info a:hover,.business_author_post .post_b_author a:hover{color:#2f2933;}.business_author_post .post_quote_author,.business_author_post .post_quote_text:after,.business_author_post .post_quote_text{background:#0089e2; color:#ffffff;}<\/style><script>\n\n\n\njQuery.noConflict();\n\n\n\njQuery(document).ready(function($){\n\t\"use strict\";\n\n\n\n   \/*!!!!!!!!!!!!!!!!!!!!!!!!!!!!!!!!CONFIG!!!!!!!!!!!!!!!!!!!!!!!!!!!!!!!!!!!*\/\n\n                var html_template = \"type4\";\n                var column = \"blog_2_col\";\n                var cat = \"all\";\n                var tn_size = \"\";\n                var more_option = \"cutted\";\n\t\t\t\tvar order = \"DESC\";\n\t\t\t\tvar orderby = \"date\";\n\t\t\t\tvar now_open_works = 0;\n                var first_load = true;\n\n   \/*!!!!!!!!!!!!!!!!!!!!!!!!!!!!!!!!CONFIG!!!!!!!!!!!!!!!!!!!!!!!!!!!!!!!!!!!*\/\n\n                function get_blog_posts (this_obj) {\n\n                    if(typeof(this_obj)==\"undefined\") {data_option_value=\"*\";}\n                    else {var data_option_value = this_obj.attr(\"data-option-value\");}\n\n                    if (first_load == true) {\n\n                        var works_per_load = 5;\n                        first_load = false;\n\n                    } else {\n\n                        var works_per_load = 4;\n\n                    }\n\n                    $.ajax({\n\n                        type: \"POST\",\n                        url: mixajaxurl,\n                        data: \"html_template=\"+html_template+\"&now_open_works=\"+now_open_works+\"&action=get_blog_posts\"+\"&works_per_load=\"+works_per_load+\"&column=\"+column+\"&first_load=\"+first_load+\"&category=\"+cat+\"&tn_size=\"+tn_size+\"&more_option=\"+more_option+\"&order=\"+order+\"&orderby=\"+orderby+\"\",\n                        success: function(result){\n\n\t                            if(result.length<1){\n                                $(\".rd_bqg9lbbmhs3ug9t6cgao.blog_load_more_cont a\").html(\"No more posts\");\n\t                            }\n\n                            now_open_works = now_open_works + works_per_load;\n\t\t\t\t\t\t\tfirst_load = false;\n                            var $newItems = $(result);\n                            $(\"#rd_bqg9lbbmhs3ug9t6cgao\").isotope( 'insert', $newItems, function() {\n                            $(\"#rd_bqg9lbbmhs3ug9t6cgao\").ready(function(){\n                            $(\"#rd_bqg9lbbmhs3ug9t6cgao\").isotope('layout');\n\n                            \/\/Blog\n                            $('#rd_bqg9lbbmhs3ug9t6cgao .isotope-item').each(function(){\n                            $(this).css('margin-top', Math.floor(-1*($(this).height()\/2))+'px');\n                            });\n                            });\n\n\n                               $(\"#rd_bqg9lbbmhs3ug9t6cgao\").isotope('layout');\n\n\t\t\t\t\t\t\t   $(window).trigger('resize');\n\n\t\t\t\t\t\t\t});\n\n\n$(\".wpb_row:empty\").remove();\n$(\".wpb_column:empty\").remove();\n$(\".wpb_wrapper:empty\").remove();\n$(\".post-attachement\").fitVids();\n$(\".entry\").fitVids();\n$(\".video_sc\").fitVids();\n\/* global mejs, _wpmejsSettings *\/\n\t\/\/ add mime-type aliases to MediaElement plugin support\n\tmejs.plugins.silverlight[0].types.push('video\/x-ms-wmv');\n\tmejs.plugins.silverlight[0].types.push('audio\/x-ms-wma');\n\n\t$(function () {\n\t\tvar settings = {};\n\n\t\tif ( typeof _wpmejsSettings !== 'undefined' ) {\n\t\t\tsettings = _wpmejsSettings;\n\t\t}\n\n\t\tsettings.success = function (mejs) {\n\t\t\tvar autoplay, loop;\n\n\t\t\tif ( 'flash' === mejs.pluginType ) {\n\t\t\t\tautoplay = mejs.attributes.autoplay && 'false' !== mejs.attributes.autoplay;\n\t\t\t\tloop = mejs.attributes.loop && 'false' !== mejs.attributes.loop;\n\n\t\t\t\tautoplay && mejs.addEventListener( 'canplay', function () {\n\t\t\t\t\tmejs.play();\n\t\t\t\t}, false );\n\n\t\t\t\tloop && mejs.addEventListener( 'ended', function () {\n\t\t\t\t\tmejs.play();\n\t\t\t\t}, false );\n\t\t\t}\n\t\t};\n\n\t\t$('.wp-audio-shortcode, .wp-video-shortcode').mediaelementplayer( settings );\n\t});\n\n$('.wp-audio-shortcode').removeClass('wp-audio-shortcode');\n$('.flexslider').flexslider({\nanimation: \"slide\",              \/\/String: Select your animation type, \"fade\" or \"slide\"\nslideDirection: \"horizontal\",\ndirectionNav: true,\nstart: function(slider){ \/\/ init the height of the first item on start\nvar $new_height = slider.slides.eq().height();\nslider.height($new_height);\n},\n\nbefore: function(slider){ \/\/ init the height of the next item before slide\nvar $new_height = slider.slides.eq(slider.animatingTo).height();\nif($new_height != slider.height()){\nslider.animate({ height: $new_height  }, 400);\n\n}\n}\n\n});\n$('.zilla-likes').unbind().bind('click',\n    function() {\n        var link = j$(this);\n        if(link.hasClass('active')) return false;\n\n        var id = $(this).attr('id'),\n            postfix = link.find('.zilla-likes-postfix').text();\n\n        $.post(zilla_likes.ajaxurl, { action:'zilla-likes', likes_id:id, postfix:postfix }, function(data){\n            link.html(data).addClass('active').attr('title','You already like this');\n        });\n\n        return false;\n    });\n\nif( $('body.ajax-zilla-likes').length ) {\n    $('.zilla-likes').each(function(){\n        var id = $(this).attr('id');\n        $(this).load(zilla_likes.ajaxurl, { action:'zilla-likes', post_id:id });\n    });\n}\n\n                           $('a.prettyPhoto').prettyPhoto();\n\n\t\t\t\t\t\t\t$(\".refresh_icn\").removeClass(\"fa-spin\");\n\t\t\t\t\t\t\t$(\".refresh_icn\").removeClass(\"fa-refresh\");\n\t\t\t\t\t\t\t$(\".refresh_icn\").addClass(\"fa-plus\");\n\n                    }\n\n                    });\n\n\t\t\t\t}\n\n                $(\".get_blog_posts_btn\").click(function(){\n\t\t\t\t$(\".refresh_icn\").removeClass(\"fa-plus\");\n\t\t\t\t$(\".refresh_icn\").addClass(\"fa-refresh\");\n                $(\".refresh_icn\").addClass(\"fa-spin\");\n                get_blog_posts();\n\t\t\t\t\t$(\".masonry_ctn\").isotope('layout');\n\n\t\t\t\treturn false;\n\n                });\n\n\n               \/* load at start *\/\n\n                $(window).load(function(){\n\n                get_blog_posts();\n\n\n\n\n$('.masonry_ctn').isotope({\n  \/\/ options\n  itemSelector : '.ajax_post',\n  layoutMode : 'masonry'\n});\n\n\nfunction watchblog() {\n\n$(\".masonry_ctn\").isotope({\n  \/\/ options\n  itemSelector : '.ajax_post',\n  layoutMode : 'masonry'\n});\n\n}\n\nsetInterval(watchblog, 100);\n\n});});\n\n\n<\/script>\n<div id=\"rd_bqg9lbbmhs3ug9t6cgao\" class=\"masonry_ctn grid_post ajax_blog\">\n<div class=\"blog_load_more_cont rd_bqg9lbbmhs3ug9t6cgao\"><a class=\"btn_load_more get_blog_posts_btn\" href=\"#\"><span class=\"fa-plus refresh_icn\"><\/span>Load More<\/a><\/div><\/div><div class=\"clear\"><!-- ClearFix --><\/div>[\/vc_column][\/vc_row]<\/p>\n<\/div>","protected":false},"excerpt":{"rendered":"<p>[vc_row type=\u00a0\u00bbfull-width-section\u00a0\u00bb parallax_background=\u00a0\u00bb1&Prime; css=\u00a0\u00bb.vc_custom_1535993826829{margin-bottom: 0px !important;padding-top: 95px !important;padding-bottom: 65px !important;background-color: #68b1e2 !important;background-position: center !important;background-repeat: no-repeat !important;background-size: cover !important;}\u00a0\u00bb font_color=\u00a0\u00bb#ffffff\u00a0\u00bb][vc_column][vc_custom_heading text=\u00a0\u00bbBlog\u00a0\u00bb font_container=\u00a0\u00bbtag:h1|font_size:30|text_align:center|color:%23ffffff|line_height:32px\u00a0\u00bb google_fonts=\u00a0\u00bbfont_family:Raleway%3A100%2C200%2C300%2Cregular%2C500%2C600%2C700%2C800%2C900|font_style:900%20bold%20regular%3A900%3Anormal\u00a0\u00bb css=\u00a0\u00bb.vc_custom_1535993737613{margin-bottom: 10px !important;}\u00a0\u00bb el_class=\u00a0\u00bbtext_uppercase letterspacing-2-5&Prime;][vc_column_text] Notre blog a \u00e9t\u00e9 con\u00e7u pour que vous sachiez tout concernant l&rsquo;\u00e9lectrostimulation\u00a0: entra\u00eenements, curiosit\u00e9s, actualit\u00e9s, conseils&#8230; Vous voulez en savoir plus\u00a0? [\/vc_column_text][\/vc_column][\/vc_row][vc_row type=\u00a0\u00bbfull-width-section\u00a0\u00bb parallax_background=\u00a0\u00bb\u00a0\u00bb css=\u00a0\u00bb.vc_custom_1432556706096{margin-bottom: 0px !important;padding-top: 100px<br \/><a href=\"https:\/\/bylebron.com\/fr\/blog\/\" class=\"more\">Read more<\/a><\/p>\n","protected":false},"author":4,"featured_media":0,"parent":0,"menu_order":0,"comment_status":"closed","ping_status":"closed","template":"","meta":{"footnotes":""},"class_list":["post-96","page","type-page","status-publish","hentry"],"_links":{"self":[{"href":"https:\/\/bylebron.com\/fr\/wp-json\/wp\/v2\/pages\/96","targetHints":{"allow":["GET"]}}],"collection":[{"href":"https:\/\/bylebron.com\/fr\/wp-json\/wp\/v2\/pages"}],"about":[{"href":"https:\/\/bylebron.com\/fr\/wp-json\/wp\/v2\/types\/page"}],"author":[{"embeddable":true,"href":"https:\/\/bylebron.com\/fr\/wp-json\/wp\/v2\/users\/4"}],"replies":[{"embeddable":true,"href":"https:\/\/bylebron.com\/fr\/wp-json\/wp\/v2\/comments?post=96"}],"version-history":[{"count":11,"href":"https:\/\/bylebron.com\/fr\/wp-json\/wp\/v2\/pages\/96\/revisions"}],"predecessor-version":[{"id":3632,"href":"https:\/\/bylebron.com\/fr\/wp-json\/wp\/v2\/pages\/96\/revisions\/3632"}],"wp:attachment":[{"href":"https:\/\/bylebron.com\/fr\/wp-json\/wp\/v2\/media?parent=96"}],"curies":[{"name":"wp","href":"https:\/\/api.w.org\/{rel}","templated":true}]}}