{"id":5017,"date":"2021-05-18T12:42:21","date_gmt":"2021-05-18T11:42:21","guid":{"rendered":"https:\/\/bylebron.com\/?post_type=product&#038;p=5017"},"modified":"2025-03-10T18:13:41","modified_gmt":"2025-03-10T17:13:41","slug":"pack-electrodos-brazos-y-cable","status":"publish","type":"product","link":"https:\/\/bylebron.com\/fr\/producto\/pack-electrodos-brazos-y-cable\/","title":{"rendered":"Pack electrodos, brazos y cable"},"content":{"rendered":"<p><strong>Pensado para que puedas reutilizar tus chaleco, este pack se compone de: 16 electrodos interiores + par de brazos + cableado compatible<\/strong><\/p>\n<p><span style=\"color: #333399;\">ELECTRODOS<\/span><\/p>\n<p>Se posicionan sobre velcro hembra o suave.<\/p>\n<p>Se adaptan al tejido con tanta naturalidad que creer\u00e1s no llevar nada, pero con una intensidad de descarga superior.<\/p>\n<p>Finos, flexibles, lavables, movibles y con gran agarre en la superficie total del electrodo.<br \/>\nGran absorci\u00f3n de agua gracias a las fibras naturales, hacen que solo se humedezcan los electrodos, no el traje.<br \/>\nR\u00e1pido secado que lo hace libre de olores.<br \/>\nRibeteados, para evitar que el impulso se pase de unos a otros electrodos.<br \/>\nConfeccionados en 4 tama\u00f1os adaptados a cada musculo.<br \/>\n\u2022 N\u00ba1 ; 17 x 10 cm =Dorsales y abdomen<br \/>\n\u2022 N\u00ba2 ; 14 x 10 cm =Lumbares y gl\u00fateos<br \/>\n\u2022 N\u00ba3 ; 13 x 6\u00a0 cm = Pecho y trapecios<br \/>\n\u2022 N\u00ba4 ; 15 x 8\u00a0 cm =Cu\u00e1driceps y femoral.<\/p>\n<p>Estas indicaciones, de posici\u00f3n de los electrodos de acuerdo a su medida, son seg\u00fan la recomendaci\u00f3n del fabricante, el profesional puede posicionar cada medida de electrodo en el lugar que considere seg\u00fan su criterio.<\/p>\n<p>Pack de electrodos chaleco (10 uds) contiene: cuatro electrodos n\u00ba 1, + dos del n\u00ba2 + cuatro del n\u00ba3<\/p>\n<p>Pack de electrodos culotte (6 uds) contiene: dos electrodos n\u00ba 2 y+ cuatro electrodos n\u00ba 4<\/p>\n<p><span style=\"color: #333399;\">BRAZOS<\/span><\/p>\n<p>Nuestros electrodos est\u00e1n confeccionados para lograr la m\u00e1xima efectividad de los equipos EMS en el entrenamiento. Los diferentes modelos se adaptan a las necesidades de cada uno de nuestros clientes, as\u00ed como a las distintas m\u00e1quinas del mercado. Est\u00e1n fabricados con un material conductor de primera calidad y su intensidad est\u00e1 asegurada.<br \/>\nElite ofrece una mayor resistencia, grosor y duraci\u00f3n est\u00e9tica. Gracias a su dise\u00f1o y materiales, cada talla abarca varias medidas, dando la opci\u00f3n de adaptarlo a varios contornos\/tallas.<br \/>\n\u2022 <strong>Elite I<\/strong> Cuentan con una conexi\u00f3n para poder trabajar el brazo en su totalidad. Gran intensidad de impulso en toda la superficie. Cierre sin hebilla, por velcro, evitando los desagradables pellizcos.<br \/>\n\u2022 <strong>Elite II<\/strong> Con dos conexiones, est\u00e1 elaborado para clientes que trabajan por separado b\u00edceps y tr\u00edceps en brazo.<\/p>\n<p>Medidas:<\/p>\n<p>Contorno 22-38 cm &#8211; XS<br \/>\nContorno 26-42 cm &#8211; S<br \/>\nContorno 33-49 cm &#8211; M<\/p>\n<p><span style=\"color: #333399;\">CABLES<\/span><\/p>\n<p>Nuestro cableado es compatible con todas las marcas de EMS del mercado. Fabricados por un departamento especializado en electroestimulaci\u00f3n, s\u00f3lo tienes que solicitar el modelo que necesites.<br \/>\nCable anti rotura de silicona (flexible, ligero en adaptarse y sin crear formas de vicios que provoquen su rotura)<br \/>\nSnap medico inyectado.<br \/>\nNuestros cables lo forman dos partes;<br \/>\n-Cable base (tren superior y tren inferior)<br \/>\n-Pieza Ramal donde va la configuraci\u00f3n de cada equipo y conecta con el cable base por unos peque\u00f1os conectores intermedios. F\u00e1cil y r\u00e1pido posicionamiento y cambiado.<br \/>\n\u00bfQu\u00e9 conseguimos realizando nuestros cables en dos partes?<br \/>\nEl cable base siempre est\u00e1 posicionado en el traje y es el Ramal (la pieza que lo hace compatible a los distintos equipos) el que cambia, dando la posibilidad de utilizar un mismo chaleco para distintos equipos sin descablear el chaleco, solo cambiando esta pieza. Con esta novedad el profesional cambia de equipo un mismo chaleco de forma r\u00e1pida y minimizando tiempos (en caso de tener varios equipos)<br \/>\nEn caso de sustituci\u00f3n, tienes la opci\u00f3n de cambiar solo la parte necesaria.<br \/>\nEsta pensado y dise\u00f1ado para que tengas menos gastos y economices, tanto a la hora de compra como de las sustituciones.<\/p>\n<p style=\"text-align: center;\"><strong>\u00a0\u00a0\u00a0\u00a0\u00a0\u00a0\u00a0\u00a0\u00a0\u00a0\u00a0\u00a0\u00a0\u00a0\u00a0\u00a0\u00a0\u00a0\u00a0\u00a0\u00a0\u00a0\u00a0\u00a0\u00a0\u00a0\u00a0\u00a0\u00a0\u00a0\u00a0<\/strong><\/p>\n<p style=\"text-align: center;\"><strong>\u00a0\u00a0 PREGUNTAS FRECUENTES<\/strong><\/p>\n<p><strong>\u00a0______________________________________________________________________________________<\/strong><\/p>\n<p><strong>\u00bfPuedo poner los electrodos de otro traje en los chalecos BY LEBRON?&#8230;<\/strong><\/p>\n<p>SI, siempre que los electrodos \u201ctuyos\u201d sean <strong>MOVIBLES<\/strong> y tengan velcro macho\/duro para agarrar al velcro hembra\/suave del interior de nuestro chaleco.<br \/>\n<strong>\u00bfPuedo poner los electrodos BY LEBRON en otro traje que no sea BY LEBRON?<\/strong><\/p>\n<p><strong>SI, siempre que el interior del tejido sea de<\/strong> velcro hembra\/suave para agarrar los electrodos que llevan velcro macho\/ y los electrodos anteriores se puedan sustituir.<\/p>\n<p><strong>\u00bfPuedo poner el cable de otro traje en los chalecos BY LEBRON?<\/strong><\/p>\n<p>Si se puede. Pero puede que las medidas no coincidan, ya que los cables se fabrican para adaptarse al dise\u00f1o de cada chaleco y cada fabricante tenemos distintos dise\u00f1os, es decir, sobrar\u00e1 cable en algunos m\u00fasculos.<\/p>\n<p><strong>\u00bfPuedo poner un cable BY LEBRON en otro traje?<\/strong><\/p>\n<p>Si se puede. Pero puede que las medidas no coincidan, ya que los cables se fabrican para adaptarse al dise\u00f1o de cada chaleco y cada fabricante tenemos distintos dise\u00f1os, es decir, sobrar\u00e1 cable en algunos m\u00fasculos y puede que falte en otros m\u00fasculos.<br \/>\nTe damos seguridad de que la conexi\u00f3n es 100% correcta, la media la tienes que adaptar.<\/p>\n<p><strong>\u00bfPuedo conectar el cable de otro traje\/firma a los electrodos BY LEBRON?<\/strong><\/p>\n<p>Dif\u00edcilmente ya que los cables (parte macho) se conectan al snap del electrodo (parte hembra) y cada fabricante tiene sus propias medidas\/dise\u00f1o de ambos. Pero se han dado casos que han funcionado, es cuesti\u00f3n de probar y en caso contrario ,has de comprar un cable BY LEBRON y asi te seguras la conexi\u00f3n 100% compatible.<\/p>\n<p><strong>\u00bfPuedo conectar el cable BY LEBRON a otros electrodos?<\/strong><\/p>\n<p>Dif\u00edcilmente ya que los cables (parte macho) se conectan al snap del electrodo (parte hembra) y cada fabricante tiene sus propias medidas\/dise\u00f1o de ambos. . Pero se han dado casos que han funcionado, es cuesti\u00f3n de probar y en caso contrario, has de comprar un cable BY LEBRON y as\u00ed te seguras la conexi\u00f3n 100% compatible.<\/p>\n<p><strong>\u00bfPuedo adaptar los chalecos BY LEBRON a pantalones o cintur\u00f3n de otras firmas o viceversa?<\/strong><\/p>\n<p>Si puedes. Al ser piezas separadas las puedes adaptar y nuestros productos. Los pantalones llevan cintur\u00f3n para sujetar en cintura y ajustar electrodos gl\u00fateos.<\/p>\n<p>&nbsp;<\/p>\n<p><strong>*COMPROBAR LAS MEDIDAS SEG\u00daN NUESTRAS TABLAS DE MEDIDAS, CADA FABRICANTE TENEMOS NUESTRAS TALLAS .<\/strong><\/p>\n<p><strong>*NUESTROS CHALECOS LLEVAN GUIAS INTERNAS PARA OCULTAR LOS CABLES, LOS CABLES SE CONECTAN A LOS ELECTRODOS POR EL INTERIOR.<\/strong><\/p>\n","protected":false},"excerpt":{"rendered":"<p><strong>Pensado para que puedas reutilizar tus chaleco, este pack se compone de: 16 electrodos interiores + par de brazos + cableado compatible<\/strong><\/p>\n","protected":false},"featured_media":5858,"comment_status":"closed","ping_status":"closed","template":"","meta":[],"product_brand":[],"product_cat":[140],"product_tag":[125,134,136,119,120],"class_list":{"0":"post-5017","1":"product","2":"type-product","3":"status-publish","4":"has-post-thumbnail","6":"product_cat-accesorios-trajes-ems","7":"product_tag-brazos","8":"product_tag-cables","9":"product_tag-electrodos","10":"product_tag-electroestimulacion","11":"product_tag-ems","13":"first","14":"instock","15":"shipping-taxable","16":"purchasable","17":"product-type-variable"},"_links":{"self":[{"href":"https:\/\/bylebron.com\/fr\/wp-json\/wp\/v2\/product\/5017","targetHints":{"allow":["GET"]}}],"collection":[{"href":"https:\/\/bylebron.com\/fr\/wp-json\/wp\/v2\/product"}],"about":[{"href":"https:\/\/bylebron.com\/fr\/wp-json\/wp\/v2\/types\/product"}],"replies":[{"embeddable":true,"href":"https:\/\/bylebron.com\/fr\/wp-json\/wp\/v2\/comments?post=5017"}],"wp:featuredmedia":[{"embeddable":true,"href":"https:\/\/bylebron.com\/fr\/wp-json\/wp\/v2\/media\/5858"}],"wp:attachment":[{"href":"https:\/\/bylebron.com\/fr\/wp-json\/wp\/v2\/media?parent=5017"}],"wp:term":[{"taxonomy":"product_brand","embeddable":true,"href":"https:\/\/bylebron.com\/fr\/wp-json\/wp\/v2\/product_brand?post=5017"},{"taxonomy":"product_cat","embeddable":true,"href":"https:\/\/bylebron.com\/fr\/wp-json\/wp\/v2\/product_cat?post=5017"},{"taxonomy":"product_tag","embeddable":true,"href":"https:\/\/bylebron.com\/fr\/wp-json\/wp\/v2\/product_tag?post=5017"}],"curies":[{"name":"wp","href":"https:\/\/api.w.org\/{rel}","templated":true}]}}